{"id":3020,"date":"2018-10-02T11:33:50","date_gmt":"2018-10-02T11:33:50","guid":{"rendered":"https:\/\/elmenta.com\/?page_id=3020"},"modified":"2018-10-11T09:35:25","modified_gmt":"2018-10-11T09:35:25","slug":"vanliga-fragor","status":"publish","type":"page","link":"https:\/\/elmenta.com\/sv\/vanliga-fragor\/","title":{"rendered":"Vanliga fr\u00e5gor"},"content":{"rendered":"<div  class='togglecontainer av-av_toggle_container-347a12baf8360a46336ea4ec710de738  avia-builder-el-0  avia-builder-el-no-sibling  toggle_close_all' ><div class='taglist'><div class=\"tag-tab\"><a href=\"#\" data-tag=\"{Alla}\" class=\"activeFilter\">Alla<\/a><span class='tag-seperator'>\/<\/span><\/div><div class=\"tag-tab\"><a href=\"#\" data-tag=\"{...om du \u00e4r kund}\" class=\"\">...om du \u00e4r kund<\/a><span class='tag-seperator'>\/<\/span><\/div><div class=\"tag-tab\"><a href=\"#\" data-tag=\"{...om du \u00e4r \u00f6vers\u00e4ttare\/tj\u00e4nsteleverant\u00f6r}\" class=\"\">...om du \u00e4r \u00f6vers\u00e4ttare\/tj\u00e4nsteleverant\u00f6r<\/a><span class='tag-seperator'>\/<\/span><\/div><\/div>\n<section class='av_toggle_section av-av_toggle-33ca938ab9e35d7fe356df61f5e084f2'  itemscope=\"itemscope\" itemtype=\"https:\/\/schema.org\/CreativeWork\" ><div role=\"tablist\" class=\"single_toggle\" data-tags=\"{Alla} {...om du \u00e4r kund} \"  ><p id='toggle-toggle-id-1' data-fake-id='#toggle-id-1' class='toggler  activeTitle av-title-above '  itemprop=\"headline\"  role='tab' tabindex='0' aria-controls='toggle-id-1' data-slide-speed=\"200\" data-title=\"Vilka spr\u00e5k arbetar ni med?\" data-title-open=\"\" data-aria_collapsed=\"Click to expand: Vilka spr\u00e5k arbetar ni med?\" data-aria_expanded=\"Click to collapse: Vilka spr\u00e5k arbetar ni med?\">Vilka spr\u00e5k arbetar ni med?<span class=\"toggle_icon\"><span class=\"vert_icon\"><\/span><span class=\"hor_icon\"><\/span><\/span><\/p><div id='toggle-id-1' aria-labelledby='toggle-toggle-id-1' role='region' class='toggle_wrap  active_tc av-title-above' style='display:block;' ><div class='toggle_content invers-color '  itemprop=\"text\" ><p>Vi specialiserar oss p\u00e5 \u00f6vers\u00e4ttningar fr\u00e5n engelska, tyska, finska, svenska till estniska, lettiska, litauiska och ryska. Vi tillhandah\u00e5ller \u00e4ven \u00f6vers\u00e4ttningar i andra spr\u00e5kkombinationer.<\/p>\n<\/div><\/div><\/div><\/section>\n<section class='av_toggle_section av-av_toggle-d9f0f1f3213b7176b29bd90ecd464b26'  itemscope=\"itemscope\" itemtype=\"https:\/\/schema.org\/CreativeWork\" ><div role=\"tablist\" class=\"single_toggle\" data-tags=\"{Alla} {...om du \u00e4r kund} \"  ><p id='toggle-toggle-id-2' data-fake-id='#toggle-id-2' class='toggler  av-title-above '  itemprop=\"headline\"  role='tab' tabindex='0' aria-controls='toggle-id-2' data-slide-speed=\"200\" data-title=\"Hur mycket kostar det att \u00f6vers\u00e4tta en sida?\" data-title-open=\"\" data-aria_collapsed=\"Click to expand: Hur mycket kostar det att \u00f6vers\u00e4tta en sida?\" data-aria_expanded=\"Click to collapse: Hur mycket kostar det att \u00f6vers\u00e4tta en sida?\">Hur mycket kostar det att \u00f6vers\u00e4tta en sida?<span class=\"toggle_icon\"><span class=\"vert_icon\"><\/span><span class=\"hor_icon\"><\/span><\/span><\/p><div id='toggle-id-2' aria-labelledby='toggle-toggle-id-2' role='region' class='toggle_wrap  av-title-above'  ><div class='toggle_content invers-color '  itemprop=\"text\" ><p>\u00d6vers\u00e4ttningen av en sida beror p\u00e5 spr\u00e5kkombinationen, textens omr\u00e5de\/sv\u00e5righetsgrad och hur br\u00e5dskande jobbet \u00e4r. F\u00e5 en gratis offert genom att kontakta oss via <a href=\"mailto:sales@elmenta.com\">e-post<\/a>.<\/p>\n<\/div><\/div><\/div><\/section>\n<section class='av_toggle_section av-av_toggle-7cbe8967a08e16f9a0105cd029759350'  itemscope=\"itemscope\" itemtype=\"https:\/\/schema.org\/CreativeWork\" ><div role=\"tablist\" class=\"single_toggle\" data-tags=\"{Alla} {...om du \u00e4r kund} \"  ><p id='toggle-toggle-id-3' data-fake-id='#toggle-id-3' class='toggler  av-title-above '  itemprop=\"headline\"  role='tab' tabindex='0' aria-controls='toggle-id-3' data-slide-speed=\"200\" data-title=\"Hur ber\u00e4knar ni kostnaden f\u00f6r ett projekt?\" data-title-open=\"\" data-aria_collapsed=\"Click to expand: Hur ber\u00e4knar ni kostnaden f\u00f6r ett projekt?\" data-aria_expanded=\"Click to collapse: Hur ber\u00e4knar ni kostnaden f\u00f6r ett projekt?\">Hur ber\u00e4knar ni kostnaden f\u00f6r ett projekt?<span class=\"toggle_icon\"><span class=\"vert_icon\"><\/span><span class=\"hor_icon\"><\/span><\/span><\/p><div id='toggle-id-3' aria-labelledby='toggle-toggle-id-3' role='region' class='toggle_wrap  av-title-above'  ><div class='toggle_content invers-color '  itemprop=\"text\" ><p>\u00d6vers\u00e4ttningskostnaderna beror p\u00e5 spr\u00e5kkombinationen, textens omr\u00e5de\/sv\u00e5righetsgrad och hur br\u00e5dskande jobbet \u00e4r.\u00a0 Vi ber\u00e4knar kostnaderna baserat p\u00e5 textens volym, dvs baserat p\u00e5 antalet ord. Vi anv\u00e4nder specialverktyg f\u00f6r textanalys, och \u00f6vers\u00e4ttningskostnaderna minskar om texten inneh\u00e5ller ett antal upprepningar.<\/p>\n<\/div><\/div><\/div><\/section>\n<section class='av_toggle_section av-av_toggle-87f4c2e4c74396a244e118728376b050'  itemscope=\"itemscope\" itemtype=\"https:\/\/schema.org\/CreativeWork\" ><div role=\"tablist\" class=\"single_toggle\" data-tags=\"{Alla} {...om du \u00e4r kund} \"  ><p id='toggle-toggle-id-4' data-fake-id='#toggle-id-4' class='toggler  av-title-above '  itemprop=\"headline\"  role='tab' tabindex='0' aria-controls='toggle-id-4' data-slide-speed=\"200\" data-title=\"P\u00e5verkar det priset om det \u00e4r ett br\u00e5dskande projekt?\" data-title-open=\"\" data-aria_collapsed=\"Click to expand: P\u00e5verkar det priset om det \u00e4r ett br\u00e5dskande projekt?\" data-aria_expanded=\"Click to collapse: P\u00e5verkar det priset om det \u00e4r ett br\u00e5dskande projekt?\">P\u00e5verkar det priset om det \u00e4r ett br\u00e5dskande projekt?<span class=\"toggle_icon\"><span class=\"vert_icon\"><\/span><span class=\"hor_icon\"><\/span><\/span><\/p><div id='toggle-id-4' aria-labelledby='toggle-toggle-id-4' role='region' class='toggle_wrap  av-title-above'  ><div class='toggle_content invers-color '  itemprop=\"text\" ><p>Ja, f\u00f6r br\u00e5dskande projekt kan en extra avgift p\u00e5 30\u201370 % till\u00e4mpas.<\/p>\n<\/div><\/div><\/div><\/section>\n<section class='av_toggle_section av-av_toggle-74c2dc0f93ad844725013f18be046b0a'  itemscope=\"itemscope\" itemtype=\"https:\/\/schema.org\/CreativeWork\" ><div role=\"tablist\" class=\"single_toggle\" data-tags=\"{Alla} {...om du \u00e4r kund} \"  ><p id='toggle-toggle-id-5' data-fake-id='#toggle-id-5' class='toggler  av-title-above '  itemprop=\"headline\"  role='tab' tabindex='0' aria-controls='toggle-id-5' data-slide-speed=\"200\" data-title=\"Erbjuder ni rabatter?\" data-title-open=\"\" data-aria_collapsed=\"Click to expand: Erbjuder ni rabatter?\" data-aria_expanded=\"Click to collapse: Erbjuder ni rabatter?\">Erbjuder ni rabatter?<span class=\"toggle_icon\"><span class=\"vert_icon\"><\/span><span class=\"hor_icon\"><\/span><\/span><\/p><div id='toggle-id-5' aria-labelledby='toggle-toggle-id-5' role='region' class='toggle_wrap  av-title-above'  ><div class='toggle_content invers-color '  itemprop=\"text\" ><p>Ja det g\u00f6r vi. Rabatterna beror p\u00e5 projektets volym och kan uppg\u00e5 till 10-15 % av projektets belopp. Rabatter f\u00f6rhandlas alltid separat.<\/p>\n<\/div><\/div><\/div><\/section>\n<section class='av_toggle_section av-av_toggle-4f3758422108e9a62b99cd0ed46f02ad'  itemscope=\"itemscope\" itemtype=\"https:\/\/schema.org\/CreativeWork\" ><div role=\"tablist\" class=\"single_toggle\" data-tags=\"{Alla} {...om du \u00e4r kund} \"  ><p id='toggle-toggle-id-6' data-fake-id='#toggle-id-6' class='toggler  av-title-above '  itemprop=\"headline\"  role='tab' tabindex='0' aria-controls='toggle-id-6' data-slide-speed=\"200\" data-title=\"Hur kan vi g\u00f6ra en best\u00e4llning?\" data-title-open=\"\" data-aria_collapsed=\"Click to expand: Hur kan vi g\u00f6ra en best\u00e4llning?\" data-aria_expanded=\"Click to collapse: Hur kan vi g\u00f6ra en best\u00e4llning?\">Hur kan vi g\u00f6ra en best\u00e4llning?<span class=\"toggle_icon\"><span class=\"vert_icon\"><\/span><span class=\"hor_icon\"><\/span><\/span><\/p><div id='toggle-id-6' aria-labelledby='toggle-toggle-id-6' role='region' class='toggle_wrap  av-title-above'  ><div class='toggle_content invers-color '  itemprop=\"text\" ><p>F\u00f6r att g\u00f6ra en best\u00e4llning kontaktar du oss via <a href=\"mailto:sales@elmenta.com\">e-post<\/a>.<\/p>\n<\/div><\/div><\/div><\/section>\n<section class='av_toggle_section av-av_toggle-35358840f9ef0e22ac786487ac7afecc'  itemscope=\"itemscope\" itemtype=\"https:\/\/schema.org\/CreativeWork\" ><div role=\"tablist\" class=\"single_toggle\" data-tags=\"{Alla} {...om du \u00e4r kund} \"  ><p id='toggle-toggle-id-7' data-fake-id='#toggle-id-7' class='toggler  av-title-above '  itemprop=\"headline\"  role='tab' tabindex='0' aria-controls='toggle-id-7' data-slide-speed=\"200\" data-title=\"Vilka format arbetar ni med?\" data-title-open=\"\" data-aria_collapsed=\"Click to expand: Vilka format arbetar ni med?\" data-aria_expanded=\"Click to collapse: Vilka format arbetar ni med?\">Vilka format arbetar ni med?<span class=\"toggle_icon\"><span class=\"vert_icon\"><\/span><span class=\"hor_icon\"><\/span><\/span><\/p><div id='toggle-id-7' aria-labelledby='toggle-toggle-id-7' role='region' class='toggle_wrap  av-title-above'  ><div class='toggle_content invers-color '  itemprop=\"text\" ><p>Vi accepterar materialet f\u00f6r \u00f6vers\u00e4ttningen i olika format &#8211; textfiler (*.txt, *.doc(x), *.ppt(x), *.xls(x), *.pdf etc.) och \u00e4ven video-\/ljudfiler.<\/p>\n<\/div><\/div><\/div><\/section>\n<section class='av_toggle_section av-av_toggle-084a1eefb107b8b194e77b8844a4d21e'  itemscope=\"itemscope\" itemtype=\"https:\/\/schema.org\/CreativeWork\" ><div role=\"tablist\" class=\"single_toggle\" data-tags=\"{Alla} {...om du \u00e4r kund} \"  ><p id='toggle-toggle-id-8' data-fake-id='#toggle-id-8' class='toggler  av-title-above '  itemprop=\"headline\"  role='tab' tabindex='0' aria-controls='toggle-id-8' data-slide-speed=\"200\" data-title=\"Hur betalar jag f\u00f6r best\u00e4llningen?\" data-title-open=\"\" data-aria_collapsed=\"Click to expand: Hur betalar jag f\u00f6r best\u00e4llningen?\" data-aria_expanded=\"Click to collapse: Hur betalar jag f\u00f6r best\u00e4llningen?\">Hur betalar jag f\u00f6r best\u00e4llningen?<span class=\"toggle_icon\"><span class=\"vert_icon\"><\/span><span class=\"hor_icon\"><\/span><\/span><\/p><div id='toggle-id-8' aria-labelledby='toggle-toggle-id-8' role='region' class='toggle_wrap  av-title-above'  ><div class='toggle_content invers-color '  itemprop=\"text\" ><p>Vi accepterar olika betalningsmetoder. Du kan antingen betala genom \u00f6verf\u00f6ring till v\u00e5rt bankkonto eller via olika betalningssystem s\u00e5som PayPal och Skrill.<\/p>\n<\/div><\/div><\/div><\/section>\n<section class='av_toggle_section av-av_toggle-56f0a9419d6342ce839e27c31e7db34c'  itemscope=\"itemscope\" itemtype=\"https:\/\/schema.org\/CreativeWork\" ><div role=\"tablist\" class=\"single_toggle\" data-tags=\"{Alla} {...om du \u00e4r kund} \"  ><p id='toggle-toggle-id-9' data-fake-id='#toggle-id-9' class='toggler  av-title-above '  itemprop=\"headline\"  role='tab' tabindex='0' aria-controls='toggle-id-9' data-slide-speed=\"200\" data-title=\"Hur s\u00e4kerst\u00e4ller ni kvaliteten p\u00e5 era \u00f6vers\u00e4ttningar?\" data-title-open=\"\" data-aria_collapsed=\"Click to expand: Hur s\u00e4kerst\u00e4ller ni kvaliteten p\u00e5 era \u00f6vers\u00e4ttningar?\" data-aria_expanded=\"Click to collapse: Hur s\u00e4kerst\u00e4ller ni kvaliteten p\u00e5 era \u00f6vers\u00e4ttningar?\">Hur s\u00e4kerst\u00e4ller ni kvaliteten p\u00e5 era \u00f6vers\u00e4ttningar?<span class=\"toggle_icon\"><span class=\"vert_icon\"><\/span><span class=\"hor_icon\"><\/span><\/span><\/p><div id='toggle-id-9' aria-labelledby='toggle-toggle-id-9' role='region' class='toggle_wrap  av-title-above'  ><div class='toggle_content invers-color '  itemprop=\"text\" ><p>I \u00f6verensst\u00e4mmelse med v\u00e5r kvalitetsprocedur genomg\u00e5r varje \u00f6vers\u00e4ttning flera steg \u2013 \u00f6vers\u00e4ttning, redigering, stickprov\/formatkontroll och, f\u00f6r dokument som g\u00e5r till utskrift, efterkontroll av desktop publishing. I de flesta fall har v\u00e5ra \u00f6vers\u00e4ttare m\u00e5lspr\u00e5ket som modersm\u00e5l och bor i regionen eller landet d\u00e4r m\u00e5ltexten ska anv\u00e4ndas. Utan undantag utf\u00f6rs redigeringen av spr\u00e5kvetare med m\u00e5lspr\u00e5ket som modersm\u00e5l.<\/p>\n<\/div><\/div><\/div><\/section>\n<section class='av_toggle_section av-av_toggle-651b23abf56d608b3e45f0f6dd68c606'  itemscope=\"itemscope\" itemtype=\"https:\/\/schema.org\/CreativeWork\" ><div role=\"tablist\" class=\"single_toggle\" data-tags=\"{Alla} {...om du \u00e4r kund} \"  ><p id='toggle-toggle-id-10' data-fake-id='#toggle-id-10' class='toggler  av-title-above '  itemprop=\"headline\"  role='tab' tabindex='0' aria-controls='toggle-id-10' data-slide-speed=\"200\" data-title=\"Hur garanterar ni konfidentialiteten hos materialet som ska \u00f6vers\u00e4ttas?\" data-title-open=\"\" data-aria_collapsed=\"Click to expand: Hur garanterar ni konfidentialiteten hos materialet som ska \u00f6vers\u00e4ttas?\" data-aria_expanded=\"Click to collapse: Hur garanterar ni konfidentialiteten hos materialet som ska \u00f6vers\u00e4ttas?\">Hur garanterar ni konfidentialiteten hos materialet som ska \u00f6vers\u00e4ttas?<span class=\"toggle_icon\"><span class=\"vert_icon\"><\/span><span class=\"hor_icon\"><\/span><\/span><\/p><div id='toggle-id-10' aria-labelledby='toggle-toggle-id-10' role='region' class='toggle_wrap  av-title-above'  ><div class='toggle_content invers-color '  itemprop=\"text\" ><p>Alla v\u00e5ra leverant\u00f6rer har skrivit p\u00e5 ett sekretessavtal med v\u00e5rt f\u00f6retag. I vissa speciella fall kan vi, om kunden anser att det inte r\u00e4cker, komma \u00f6verens om ytterligare skydds\u00e5tg\u00e4rder.<\/p>\n<\/div><\/div><\/div><\/section>\n<section class='av_toggle_section av-av_toggle-2ae742b55ee14325536cd0ed36c1c7a9'  itemscope=\"itemscope\" itemtype=\"https:\/\/schema.org\/CreativeWork\" ><div role=\"tablist\" class=\"single_toggle\" data-tags=\"{Alla} {...om du \u00e4r \u00f6vers\u00e4ttare\/tj\u00e4nsteleverant\u00f6r} \"  ><p id='toggle-toggle-id-11' data-fake-id='#toggle-id-11' class='toggler  av-title-above '  itemprop=\"headline\"  role='tab' tabindex='0' aria-controls='toggle-id-11' data-slide-speed=\"200\" data-title=\"Vilka krav st\u00e4ller ni p\u00e5 \u00f6vers\u00e4ttarna?\" data-title-open=\"\" data-aria_collapsed=\"Click to expand: Vilka krav st\u00e4ller ni p\u00e5 \u00f6vers\u00e4ttarna?\" data-aria_expanded=\"Click to collapse: Vilka krav st\u00e4ller ni p\u00e5 \u00f6vers\u00e4ttarna?\">Vilka krav st\u00e4ller ni p\u00e5 \u00f6vers\u00e4ttarna?<span class=\"toggle_icon\"><span class=\"vert_icon\"><\/span><span class=\"hor_icon\"><\/span><\/span><\/p><div id='toggle-id-11' aria-labelledby='toggle-toggle-id-11' role='region' class='toggle_wrap  av-title-above'  ><div class='toggle_content invers-color '  itemprop=\"text\" ><p>Vi har f\u00f6ljande krav:<\/p>\n<ul>\n<li>utbildning inom \u00f6vers\u00e4ttning,<\/li>\n<li>minst 5 \u00e5rs bepr\u00f6vad yrkeserfarenhet inom \u00f6vers\u00e4ttning;<\/li>\n<li>ansvarsfullhet och noggrannhet;<\/li>\n<li>f\u00f6rm\u00e5ga att arbeta med \u00f6vers\u00e4ttningsverktyg (CAT) &#8211; Trados Studio, memoQ, Memsource, etc.<\/li>\n<\/ul>\n<\/div><\/div><\/div><\/section>\n<section class='av_toggle_section av-av_toggle-26b62eb2ec07c350efe80686f0de6cbe'  itemscope=\"itemscope\" itemtype=\"https:\/\/schema.org\/CreativeWork\" ><div role=\"tablist\" class=\"single_toggle\" data-tags=\"{Alla} {...om du \u00e4r \u00f6vers\u00e4ttare\/tj\u00e4nsteleverant\u00f6r} \"  ><p id='toggle-toggle-id-12' data-fake-id='#toggle-id-12' class='toggler  av-title-above '  itemprop=\"headline\"  role='tab' tabindex='0' aria-controls='toggle-id-12' data-slide-speed=\"200\" data-title=\"Hur kan jag ans\u00f6ka om att arbeta med er?\" data-title-open=\"\" data-aria_collapsed=\"Click to expand: Hur kan jag ans\u00f6ka om att arbeta med er?\" data-aria_expanded=\"Click to collapse: Hur kan jag ans\u00f6ka om att arbeta med er?\">Hur kan jag ans\u00f6ka om att arbeta med er?<span class=\"toggle_icon\"><span class=\"vert_icon\"><\/span><span class=\"hor_icon\"><\/span><\/span><\/p><div id='toggle-id-12' aria-labelledby='toggle-toggle-id-12' role='region' class='toggle_wrap  av-title-above'  ><div class='toggle_content invers-color '  itemprop=\"text\" ><p>Vi \u00e4r alltid intresserade av att arbeta med erfarna och p\u00e5litliga leverant\u00f6rer. Om du vill g\u00e5 med i v\u00e5rt team, skicka ditt CV och personligt brev till vendors(at)elmenta.com.<\/p>\n<\/div><\/div><\/div><\/section>\n<section class='av_toggle_section av-av_toggle-6fc523f6174ba2654aa5ec707e2264ea'  itemscope=\"itemscope\" itemtype=\"https:\/\/schema.org\/CreativeWork\" ><div role=\"tablist\" class=\"single_toggle\" data-tags=\"{Alla} {...om du \u00e4r \u00f6vers\u00e4ttare\/tj\u00e4nsteleverant\u00f6r} \"  ><p id='toggle-toggle-id-13' data-fake-id='#toggle-id-13' class='toggler  av-title-above '  itemprop=\"headline\"  role='tab' tabindex='0' aria-controls='toggle-id-13' data-slide-speed=\"200\" data-title=\"Vilka \u00e4r era betalningsvillkor?\" data-title-open=\"\" data-aria_collapsed=\"Click to expand: Vilka \u00e4r era betalningsvillkor?\" data-aria_expanded=\"Click to collapse: Vilka \u00e4r era betalningsvillkor?\">Vilka \u00e4r era betalningsvillkor?<span class=\"toggle_icon\"><span class=\"vert_icon\"><\/span><span class=\"hor_icon\"><\/span><\/span><\/p><div id='toggle-id-13' aria-labelledby='toggle-toggle-id-13' role='region' class='toggle_wrap  av-title-above'  ><div class='toggle_content invers-color '  itemprop=\"text\" ><p>Vi betalar baserat p\u00e5 fakturan som skickas av leverant\u00f6ren. Betalningsvillkor \u2013 30 dagar fr\u00e5n mottagande av fakturan.<\/p>\n<\/div><\/div><\/div><\/section>\n<section class='av_toggle_section av-av_toggle-96abf12bfc37c61f07132148ee905ffd'  itemscope=\"itemscope\" itemtype=\"https:\/\/schema.org\/CreativeWork\" ><div role=\"tablist\" class=\"single_toggle\" data-tags=\"{Alla} {...om du \u00e4r \u00f6vers\u00e4ttare\/tj\u00e4nsteleverant\u00f6r} \"  ><p id='toggle-toggle-id-14' data-fake-id='#toggle-id-14' class='toggler  av-title-above '  itemprop=\"headline\"  role='tab' tabindex='0' aria-controls='toggle-id-14' data-slide-speed=\"200\" data-title=\"Vilka betalningsmetoder erbjuder ni?\" data-title-open=\"\" data-aria_collapsed=\"Click to expand: Vilka betalningsmetoder erbjuder ni?\" data-aria_expanded=\"Click to collapse: Vilka betalningsmetoder erbjuder ni?\">Vilka betalningsmetoder erbjuder ni?<span class=\"toggle_icon\"><span class=\"vert_icon\"><\/span><span class=\"hor_icon\"><\/span><\/span><\/p><div id='toggle-id-14' aria-labelledby='toggle-toggle-id-14' role='region' class='toggle_wrap  av-title-above'  ><div class='toggle_content invers-color '  itemprop=\"text\" ><p>Vi kan erbjuda olika betalningsmetoder. Vi kan antingen betala via \u00f6verf\u00f6ring till ditt bankkonto eller via olika betalningssystem s\u00e5som (PayPal).<\/p>\n<\/div><\/div><\/div><\/section>\n<section class='av_toggle_section av-av_toggle-15ee2b369f6b978bbabc3b1adb45cb5c'  itemscope=\"itemscope\" itemtype=\"https:\/\/schema.org\/CreativeWork\" ><div role=\"tablist\" class=\"single_toggle\" data-tags=\"{Alla} {...om du \u00e4r \u00f6vers\u00e4ttare\/tj\u00e4nsteleverant\u00f6r} \"  ><p id='toggle-toggle-id-15' data-fake-id='#toggle-id-15' class='toggler  av-title-above '  itemprop=\"headline\"  role='tab' tabindex='0' aria-controls='toggle-id-15' data-slide-speed=\"200\" data-title=\"Vilken information ska finnas p\u00e5 fakturan?\" data-title-open=\"\" data-aria_collapsed=\"Click to expand: Vilken information ska finnas p\u00e5 fakturan?\" data-aria_expanded=\"Click to collapse: Vilken information ska finnas p\u00e5 fakturan?\">Vilken information ska finnas p\u00e5 fakturan?<span class=\"toggle_icon\"><span class=\"vert_icon\"><\/span><span class=\"hor_icon\"><\/span><\/span><\/p><div id='toggle-id-15' aria-labelledby='toggle-toggle-id-15' role='region' class='toggle_wrap  av-title-above'  ><div class='toggle_content invers-color '  itemprop=\"text\" ><p>Fakturan ska inneh\u00e5lla f\u00f6ljande information:<\/p>\n<ul>\n<li>Fullst\u00e4ndig information om betalaren och betalningsmottagaren \u2013 namn p\u00e5 f\u00f6retag\/namn, frilansarens efternamn, adress, skattenummer (eller momsregistreringsnummer), organisationsnummer (om till\u00e4mpligt) etc. V\u00e5ra uppgifter finns i avsnittet \u201dKontakter\u201d.<\/li>\n<\/ul>\n<ul>\n<li>datum och nummer p\u00e5 fakturan,<\/li>\n<\/ul>\n<ul>\n<li>projektnummer och information om projektet (typ av tj\u00e4nst, pris, volym etc.)<\/li>\n<\/ul>\n<ul>\n<li>bankuppgifter (bankens namn och adress, kontonummer (IBAN) och SWIFT) eller information som beh\u00f6vs f\u00f6r betalning via PayPal\/Moneybookers (Skrill).<\/li>\n<\/ul>\n<p>Skicka endast en faktura per m\u00e5nad. Var s\u00e4rskilt uppm\u00e4rksam p\u00e5 korrekt fakturainformation! Endast i det h\u00e4r fallet kan vi garantera snabb betalning f\u00f6r dina tj\u00e4nster.<\/p>\n<\/div><\/div><\/div><\/section>\n<\/div>\n","protected":false},"excerpt":{"rendered":"","protected":false},"author":1,"featured_media":0,"parent":0,"menu_order":600,"comment_status":"closed","ping_status":"closed","template":"","meta":{"footnotes":""},"class_list":["post-3020","page","type-page","status-publish","hentry"],"_links":{"self":[{"href":"https:\/\/elmenta.com\/sv\/wp-json\/wp\/v2\/pages\/3020"}],"collection":[{"href":"https:\/\/elmenta.com\/sv\/wp-json\/wp\/v2\/pages"}],"about":[{"href":"https:\/\/elmenta.com\/sv\/wp-json\/wp\/v2\/types\/page"}],"author":[{"embeddable":true,"href":"https:\/\/elmenta.com\/sv\/wp-json\/wp\/v2\/users\/1"}],"replies":[{"embeddable":true,"href":"https:\/\/elmenta.com\/sv\/wp-json\/wp\/v2\/comments?post=3020"}],"version-history":[{"count":5,"href":"https:\/\/elmenta.com\/sv\/wp-json\/wp\/v2\/pages\/3020\/revisions"}],"predecessor-version":[{"id":3466,"href":"https:\/\/elmenta.com\/sv\/wp-json\/wp\/v2\/pages\/3020\/revisions\/3466"}],"wp:attachment":[{"href":"https:\/\/elmenta.com\/sv\/wp-json\/wp\/v2\/media?parent=3020"}],"curies":[{"name":"wp","href":"https:\/\/api.w.org\/{rel}","templated":true}]}}