{"id":3012,"date":"2018-09-28T19:14:54","date_gmt":"2018-09-28T19:14:54","guid":{"rendered":"https:\/\/elmenta.com\/?page_id=3012"},"modified":"2019-03-25T12:15:49","modified_gmt":"2019-03-25T12:15:49","slug":"kvalitet","status":"publish","type":"page","link":"https:\/\/elmenta.com\/sv\/kvalitet\/","title":{"rendered":"Kvalitet"},"content":{"rendered":"\n<style type=\"text\/css\" data-created_by=\"avia_inline_auto\" id=\"style-css-av-av_heading-f827e7141f8ee105e9173537a72cf77b\">\n#top .av-special-heading.av-av_heading-f827e7141f8ee105e9173537a72cf77b{\npadding-bottom:10px;\n}\nbody .av-special-heading.av-av_heading-f827e7141f8ee105e9173537a72cf77b .av-special-heading-tag .heading-char{\nfont-size:25px;\n}\n.av-special-heading.av-av_heading-f827e7141f8ee105e9173537a72cf77b .av-subheading{\nfont-size:15px;\n}\n<\/style>\n<div  class='av-special-heading av-av_heading-f827e7141f8ee105e9173537a72cf77b av-special-heading-h3 blockquote modern-quote  avia-builder-el-0  el_before_av_heading  avia-builder-el-first '><h3 class='av-special-heading-tag '  itemprop=\"headline\"  >Vi medvetna om hur viktigt det \u00e4r att ha ett bra rykte och har d\u00e4rf\u00f6r uppr\u00e4ttat en kvalitetsprocess som inte bara finns p\u00e5 papper, utan som verkligen fungerar.<\/h3><div class='av-subheading av-subheading_below'><p>Vi f\u00f6ljer kraven enligt EN15038-standarden.<\/p>\n<\/div><div class=\"special-heading-border\"><div class=\"special-heading-inner-border\"><\/div><\/div><\/div>\n\n<style type=\"text\/css\" data-created_by=\"avia_inline_auto\" id=\"style-css-av-av_heading-8b566bcffe957857302902385da2000b\">\n#top .av-special-heading.av-av_heading-8b566bcffe957857302902385da2000b{\npadding-bottom:10px;\n}\nbody .av-special-heading.av-av_heading-8b566bcffe957857302902385da2000b .av-special-heading-tag .heading-char{\nfont-size:25px;\n}\n.av-special-heading.av-av_heading-8b566bcffe957857302902385da2000b .av-subheading{\nfont-size:15px;\n}\n<\/style>\n<div  class='av-special-heading av-av_heading-8b566bcffe957857302902385da2000b av-special-heading-h3  avia-builder-el-1  el_after_av_heading  el_before_av_iconlist '><h3 class='av-special-heading-tag '  itemprop=\"headline\"  >Denna process \u00e4r f\u00f6ljande:<\/h3><div class=\"special-heading-border\"><div class=\"special-heading-inner-border\"><\/div><\/div><\/div>\n<div  class='avia-icon-list-container av-av_iconlist-e4a0ebdf966f1bea8883e87bb95dffd6  avia-builder-el-2  el_after_av_heading  el_before_av_heading '><ul class='avia-icon-list avia_animate_when_almost_visible avia-icon-list-left av-iconlist-big av-av_iconlist-e4a0ebdf966f1bea8883e87bb95dffd6 avia-iconlist-animate'>\n<li><div class='iconlist_icon av-av_iconlist_item-cc91f4e7a9f69dfa36d65a540c7cc3e7 avia-font-entypo-fontello'><span class='iconlist-char' aria-hidden='true' data-av_icon='\ue80b' data-av_iconfont='entypo-fontello'><\/span><\/div><article class=\"article-icon-entry \"  itemscope=\"itemscope\" itemtype=\"https:\/\/schema.org\/CreativeWork\" ><div class=\"iconlist_content_wrap\"><header class=\"entry-content-header\" aria-label=\"Icon: Diskussion om kundens\"><h4 class='av_iconlist_title iconlist_title  '  itemprop=\"headline\" >Diskussion om kundens<\/h4><\/header><div class='iconlist_content '  itemprop=\"text\" ><p>behov och \u00f6verenskommelse om projektets tidslinje\/omfattning\/pris<\/p>\n<\/div><\/div><footer class=\"entry-footer\"><\/footer><\/article><div class=\"iconlist-timeline\"><\/div><\/li>\n<li><div class='iconlist_icon av-av_iconlist_item-ebcde07f3d0b899a973dbb27e4ea5105 avia-font-entypo-fontello'><span class='iconlist-char' aria-hidden='true' data-av_icon='\ue837' data-av_iconfont='entypo-fontello'><\/span><\/div><article class=\"article-icon-entry \"  itemscope=\"itemscope\" itemtype=\"https:\/\/schema.org\/CreativeWork\" ><div class=\"iconlist_content_wrap\"><header class=\"entry-content-header\" aria-label=\"Icon: \u00d6vers\u00e4ttning\"><h4 class='av_iconlist_title iconlist_title  '  itemprop=\"headline\" >\u00d6vers\u00e4ttning<\/h4><\/header><div class='iconlist_content '  itemprop=\"text\" ><p>\u2013 utf\u00f6rs alltid av \u00f6vers\u00e4ttare med m\u00e5lspr\u00e5ket som modersm\u00e5l<\/p>\n<\/div><\/div><footer class=\"entry-footer\"><\/footer><\/article><div class=\"iconlist-timeline\"><\/div><\/li>\n<li><div class='iconlist_icon av-av_iconlist_item-a7e797261bc181d34de2e68627300092 avia-font-entypo-fontello'><span class='iconlist-char' aria-hidden='true' data-av_icon='\ue84b' data-av_iconfont='entypo-fontello'><\/span><\/div><article class=\"article-icon-entry \"  itemscope=\"itemscope\" itemtype=\"https:\/\/schema.org\/CreativeWork\" ><div class=\"iconlist_content_wrap\"><header class=\"entry-content-header\" aria-label=\"Icon: Redigering\"><h4 class='av_iconlist_title iconlist_title  '  itemprop=\"headline\" >Redigering<\/h4><\/header><div class='iconlist_content '  itemprop=\"text\" ><p>utf\u00f6rs alltid av \u00f6vers\u00e4ttare med m\u00e5lspr\u00e5ket som modersm\u00e5l<\/p>\n<\/div><\/div><footer class=\"entry-footer\"><\/footer><\/article><div class=\"iconlist-timeline\"><\/div><\/li>\n<li><div class='iconlist_icon av-av_iconlist_item-7ae38d03a6c3d947f77ad389a95f7fc1 avia-font-entypo-fontello'><span class='iconlist-char' aria-hidden='true' data-av_icon='\ue891' data-av_iconfont='entypo-fontello'><\/span><\/div><article class=\"article-icon-entry \"  itemscope=\"itemscope\" itemtype=\"https:\/\/schema.org\/CreativeWork\" ><div class=\"iconlist_content_wrap\"><header class=\"entry-content-header\" aria-label=\"Icon: Stickprov\"><h4 class='av_iconlist_title iconlist_title  '  itemprop=\"headline\" >Stickprov<\/h4><\/header><div class='iconlist_content '  itemprop=\"text\" ><p>+ formatkontroll + kontroll av \u00f6verensst\u00e4mmelse med kundspecifika krav<\/p>\n<\/div><\/div><footer class=\"entry-footer\"><\/footer><\/article><div class=\"iconlist-timeline\"><\/div><\/li>\n<li><div class='iconlist_icon av-av_iconlist_item-1cebd0c99e662633a63acb6b55dadcb4 avia-font-entypo-fontello'><span class='iconlist-char' aria-hidden='true' data-av_icon='\ue82b' data-av_iconfont='entypo-fontello'><\/span><\/div><article class=\"article-icon-entry \"  itemscope=\"itemscope\" itemtype=\"https:\/\/schema.org\/CreativeWork\" ><div class=\"iconlist_content_wrap\"><header class=\"entry-content-header\" aria-label=\"Icon: Efterkontroll\"><h4 class='av_iconlist_title iconlist_title  '  itemprop=\"headline\" >Efterkontroll<\/h4><\/header><div class='iconlist_content '  itemprop=\"text\" ><p>av desktop publishing<\/p>\n<\/div><\/div><footer class=\"entry-footer\"><\/footer><\/article><div class=\"iconlist-timeline\"><\/div><\/li>\n<\/ul><\/div>\n\n<style type=\"text\/css\" data-created_by=\"avia_inline_auto\" id=\"style-css-av-av_heading-d774be7db20d5b3aaaaceb34fc41f3ff\">\n#top .av-special-heading.av-av_heading-d774be7db20d5b3aaaaceb34fc41f3ff{\npadding-bottom:10px;\n}\nbody .av-special-heading.av-av_heading-d774be7db20d5b3aaaaceb34fc41f3ff .av-special-heading-tag .heading-char{\nfont-size:25px;\n}\n.av-special-heading.av-av_heading-d774be7db20d5b3aaaaceb34fc41f3ff .av-subheading{\nfont-size:15px;\n}\n<\/style>\n<div  class='av-special-heading av-av_heading-d774be7db20d5b3aaaaceb34fc41f3ff av-special-heading-h4 blockquote modern-quote  avia-builder-el-3  el_after_av_iconlist  el_before_av_promobox '><h4 class='av-special-heading-tag '  itemprop=\"headline\"  >Varje kund har sin egen personliga projektkoordinator, <\/h4><div class='av-subheading av-subheading_below'><p>vilket inneb\u00e4r att du bara beh\u00f6ver kommunicera med en person. V\u00e5ra projektkoordinatorer kan ocks\u00e5 n\u00e5s utanf\u00f6r arbetstid, eftersom vi tror att ett n\u00e4ra samarbete med v\u00e5ra kunder under alla projektfaser har en stor betydelse f\u00f6r slutproduktens kvalitet.<\/p>\n<\/div><div class=\"special-heading-border\"><div class=\"special-heading-inner-border\"><\/div><\/div><\/div>\n<div  class='av_promobox av-jtobehum-16f20d4a7c7686f3b19a822bfee15577 avia-button-yes  avia-builder-el-4  el_after_av_heading  avia-builder-el-last '><div class='avia-promocontent'><p>\nOm du vill ha mer information om v\u00e5ra kvalitetsprocesser, <a href=\"mailto:sales@elmenta.com\">kontakta oss.<\/a><\/p>\n<\/div><div  class='avia-button-wrap av-jtobehum-17280ca9229d12c6040b262de02769c4-wrap avia-button-right '><a href='https:\/\/elmenta.com\/sv\/kontakta-oss\/'  class='avia-button av-jtobehum-17280ca9229d12c6040b262de02769c4 av-link-btn avia-icon_select-yes-left-icon avia-size-large avia-position-right avia-color-theme-color'   aria-label=\"E-mail\"><span class='avia_button_icon avia_button_icon_left' aria-hidden='true' data-av_icon='\ue805' data-av_iconfont='entypo-fontello'><\/span><span class='avia_iconbox_title' >E-mail<\/span><\/a><\/div><\/div>\n","protected":false},"excerpt":{"rendered":"","protected":false},"author":1,"featured_media":0,"parent":0,"menu_order":300,"comment_status":"closed","ping_status":"closed","template":"","meta":{"footnotes":""},"class_list":["post-3012","page","type-page","status-publish","hentry"],"_links":{"self":[{"href":"https:\/\/elmenta.com\/sv\/wp-json\/wp\/v2\/pages\/3012"}],"collection":[{"href":"https:\/\/elmenta.com\/sv\/wp-json\/wp\/v2\/pages"}],"about":[{"href":"https:\/\/elmenta.com\/sv\/wp-json\/wp\/v2\/types\/page"}],"author":[{"embeddable":true,"href":"https:\/\/elmenta.com\/sv\/wp-json\/wp\/v2\/users\/1"}],"replies":[{"embeddable":true,"href":"https:\/\/elmenta.com\/sv\/wp-json\/wp\/v2\/comments?post=3012"}],"version-history":[{"count":3,"href":"https:\/\/elmenta.com\/sv\/wp-json\/wp\/v2\/pages\/3012\/revisions"}],"predecessor-version":[{"id":3529,"href":"https:\/\/elmenta.com\/sv\/wp-json\/wp\/v2\/pages\/3012\/revisions\/3529"}],"wp:attachment":[{"href":"https:\/\/elmenta.com\/sv\/wp-json\/wp\/v2\/media?parent=3012"}],"curies":[{"name":"wp","href":"https:\/\/api.w.org\/{rel}","templated":true}]}}