{"id":3000,"date":"2018-09-28T16:48:13","date_gmt":"2018-09-28T16:48:13","guid":{"rendered":"https:\/\/elmenta.com\/?page_id=3000"},"modified":"2018-10-08T13:21:16","modified_gmt":"2018-10-08T13:21:16","slug":"desktop-publishing-dtp","status":"publish","type":"page","link":"https:\/\/elmenta.com\/sv\/tjanster\/desktop-publishing-dtp\/","title":{"rendered":"Desktop publishing (DTP)"},"content":{"rendered":"<section  class='av_textblock_section av-av_textblock-8196fb3a0e04430e27c3cc63ffe0f096 '   itemscope=\"itemscope\" itemtype=\"https:\/\/schema.org\/CreativeWork\" ><div class='avia_textblock'  itemprop=\"text\" ><p>Om du beh\u00f6ver \u00f6vers\u00e4tta ett h\u00e4fte, handbok eller n\u00e5gon annan typ av dokument med bilder och layout kommer du sannolikt att beh\u00f6va DTP-tj\u00e4nster.<\/p>\n<p>Under \u00f6vers\u00e4ttningsprocessen \u00e4ndras ofta k\u00e4lldokumentets layout eftersom spr\u00e5kens &#8221;bredd&#8221; varierar. Vi tillhandah\u00e5ller d\u00e4rf\u00f6r Desktop publishing efter \u00f6vers\u00e4ttningen f\u00f6r att korrekt infoga \u00f6vers\u00e4ttningen i ditt dokument och justera layouten enligt k\u00e4llversionen.<\/p>\n<p>Vi arbetar med de mest v\u00e4lk\u00e4nda programmen, till exempel:<\/p>\n<ul>\n<li><i>Quark XPress<\/i><\/li>\n<li><i>Adobe InDesign<\/i><\/li>\n<li><i>Adobe PageMaker<\/i><\/li>\n<li><i>Adobe FrameMaker\u00a0<\/i><\/li>\n<li><i>Corel<\/i><\/li>\n<\/ul>\n<p><i>\u00a0<\/i><\/p>\n<p><a href=\"mailto:sales@elmenta.com\">Kontakta oss <\/a>g\u00e4rna f\u00f6r mer information om de DTP-tj\u00e4nster som erbjuder!<\/p>\n<\/div><\/section>\n","protected":false},"excerpt":{"rendered":"","protected":false},"author":1,"featured_media":0,"parent":2974,"menu_order":240,"comment_status":"closed","ping_status":"closed","template":"","meta":{"footnotes":""},"class_list":["post-3000","page","type-page","status-publish","hentry"],"_links":{"self":[{"href":"https:\/\/elmenta.com\/sv\/wp-json\/wp\/v2\/pages\/3000"}],"collection":[{"href":"https:\/\/elmenta.com\/sv\/wp-json\/wp\/v2\/pages"}],"about":[{"href":"https:\/\/elmenta.com\/sv\/wp-json\/wp\/v2\/types\/page"}],"author":[{"embeddable":true,"href":"https:\/\/elmenta.com\/sv\/wp-json\/wp\/v2\/users\/1"}],"replies":[{"embeddable":true,"href":"https:\/\/elmenta.com\/sv\/wp-json\/wp\/v2\/comments?post=3000"}],"version-history":[{"count":1,"href":"https:\/\/elmenta.com\/sv\/wp-json\/wp\/v2\/pages\/3000\/revisions"}],"predecessor-version":[{"id":3001,"href":"https:\/\/elmenta.com\/sv\/wp-json\/wp\/v2\/pages\/3000\/revisions\/3001"}],"up":[{"embeddable":true,"href":"https:\/\/elmenta.com\/sv\/wp-json\/wp\/v2\/pages\/2974"}],"wp:attachment":[{"href":"https:\/\/elmenta.com\/sv\/wp-json\/wp\/v2\/media?parent=3000"}],"curies":[{"name":"wp","href":"https:\/\/api.w.org\/{rel}","templated":true}]}}