{"id":2998,"date":"2018-09-28T16:46:39","date_gmt":"2018-09-28T16:46:39","guid":{"rendered":"https:\/\/elmenta.com\/?page_id=2998"},"modified":"2018-10-08T13:21:04","modified_gmt":"2018-10-08T13:21:04","slug":"korrekturlasning","status":"publish","type":"page","link":"https:\/\/elmenta.com\/sv\/tjanster\/korrekturlasning\/","title":{"rendered":"Korrekturl\u00e4sning"},"content":{"rendered":"<section  class='av_textblock_section av-av_textblock-8196fb3a0e04430e27c3cc63ffe0f096 '   itemscope=\"itemscope\" itemtype=\"https:\/\/schema.org\/CreativeWork\" ><div class='avia_textblock'  itemprop=\"text\" ><p>Korrekturl\u00e4sning \u00e4r en process som syftar till att uppt\u00e4cka och korrigera produktionsfel. Det \u00e4r en mycket viktig uppgift eftersom det vanligtvis \u00e4r det sista steget i en typografisk produktion f\u00f6re publicering.<\/p>\n<p>V\u00e5ra korrekturl\u00e4sningstj\u00e4nster inkluderar:<\/p>\n<ul>\n<li>korrigering av stavnings-, grammatik-, skiljetecken- och mekaniska fel;<\/li>\n<li>s\u00e4kerst\u00e4llande av att terminologi och stil \u00e4r konsekventa;<\/li>\n<li>s\u00e4kerst\u00e4llande av att sidlayout och typsnitt \u00e4r konsekventa;<\/li>\n<li>kontroll av att texten \u00f6verensst\u00e4mmer med spr\u00e5km\u00e4ssiga normer.<\/li>\n<\/ul>\n<p>Alla korrekturl\u00e4sningsuppgifter utf\u00f6rs av spr\u00e5kvetare som har m\u00e5lspr\u00e5ket som modersm\u00e5l, vilket g\u00f6r att vi kan s\u00e4kerst\u00e4lla en slutprodukt av h\u00f6gsta kvalitet.<\/p>\n<p><a href=\"mailto:sales@elmenta.com\">Kontakta oss\u00a0<\/a>g\u00e4rna f\u00f6r mer information om de korrekturl\u00e4sningstj\u00e4nster vi erbjuder!<\/p>\n<\/div><\/section>\n","protected":false},"excerpt":{"rendered":"","protected":false},"author":1,"featured_media":0,"parent":2974,"menu_order":230,"comment_status":"closed","ping_status":"closed","template":"","meta":{"footnotes":""},"class_list":["post-2998","page","type-page","status-publish","hentry"],"_links":{"self":[{"href":"https:\/\/elmenta.com\/sv\/wp-json\/wp\/v2\/pages\/2998"}],"collection":[{"href":"https:\/\/elmenta.com\/sv\/wp-json\/wp\/v2\/pages"}],"about":[{"href":"https:\/\/elmenta.com\/sv\/wp-json\/wp\/v2\/types\/page"}],"author":[{"embeddable":true,"href":"https:\/\/elmenta.com\/sv\/wp-json\/wp\/v2\/users\/1"}],"replies":[{"embeddable":true,"href":"https:\/\/elmenta.com\/sv\/wp-json\/wp\/v2\/comments?post=2998"}],"version-history":[{"count":1,"href":"https:\/\/elmenta.com\/sv\/wp-json\/wp\/v2\/pages\/2998\/revisions"}],"predecessor-version":[{"id":2999,"href":"https:\/\/elmenta.com\/sv\/wp-json\/wp\/v2\/pages\/2998\/revisions\/2999"}],"up":[{"embeddable":true,"href":"https:\/\/elmenta.com\/sv\/wp-json\/wp\/v2\/pages\/2974"}],"wp:attachment":[{"href":"https:\/\/elmenta.com\/sv\/wp-json\/wp\/v2\/media?parent=2998"}],"curies":[{"name":"wp","href":"https:\/\/api.w.org\/{rel}","templated":true}]}}