{"id":2987,"date":"2018-09-28T16:36:48","date_gmt":"2018-09-28T16:36:48","guid":{"rendered":"https:\/\/elmenta.com\/?page_id=2987"},"modified":"2018-10-08T13:20:56","modified_gmt":"2018-10-08T13:20:56","slug":"lokalisering","status":"publish","type":"page","link":"https:\/\/elmenta.com\/sv\/tjanster\/lokalisering\/","title":{"rendered":"Lokalisering"},"content":{"rendered":"<section  class='av_textblock_section av-av_textblock-8196fb3a0e04430e27c3cc63ffe0f096 '   itemscope=\"itemscope\" itemtype=\"https:\/\/schema.org\/CreativeWork\" ><div class='avia_textblock'  itemprop=\"text\" ><p>Lokalisering \u00e4r processen att \u00f6vers\u00e4tta en produktbeskrivning till olika spr\u00e5k eller att anpassa ett spr\u00e5k till ett visst land eller en viss region.\u00a0 Den skiljer sig fr\u00e5n \u00f6vers\u00e4ttning eftersom den kr\u00e4ver en omfattande studie av m\u00e5lkulturen f\u00f6r att kunna anpassa produkten till lokala behov p\u00e5 ett korrekt s\u00e4tt. Detta kan omfatta fokusering p\u00e5 grammatik och stavning p\u00e5 ett visst spr\u00e5k, anpassning av grafik, antagande av lokala valutor, anv\u00e4ndning av korrekta former f\u00f6r datum, adresser och telefonnummer etc.<\/p>\n<p>Lokaliseringsprocessen \u00e4r vanligen relaterad till \u00f6vers\u00e4ttning och kulturell anpassning av programvara, video- och datorspel och webbplatser.<\/p>\n<p>Vi har stor erfarenhet av lokalisering och vi erbjuder v\u00e5ra lokaliseringstj\u00e4nster f\u00f6r programvara, webbplatser, tekniska handb\u00f6cker, marknadsf\u00f6ringsmaterial samt andra produkter och tj\u00e4nster.<\/p>\n<p><a href=\"mailto:sales@elmenta.com\">Kontakta oss\u00a0<\/a>g\u00e4rna f\u00f6r mer \u00a0information om v\u00e5ra olika lokaliseringsalternativ.<\/p>\n<\/div><\/section>\n","protected":false},"excerpt":{"rendered":"","protected":false},"author":1,"featured_media":0,"parent":2974,"menu_order":220,"comment_status":"closed","ping_status":"closed","template":"","meta":{"footnotes":""},"class_list":["post-2987","page","type-page","status-publish","hentry"],"_links":{"self":[{"href":"https:\/\/elmenta.com\/sv\/wp-json\/wp\/v2\/pages\/2987"}],"collection":[{"href":"https:\/\/elmenta.com\/sv\/wp-json\/wp\/v2\/pages"}],"about":[{"href":"https:\/\/elmenta.com\/sv\/wp-json\/wp\/v2\/types\/page"}],"author":[{"embeddable":true,"href":"https:\/\/elmenta.com\/sv\/wp-json\/wp\/v2\/users\/1"}],"replies":[{"embeddable":true,"href":"https:\/\/elmenta.com\/sv\/wp-json\/wp\/v2\/comments?post=2987"}],"version-history":[{"count":1,"href":"https:\/\/elmenta.com\/sv\/wp-json\/wp\/v2\/pages\/2987\/revisions"}],"predecessor-version":[{"id":2988,"href":"https:\/\/elmenta.com\/sv\/wp-json\/wp\/v2\/pages\/2987\/revisions\/2988"}],"up":[{"embeddable":true,"href":"https:\/\/elmenta.com\/sv\/wp-json\/wp\/v2\/pages\/2974"}],"wp:attachment":[{"href":"https:\/\/elmenta.com\/sv\/wp-json\/wp\/v2\/media?parent=2987"}],"curies":[{"name":"wp","href":"https:\/\/api.w.org\/{rel}","templated":true}]}}