{"id":2631,"date":"2014-02-24T10:22:47","date_gmt":"2014-02-24T10:22:47","guid":{"rendered":"https:\/\/elmenta.com\/?page_id=2631"},"modified":"2019-03-25T12:24:54","modified_gmt":"2019-03-25T12:24:54","slug":"vakances","status":"publish","type":"page","link":"https:\/\/elmenta.com\/lv\/vakances\/","title":{"rendered":"Vakances"},"content":{"rendered":"\n<style type=\"text\/css\" data-created_by=\"avia_inline_auto\" id=\"style-css-av-av_heading-a5300182eed852e230a166def7bf86d2\">\n#top .av-special-heading.av-av_heading-a5300182eed852e230a166def7bf86d2{\npadding-bottom:10px;\n}\nbody .av-special-heading.av-av_heading-a5300182eed852e230a166def7bf86d2 .av-special-heading-tag .heading-char{\nfont-size:25px;\n}\n.av-special-heading.av-av_heading-a5300182eed852e230a166def7bf86d2 .av-subheading{\nfont-size:15px;\n}\n<\/style>\n<div  class='av-special-heading av-av_heading-a5300182eed852e230a166def7bf86d2 av-special-heading-h3 blockquote modern-quote  avia-builder-el-0  el_before_av_textblock  avia-builder-el-first '><h3 class='av-special-heading-tag '  itemprop=\"headline\"  >M\u0113s vienm\u0113r esam gatavi sadarboties ar pieredz\u0113ju\u0161iem un uzticamiem pakalpojumu sniedz\u0113jiem.<\/h3><div class=\"special-heading-border\"><div class=\"special-heading-inner-border\"><\/div><\/div><\/div>\n<section  class='av_textblock_section av-48hdrr-13f7a7687ef6cd3859a29644ba0e5e7a '   itemscope=\"itemscope\" itemtype=\"https:\/\/schema.org\/CreativeWork\" ><div class='avia_textblock'  itemprop=\"text\" ><p>\u0160obr\u012bd m\u0113s mekl\u0113jam:<\/p>\n<h4>\u0100R\u0160TATA TULKOT\u0100JUS\/REDAKTORUS\/KOREKTORUS<\/h4>\n<p>Pras\u012bbas:<\/p>\n<ul>\n<li>profesion\u0101la tulkot\u0101ja kvalifik\u0101cija;<\/li>\n<li>vismaz 3 gadus ilga pier\u0101d\u012bta profesion\u0101la pieredze tulko\u0161an\u0101;<\/li>\n<li>atbild\u012bba un precizit\u0101te;<\/li>\n<li>sp\u0113ja str\u0101d\u0101t ar datoriz\u0113t\u0101s tulko\u0161anas r\u012bkiem \u2013 Trados, MemoQ, WordFast u.c.<\/li>\n<\/ul>\n<p>M\u0113s pied\u0101v\u0101jam:<\/p>\n<ul>\n<li>savlaic\u012bgu atl\u012bdz\u012bbu;<\/li>\n<li>apm\u0101c\u012bbu;<\/li>\n<li>darbu no att\u0101luma.<\/li>\n<\/ul>\n<\/div><\/section>\n<div  class='av_promobox av-2g3s4n-807ceabc798b87732cc316861af109e0 avia-button-yes  avia-builder-el-2  el_after_av_textblock  avia-builder-el-last '><div class='avia-promocontent'><p>\nJa v\u0113laties pievienoties m\u016bsu komandai, l\u016bdzu, s\u016btiet savu CV un motiv\u0101cijas v\u0113stuli.<\/p>\n<\/div><div  class='avia-button-wrap av-2g3s4n-06684cd854d4bd655d402da12267e9d9-wrap avia-button-right '><a href='https:\/\/elmenta.com\/lv\/sazinieties\/'  class='avia-button av-2g3s4n-06684cd854d4bd655d402da12267e9d9 av-link-btn avia-icon_select-yes-left-icon avia-size-medium avia-position-right avia-color-theme-color'  target=\"_blank\"  rel=\"noopener noreferrer\"  aria-label=\"E-pasts\"><span class='avia_button_icon avia_button_icon_left' aria-hidden='true' data-av_icon='\ue805' data-av_iconfont='entypo-fontello'><\/span><span class='avia_iconbox_title' >E-pasts<\/span><\/a><\/div><\/div>\n","protected":false},"excerpt":{"rendered":"","protected":false},"author":1,"featured_media":0,"parent":0,"menu_order":400,"comment_status":"closed","ping_status":"closed","template":"","meta":{"footnotes":""},"class_list":["post-2631","page","type-page","status-publish","hentry"],"_links":{"self":[{"href":"https:\/\/elmenta.com\/lv\/wp-json\/wp\/v2\/pages\/2631"}],"collection":[{"href":"https:\/\/elmenta.com\/lv\/wp-json\/wp\/v2\/pages"}],"about":[{"href":"https:\/\/elmenta.com\/lv\/wp-json\/wp\/v2\/types\/page"}],"author":[{"embeddable":true,"href":"https:\/\/elmenta.com\/lv\/wp-json\/wp\/v2\/users\/1"}],"replies":[{"embeddable":true,"href":"https:\/\/elmenta.com\/lv\/wp-json\/wp\/v2\/comments?post=2631"}],"version-history":[{"count":6,"href":"https:\/\/elmenta.com\/lv\/wp-json\/wp\/v2\/pages\/2631\/revisions"}],"predecessor-version":[{"id":3544,"href":"https:\/\/elmenta.com\/lv\/wp-json\/wp\/v2\/pages\/2631\/revisions\/3544"}],"wp:attachment":[{"href":"https:\/\/elmenta.com\/lv\/wp-json\/wp\/v2\/media?parent=2631"}],"curies":[{"name":"wp","href":"https:\/\/api.w.org\/{rel}","templated":true}]}}