{"id":2626,"date":"2014-02-24T10:03:40","date_gmt":"2014-02-24T10:03:40","guid":{"rendered":"https:\/\/elmenta.com\/?page_id=2626"},"modified":"2019-03-25T12:22:12","modified_gmt":"2019-03-25T12:22:12","slug":"kvalitate","status":"publish","type":"page","link":"https:\/\/elmenta.com\/lv\/kvalitate\/","title":{"rendered":"Kvalit\u0101te"},"content":{"rendered":"\n<style type=\"text\/css\" data-created_by=\"avia_inline_auto\" id=\"style-css-av-av_heading-bf75ce6cf0ad94a44c30bd521cab9d97\">\n#top .av-special-heading.av-av_heading-bf75ce6cf0ad94a44c30bd521cab9d97{\npadding-bottom:10px;\n}\nbody .av-special-heading.av-av_heading-bf75ce6cf0ad94a44c30bd521cab9d97 .av-special-heading-tag .heading-char{\nfont-size:25px;\n}\n.av-special-heading.av-av_heading-bf75ce6cf0ad94a44c30bd521cab9d97 .av-subheading{\nfont-size:15px;\n}\n<\/style>\n<div  class='av-special-heading av-av_heading-bf75ce6cf0ad94a44c30bd521cab9d97 av-special-heading-h3 blockquote modern-quote  avia-builder-el-0  el_before_av_heading  avia-builder-el-first '><h3 class='av-special-heading-tag '  itemprop=\"headline\"  >M\u0113s cen\u0161amies ieg\u016bt stabilu st\u0101vokli tirg\u016b.<\/h3><div class='av-subheading av-subheading_below'><p>M\u0113s v\u0113lamies pied\u0101v\u0101t savus pakalpojumus daudzu turpm\u0101ko gadu laik\u0101 un saprotam, cik svar\u012bga ir laba reput\u0101cija, t\u0101d\u0113\u013c esam ieviesu\u0161i kvalit\u0101tes vad\u012bbas procesu, kas ne tikai eksist\u0113 uz pap\u012bra, bet ar\u012b patie\u0161\u0101m str\u0101d\u0101.<br \/>\nSav\u0101 darb\u0101 stingri iev\u0113rot EN15038 standarta pras\u012bbas.<\/p>\n<\/div><div class=\"special-heading-border\"><div class=\"special-heading-inner-border\"><\/div><\/div><\/div>\n\n<style type=\"text\/css\" data-created_by=\"avia_inline_auto\" id=\"style-css-av-av_heading-f449ae3c40b1c76214b7fe4431932f6d\">\n#top .av-special-heading.av-av_heading-f449ae3c40b1c76214b7fe4431932f6d{\npadding-bottom:10px;\n}\nbody .av-special-heading.av-av_heading-f449ae3c40b1c76214b7fe4431932f6d .av-special-heading-tag .heading-char{\nfont-size:25px;\n}\n.av-special-heading.av-av_heading-f449ae3c40b1c76214b7fe4431932f6d .av-subheading{\nfont-size:15px;\n}\n<\/style>\n<div  class='av-special-heading av-av_heading-f449ae3c40b1c76214b7fe4431932f6d av-special-heading-h3  avia-builder-el-1  el_after_av_heading  el_before_av_iconlist '><h3 class='av-special-heading-tag '  itemprop=\"headline\"  >\u0160\u012b procesa sast\u0101vda\u013cas ir:<\/h3><div class=\"special-heading-border\"><div class=\"special-heading-inner-border\"><\/div><\/div><\/div>\n<div  class='avia-icon-list-container av-e7bjs2-69d28159c941d103658477534dc36922  avia-builder-el-2  el_after_av_heading  el_before_av_heading '><ul class='avia-icon-list avia_animate_when_almost_visible avia-icon-list-left av-iconlist-big av-e7bjs2-69d28159c941d103658477534dc36922 avia-iconlist-animate'>\n<li><div class='iconlist_icon av-co35zm-ac9f9b7331927a14c6dce89afb8104a7 avia-font-entypo-fontello'><span class='iconlist-char' aria-hidden='true' data-av_icon='\ue80b' data-av_iconfont='entypo-fontello'><\/span><\/div><article class=\"article-icon-entry \"  itemscope=\"itemscope\" itemtype=\"https:\/\/schema.org\/CreativeWork\" ><div class=\"iconlist_content_wrap\"><header class=\"entry-content-header\" aria-label=\"Icon: Klienta vajadz\u012bbu apsprie\u0161ana\"><h4 class='av_iconlist_title iconlist_title  '  itemprop=\"headline\" >Klienta vajadz\u012bbu apsprie\u0161ana<\/h4><\/header><div class='iconlist_content '  itemprop=\"text\" ><p>un vieno\u0161an\u0101s par projekta izpildes laika grafiku, apjomu un cen\u0101m<\/p>\n<\/div><\/div><footer class=\"entry-footer\"><\/footer><\/article><div class=\"iconlist-timeline\"><\/div><\/li>\n<li><div class='iconlist_icon av-10c52q-9178df6203c0706d97ed53b1cff85aac avia-font-entypo-fontello'><span class='iconlist-char' aria-hidden='true' data-av_icon='\ue837' data-av_iconfont='entypo-fontello'><\/span><\/div><article class=\"article-icon-entry \"  itemscope=\"itemscope\" itemtype=\"https:\/\/schema.org\/CreativeWork\" ><div class=\"iconlist_content_wrap\"><header class=\"entry-content-header\" aria-label=\"Icon: Tulko\u0161ana\"><h4 class='av_iconlist_title iconlist_title  '  itemprop=\"headline\" >Tulko\u0161ana<\/h4><\/header><div class='iconlist_content '  itemprop=\"text\" ><p>to vienm\u0113r veic tulkot\u0101ji uz savu dzimto valodu<\/p>\n<\/div><\/div><footer class=\"entry-footer\"><\/footer><\/article><div class=\"iconlist-timeline\"><\/div><\/li>\n<li><div class='iconlist_icon av-9gq03m-36e411840c7496181c78dbe63638e898 avia-font-entypo-fontello'><span class='iconlist-char' aria-hidden='true' data-av_icon='\ue84b' data-av_iconfont='entypo-fontello'><\/span><\/div><article class=\"article-icon-entry \"  itemscope=\"itemscope\" itemtype=\"https:\/\/schema.org\/CreativeWork\" ><div class=\"iconlist_content_wrap\"><header class=\"entry-content-header\" aria-label=\"Icon: Redi\u0123\u0113\u0161ana\"><h4 class='av_iconlist_title iconlist_title  '  itemprop=\"headline\" >Redi\u0123\u0113\u0161ana<\/h4><\/header><div class='iconlist_content '  itemprop=\"text\" ><p>to vienm\u0113r veic sav\u0101 dzimtaj\u0101 valod\u0101<\/p>\n<\/div><\/div><footer class=\"entry-footer\"><\/footer><\/article><div class=\"iconlist-timeline\"><\/div><\/li>\n<li><div class='iconlist_icon av-7c8vg2-68d4fdd4db5ae5e795182729c9c72360 avia-font-entypo-fontello'><span class='iconlist-char' aria-hidden='true' data-av_icon='\ue891' data-av_iconfont='entypo-fontello'><\/span><\/div><article class=\"article-icon-entry \"  itemscope=\"itemscope\" itemtype=\"https:\/\/schema.org\/CreativeWork\" ><div class=\"iconlist_content_wrap\"><header class=\"entry-content-header\" aria-label=\"Icon: Kvalit\u0101tes p\u0101rbaude\"><h4 class='av_iconlist_title iconlist_title  '  itemprop=\"headline\" >Kvalit\u0101tes p\u0101rbaude<\/h4><\/header><div class='iconlist_content '  itemprop=\"text\" ><p>+ atbilst\u012bbas klienta noteiktaj\u0101m pras\u012bb\u0101m p\u0101rbaude<\/p>\n<\/div><\/div><footer class=\"entry-footer\"><\/footer><\/article><div class=\"iconlist-timeline\"><\/div><\/li>\n<li><div class='iconlist_icon av-5fsgb6-cb174ae9d8afceb695fd2cfa8b743bb0 avia-font-entypo-fontello'><span class='iconlist-char' aria-hidden='true' data-av_icon='\ue82b' data-av_iconfont='entypo-fontello'><\/span><\/div><article class=\"article-icon-entry \"  itemscope=\"itemscope\" itemtype=\"https:\/\/schema.org\/CreativeWork\" ><div class=\"iconlist_content_wrap\"><header class=\"entry-content-header\" aria-label=\"Icon: P\u0101rbaude p\u0113c maket\u0113\u0161anas\"><h4 class='av_iconlist_title iconlist_title  '  itemprop=\"headline\" >P\u0101rbaude p\u0113c maket\u0113\u0161anas<\/h4><\/header><div class='iconlist_content '  itemprop=\"text\" ><p>p\u0101rskat\u012b\u0161ana + form\u0101ta p\u0101rbaude<\/p>\n<\/div><\/div><footer class=\"entry-footer\"><\/footer><\/article><div class=\"iconlist-timeline\"><\/div><\/li>\n<\/ul><\/div>\n\n<style type=\"text\/css\" data-created_by=\"avia_inline_auto\" id=\"style-css-av-av_heading-75f6fc4703ddf3b517ed7b38b13c195b\">\n#top .av-special-heading.av-av_heading-75f6fc4703ddf3b517ed7b38b13c195b{\npadding-bottom:10px;\n}\nbody .av-special-heading.av-av_heading-75f6fc4703ddf3b517ed7b38b13c195b .av-special-heading-tag .heading-char{\nfont-size:25px;\n}\n.av-special-heading.av-av_heading-75f6fc4703ddf3b517ed7b38b13c195b .av-subheading{\nfont-size:15px;\n}\n<\/style>\n<div  class='av-special-heading av-av_heading-75f6fc4703ddf3b517ed7b38b13c195b av-special-heading-h4 blockquote modern-quote  avia-builder-el-3  el_after_av_iconlist  el_before_av_promobox '><h4 class='av-special-heading-tag '  itemprop=\"headline\"  >Katram klientam ir savs person\u012bgais projekta koordinators, <\/h4><div class='av-subheading av-subheading_below'><p>kas noz\u012bm\u0113, ka jums vajag sazin\u0101ties ar tikai vienu cilv\u0113ku. Ar m\u016bsu projektu koordinatoriem var sazin\u0101ties ar\u012b \u0101rpus darba laika, jo m\u0113s uzskat\u0101m, ka cie\u0161a sadarb\u012bba ar m\u016bsu klientiem visos projekta posmos ir \u013coti svar\u012bga gala produkta kvalit\u0101tes nodro\u0161in\u0101\u0161an\u0101.<\/p>\n<\/div><div class=\"special-heading-border\"><div class=\"special-heading-inner-border\"><\/div><\/div><\/div>\n<div  class='av_promobox av-1w5jn6-63d846c2a0d12b7a544335a719e146b7 avia-button-yes  avia-builder-el-4  el_after_av_heading  avia-builder-el-last '><div class='avia-promocontent'><p>\nLai ieg\u016btu s\u012bk\u0101ku inform\u0101ciju par m\u016bsu kvalit\u0101tes proced\u016bru, l\u016bdzu, sazinieties ar mums.<\/p>\n<\/div><div  class='avia-button-wrap av-1w5jn6-a106abf11fc0e4cf4eb9f98c80d6e0cf-wrap avia-button-right '><a href='https:\/\/elmenta.com\/lv\/sazinieties\/'  class='avia-button av-1w5jn6-a106abf11fc0e4cf4eb9f98c80d6e0cf av-link-btn avia-icon_select-yes-left-icon avia-size-large avia-position-right avia-color-theme-color'   aria-label=\"Kontakti\"><span class='avia_button_icon avia_button_icon_left' aria-hidden='true' data-av_icon='\ue805' data-av_iconfont='entypo-fontello'><\/span><span class='avia_iconbox_title' >Kontakti<\/span><\/a><\/div><\/div>\n","protected":false},"excerpt":{"rendered":"","protected":false},"author":1,"featured_media":0,"parent":0,"menu_order":300,"comment_status":"closed","ping_status":"closed","template":"","meta":{"footnotes":""},"class_list":["post-2626","page","type-page","status-publish","hentry"],"_links":{"self":[{"href":"https:\/\/elmenta.com\/lv\/wp-json\/wp\/v2\/pages\/2626"}],"collection":[{"href":"https:\/\/elmenta.com\/lv\/wp-json\/wp\/v2\/pages"}],"about":[{"href":"https:\/\/elmenta.com\/lv\/wp-json\/wp\/v2\/types\/page"}],"author":[{"embeddable":true,"href":"https:\/\/elmenta.com\/lv\/wp-json\/wp\/v2\/users\/1"}],"replies":[{"embeddable":true,"href":"https:\/\/elmenta.com\/lv\/wp-json\/wp\/v2\/comments?post=2626"}],"version-history":[{"count":10,"href":"https:\/\/elmenta.com\/lv\/wp-json\/wp\/v2\/pages\/2626\/revisions"}],"predecessor-version":[{"id":3535,"href":"https:\/\/elmenta.com\/lv\/wp-json\/wp\/v2\/pages\/2626\/revisions\/3535"}],"wp:attachment":[{"href":"https:\/\/elmenta.com\/lv\/wp-json\/wp\/v2\/media?parent=2626"}],"curies":[{"name":"wp","href":"https:\/\/api.w.org\/{rel}","templated":true}]}}