{"id":2596,"date":"2014-02-24T09:38:10","date_gmt":"2014-02-24T09:38:10","guid":{"rendered":"https:\/\/elmenta.com\/?page_id=2596"},"modified":"2014-03-10T21:49:48","modified_gmt":"2014-03-10T21:49:48","slug":"maketesana-dtp","status":"publish","type":"page","link":"https:\/\/elmenta.com\/lv\/pakalpojumi\/maketesana-dtp\/","title":{"rendered":"Maket\u0113\u0161ana (DTP)"},"content":{"rendered":"<section  class='av_textblock_section av-av_textblock-2989cb1a500f76248ec894598f4e8e5e '   itemscope=\"itemscope\" itemtype=\"https:\/\/schema.org\/CreativeWork\" ><div class='avia_textblock'  itemprop=\"text\" ><p>Ja jums ir nepiecie\u0161ams tulkot bukletu, rokasgr\u0101matu vai jebkura cita veida dokumentu ar att\u0113liem un noteiktu izk\u0101rtojumu, tad jums, visticam\u0101k, nepiecie\u0161ami maket\u0113\u0161anas pakalpojumi.<br \/>\nTulko\u0161anas proces\u0101 s\u0101kotn\u0113j\u0101 dokumenta izk\u0101rtojums bie\u017ei tiek saboj\u0101ts, jo da\u017e\u0101d\u0101m valod\u0101m ir at\u0161\u0137ir\u012bgs \u201eplatums\u201d. T\u0101d\u0113\u013c m\u0113s nodro\u0161in\u0101m maket\u0113\u0161anu p\u0113c tulko\u0161anas, lai pareizi ievietotu tulkojumu j\u016bsu dokument\u0101 un piel\u0101gotu izk\u0101rtojumu atbilsto\u0161i avota versijai.<\/p>\n<p>M\u0113s str\u0101d\u0101jam ar paz\u012bstam\u0101kaj\u0101m datorprogramm\u0101m, piem\u0113ram:<\/p>\n<ul>\n<li>Quark XPress<\/li>\n<li>Adobe InDesign<\/li>\n<li>Adobe PageMaker<\/li>\n<li>Adobe FrameMaker<\/li>\n<li>Corel<\/li>\n<\/ul>\n<p>Ja jums nepiecie\u0161ama papildu inform\u0101cija par m\u016bsu sniegtajiem maket\u0113\u0161anas pakalpojumiem, l\u016bdzu, nekautr\u0113jieties sazin\u0101ties ar mums!<\/p>\n<\/div><\/section>\n","protected":false},"excerpt":{"rendered":"","protected":false},"author":1,"featured_media":0,"parent":2580,"menu_order":240,"comment_status":"closed","ping_status":"closed","template":"","meta":{"footnotes":""},"class_list":["post-2596","page","type-page","status-publish","hentry"],"_links":{"self":[{"href":"https:\/\/elmenta.com\/lv\/wp-json\/wp\/v2\/pages\/2596"}],"collection":[{"href":"https:\/\/elmenta.com\/lv\/wp-json\/wp\/v2\/pages"}],"about":[{"href":"https:\/\/elmenta.com\/lv\/wp-json\/wp\/v2\/types\/page"}],"author":[{"embeddable":true,"href":"https:\/\/elmenta.com\/lv\/wp-json\/wp\/v2\/users\/1"}],"replies":[{"embeddable":true,"href":"https:\/\/elmenta.com\/lv\/wp-json\/wp\/v2\/comments?post=2596"}],"version-history":[{"count":1,"href":"https:\/\/elmenta.com\/lv\/wp-json\/wp\/v2\/pages\/2596\/revisions"}],"predecessor-version":[{"id":2597,"href":"https:\/\/elmenta.com\/lv\/wp-json\/wp\/v2\/pages\/2596\/revisions\/2597"}],"up":[{"embeddable":true,"href":"https:\/\/elmenta.com\/lv\/wp-json\/wp\/v2\/pages\/2580"}],"wp:attachment":[{"href":"https:\/\/elmenta.com\/lv\/wp-json\/wp\/v2\/media?parent=2596"}],"curies":[{"name":"wp","href":"https:\/\/api.w.org\/{rel}","templated":true}]}}