{"id":2592,"date":"2014-02-24T09:33:28","date_gmt":"2014-02-24T09:33:28","guid":{"rendered":"https:\/\/elmenta.com\/?page_id=2592"},"modified":"2014-02-25T18:52:00","modified_gmt":"2014-02-25T18:52:00","slug":"korektura","status":"publish","type":"page","link":"https:\/\/elmenta.com\/lv\/pakalpojumi\/korektura\/","title":{"rendered":"Korekt\u016bra"},"content":{"rendered":"<section  class='av_textblock_section av-av_textblock-2989cb1a500f76248ec894598f4e8e5e '   itemscope=\"itemscope\" itemtype=\"https:\/\/schema.org\/CreativeWork\" ><div class='avia_textblock'  itemprop=\"text\" ><p>Korekt\u016bra ir process, kura m\u0113r\u0137is ir atkl\u0101t un labot izgatavo\u0161anas k\u013c\u016bdas. Tas ir \u013coti nopietns un svar\u012bgs uzdevums, jo tas parasti ir tipogr\u0101fisk\u0101s izgatavo\u0161anas p\u0113d\u0113jais posms pirms public\u0113\u0161anas.<\/p>\n<p>M\u016bsu korekt\u016bras pakalpojumi ietver:<\/p>\n<ul>\n<li>pareizrakst\u012bbas, gramatikas, pieturz\u012bmju un tehnisko k\u013c\u016bdu labo\u0161anu;<\/li>\n<li>terminolo\u0123ijas un stila konsekvences nodro\u0161in\u0101\u0161anu;<\/li>\n<li>lappuses izk\u0101rtojuma un fontu konsekvences nodro\u0161in\u0101\u0161anu;<\/li>\n<li>saska\u0146o\u0161anu ar valodas lieto\u0161anas normat\u012bviem.<\/li>\n<\/ul>\n<p>Visus korekt\u016bras uzdevumus veic valodnieki, kuru dzimt\u0101 valoda ir m\u0113r\u0137valoda, kas \u013cauj mums nodro\u0161in\u0101t visaugst\u0101k\u0101s kvalit\u0101tes gala produktu.<\/p>\n<\/div><\/section>\n","protected":false},"excerpt":{"rendered":"","protected":false},"author":1,"featured_media":0,"parent":2580,"menu_order":230,"comment_status":"closed","ping_status":"closed","template":"","meta":{"footnotes":""},"class_list":["post-2592","page","type-page","status-publish","hentry"],"_links":{"self":[{"href":"https:\/\/elmenta.com\/lv\/wp-json\/wp\/v2\/pages\/2592"}],"collection":[{"href":"https:\/\/elmenta.com\/lv\/wp-json\/wp\/v2\/pages"}],"about":[{"href":"https:\/\/elmenta.com\/lv\/wp-json\/wp\/v2\/types\/page"}],"author":[{"embeddable":true,"href":"https:\/\/elmenta.com\/lv\/wp-json\/wp\/v2\/users\/1"}],"replies":[{"embeddable":true,"href":"https:\/\/elmenta.com\/lv\/wp-json\/wp\/v2\/comments?post=2592"}],"version-history":[{"count":1,"href":"https:\/\/elmenta.com\/lv\/wp-json\/wp\/v2\/pages\/2592\/revisions"}],"predecessor-version":[{"id":2593,"href":"https:\/\/elmenta.com\/lv\/wp-json\/wp\/v2\/pages\/2592\/revisions\/2593"}],"up":[{"embeddable":true,"href":"https:\/\/elmenta.com\/lv\/wp-json\/wp\/v2\/pages\/2580"}],"wp:attachment":[{"href":"https:\/\/elmenta.com\/lv\/wp-json\/wp\/v2\/media?parent=2592"}],"curies":[{"name":"wp","href":"https:\/\/api.w.org\/{rel}","templated":true}]}}