{"id":2584,"date":"2014-02-24T09:26:05","date_gmt":"2014-02-24T09:26:05","guid":{"rendered":"https:\/\/elmenta.com\/?page_id=2584"},"modified":"2014-02-25T18:51:10","modified_gmt":"2014-02-25T18:51:10","slug":"rakstiska-tulkosana","status":"publish","type":"page","link":"https:\/\/elmenta.com\/lv\/pakalpojumi\/rakstiska-tulkosana\/","title":{"rendered":"Rakstisk\u0101 tulko\u0161ana"},"content":{"rendered":"<section  class='av_textblock_section av-av_textblock-2989cb1a500f76248ec894598f4e8e5e '   itemscope=\"itemscope\" itemtype=\"https:\/\/schema.org\/CreativeWork\" ><div class='avia_textblock'  itemprop=\"text\" ><p>M\u0113s pied\u0101v\u0101jam kvalitat\u012bvus tulkojumus tekstiem liel\u0101kaj\u0101 da\u013c\u0101 Eiropas valodu. T\u0101 k\u0101 m\u0113s nodarbin\u0101m tikai profesion\u0101lus un pieredz\u0113ju\u0161us valodniekus, kuri tulko tekstus uz savu dzimto valodu, m\u0113s varam nodro\u0161in\u0101t augst\u0101k\u0101s kvalit\u0101tes tulkojumus, kas ir prec\u012bzi gan valodas, gan kult\u016bras zi\u0146\u0101.<\/p>\n<p>Saska\u0146\u0101 ar m\u016bsu kvalit\u0101tes proced\u016bru katrs tulkojums tiek veikts vair\u0101kos posmos \u2013 tulko\u0161ana, redi\u0123\u0113\u0161ana, p\u0101rskat\u012b\u0161ana\/form\u0101ta p\u0101rbaude un druk\u0101\u0161anai paredz\u0113tiem dokumentiem \u2013 p\u0101rbaude p\u0113c maket\u0113\u0161anas. Vairum\u0101 gad\u012bjumu m\u016bsu tulkot\u0101ji tulko uz savu dzimto valodu, turkl\u0101t vi\u0146i dz\u012bvo re\u0123ion\u0101 vai valst\u012b, kur\u0101 tiks izmantots tulkotais teksts. Visos gad\u012bjumos redi\u0123\u0113\u0161anu lingvisti veic sav\u0101 dzimtaj\u0101 valod\u0101.<\/p>\n<p>Lai nodro\u0161in\u0101tu tekstu augstu kvalit\u0101ti, m\u0113s lietojam datoriz\u0113t\u0101s tulko\u0161anas (CAT) r\u012bkus. Parasti m\u0113s str\u0101d\u0101jam ar Trados \u2013 pasaul\u0113 vispla\u0161\u0101k izmantoto un iev\u0113rojam\u0101ko tulko\u0161anas programmu. \u0160\u012b programma nodro\u0161ina t\u0101das priek\u0161roc\u012bbas k\u0101, piem\u0113ram, tulko\u0161anas atmi\u0146u izveido\u0161anu, kas ietaupa laiku un resursus un nodro\u0161ina terminolo\u0123ijas un stila konsekvenci. Turkl\u0101t datoriz\u0113t\u0101s tulko\u0161anas r\u012bki \u013cauj jums ietaup\u012bt naudu. M\u0113s izveidojam klientam \u012bpa\u0161u tulko\u0161anas atmi\u0146u un par katru tekstu, ko iepriek\u0161\u0113j\u0101 tulkojum\u0101 m\u0113s jau esam iztulkoju\u0161i, samazin\u0101m cenu, ko maks\u0101jat atbilsto\u0161i v\u0101rdu skaitam.<\/p>\n<p>M\u0113s varam aptvert vair\u0101kas valodu kombin\u0101cijas, t\u0101d\u0113j\u0101di j\u016bs ietaup\u0101t laiku, sadarbojoties ar tikai vienu a\u0123ent\u016bru. M\u0113s varam str\u0101d\u0101t ar visu veidu tekstiem no dzim\u0161anas apliec\u012bb\u0101m un t\u012bmek\u013ca vietn\u0113m l\u012bdz liel\u0101k\u0101m rokasgr\u0101mat\u0101m un citiem dokumentiem \u2013 tai skait\u0101 ar dokumentiem, kam nepiecie\u0161ams ofici\u0101ls zv\u0113rin\u0101ta tulkot\u0101ja z\u012bmogs.<br \/>\nJ\u016bsu teksta form\u0101ts nav probl\u0113ma, jo m\u0113s str\u0101d\u0101jam ar da\u017e\u0101du form\u0101tu failiem (*.doc, *.xls, *.indd, *.ppt, *.xml, *.ttx, *.stl) un tulkojumu j\u016bs sa\u0146emsiet t\u0101d\u0101 form\u0101t\u0101, par k\u0101du b\u016bsim vienoju\u0161ies.<\/p>\n<p>M\u0113s garant\u0113jam kvalit\u0101ti, precizit\u0101ti un profesion\u0101lu attieksmi pret ikvienu darbu.<\/p>\n<\/div><\/section>\n","protected":false},"excerpt":{"rendered":"","protected":false},"author":1,"featured_media":0,"parent":2580,"menu_order":210,"comment_status":"closed","ping_status":"closed","template":"","meta":{"footnotes":""},"class_list":["post-2584","page","type-page","status-publish","hentry"],"_links":{"self":[{"href":"https:\/\/elmenta.com\/lv\/wp-json\/wp\/v2\/pages\/2584"}],"collection":[{"href":"https:\/\/elmenta.com\/lv\/wp-json\/wp\/v2\/pages"}],"about":[{"href":"https:\/\/elmenta.com\/lv\/wp-json\/wp\/v2\/types\/page"}],"author":[{"embeddable":true,"href":"https:\/\/elmenta.com\/lv\/wp-json\/wp\/v2\/users\/1"}],"replies":[{"embeddable":true,"href":"https:\/\/elmenta.com\/lv\/wp-json\/wp\/v2\/comments?post=2584"}],"version-history":[{"count":1,"href":"https:\/\/elmenta.com\/lv\/wp-json\/wp\/v2\/pages\/2584\/revisions"}],"predecessor-version":[{"id":2585,"href":"https:\/\/elmenta.com\/lv\/wp-json\/wp\/v2\/pages\/2584\/revisions\/2585"}],"up":[{"embeddable":true,"href":"https:\/\/elmenta.com\/lv\/wp-json\/wp\/v2\/pages\/2580"}],"wp:attachment":[{"href":"https:\/\/elmenta.com\/lv\/wp-json\/wp\/v2\/media?parent=2584"}],"curies":[{"name":"wp","href":"https:\/\/api.w.org\/{rel}","templated":true}]}}