{"id":3419,"date":"2018-10-08T13:32:06","date_gmt":"2018-10-08T13:32:06","guid":{"rendered":"https:\/\/elmenta.com\/?page_id=3419"},"modified":"2018-10-11T13:50:16","modified_gmt":"2018-10-11T13:50:16","slug":"faq","status":"publish","type":"page","link":"https:\/\/elmenta.com\/fr\/faq\/","title":{"rendered":"FAQ"},"content":{"rendered":"<div  class='togglecontainer av-rjw8gr-2767e50b59e8a4145d692effa1df749a  avia-builder-el-0  avia-builder-el-no-sibling  toggle_close_all' ><div class='taglist'><div class=\"tag-tab\"><a href=\"#\" data-tag=\"{Tout}\" class=\"activeFilter\">Tout<\/a><span class='tag-seperator'>\/<\/span><\/div><div class=\"tag-tab\"><a href=\"#\" data-tag=\"{... if you are a client}\" class=\"\">... if you are a client<\/a><span class='tag-seperator'>\/<\/span><\/div><div class=\"tag-tab\"><a href=\"#\" data-tag=\"{... si vous \u00eates un client}\" class=\"\">... si vous \u00eates un client<\/a><span class='tag-seperator'>\/<\/span><\/div><div class=\"tag-tab\"><a href=\"#\" data-tag=\"{... si vous \u00eates un traducteur\/prestataire de services}\" class=\"\">... si vous \u00eates un traducteur\/prestataire de services<\/a><span class='tag-seperator'>\/<\/span><\/div><\/div>\n<section class='av_toggle_section av-av_toggle-f5a59ed3b56c420d2dd683fcad6ac751'  itemscope=\"itemscope\" itemtype=\"https:\/\/schema.org\/CreativeWork\" ><div role=\"tablist\" class=\"single_toggle\" data-tags=\"{Tout} {... si vous \u00eates un client} \"  ><p id='toggle-toggle-id-1' data-fake-id='#toggle-id-1' class='toggler  activeTitle av-title-above '  itemprop=\"headline\"  role='tab' tabindex='0' aria-controls='toggle-id-1' data-slide-speed=\"200\" data-title=\"Quelles langues prenez-vous en charge ?\" data-title-open=\"\" data-aria_collapsed=\"Click to expand: Quelles langues prenez-vous en charge ?\" data-aria_expanded=\"Click to collapse: Quelles langues prenez-vous en charge ?\">Quelles langues prenez-vous en charge ?<span class=\"toggle_icon\"><span class=\"vert_icon\"><\/span><span class=\"hor_icon\"><\/span><\/span><\/p><div id='toggle-id-1' aria-labelledby='toggle-toggle-id-1' role='region' class='toggle_wrap  active_tc av-title-above' style='display:block;' ><div class='toggle_content invers-color '  itemprop=\"text\" ><p>Nous nous sp\u00e9cialisons dans les traductions de l&rsquo;anglais, de l&rsquo;allemand, du finnois, du su\u00e9dois vers l&rsquo;estonien, le letton, le lituanien et le russe. Cependant, nous sommes \u00e9galement en mesure de fournir des traductions dans d&rsquo;autres combinaisons de langues.<\/p>\n<\/div><\/div><\/div><\/section>\n<section class='av_toggle_section av-av_toggle-cdb0852d902650482a7bcfd5fb5e3563'  itemscope=\"itemscope\" itemtype=\"https:\/\/schema.org\/CreativeWork\" ><div role=\"tablist\" class=\"single_toggle\" data-tags=\"{Tout} {... si vous \u00eates un client} \"  ><p id='toggle-toggle-id-2' data-fake-id='#toggle-id-2' class='toggler  av-title-above '  itemprop=\"headline\"  role='tab' tabindex='0' aria-controls='toggle-id-2' data-slide-speed=\"200\" data-title=\"Combien co\u00fbte une page traduite ?\" data-title-open=\"\" data-aria_collapsed=\"Click to expand: Combien co\u00fbte une page traduite ?\" data-aria_expanded=\"Click to collapse: Combien co\u00fbte une page traduite ?\">Combien co\u00fbte une page traduite ?<span class=\"toggle_icon\"><span class=\"vert_icon\"><\/span><span class=\"hor_icon\"><\/span><\/span><\/p><div id='toggle-id-2' aria-labelledby='toggle-toggle-id-2' role='region' class='toggle_wrap  av-title-above'  ><div class='toggle_content invers-color '  itemprop=\"text\" ><p>La traduction d&rsquo;une page d\u00e9pend de la combinaison de langues, du domaine\/de la difficult\u00e9 du texte traduisible et de l&rsquo;urgence du travail. Pour obtenir un devis gratuit, veuillez nous contacter par <a title=\"Contacts\" href=\"https:\/\/elmenta.com\/en\/contacts\/\">E-Mail <\/a>.<\/p>\n<\/div><\/div><\/div><\/section>\n<section class='av_toggle_section av-av_toggle-78f887fe132983efa61bd9c6caf0444d'  itemscope=\"itemscope\" itemtype=\"https:\/\/schema.org\/CreativeWork\" ><div role=\"tablist\" class=\"single_toggle\" data-tags=\"{Tout} {... si vous \u00eates un client} \"  ><p id='toggle-toggle-id-3' data-fake-id='#toggle-id-3' class='toggler  av-title-above '  itemprop=\"headline\"  role='tab' tabindex='0' aria-controls='toggle-id-3' data-slide-speed=\"200\" data-title=\"Comment calculez-vous le co\u00fbt du projet ?\" data-title-open=\"\" data-aria_collapsed=\"Click to expand: Comment calculez-vous le co\u00fbt du projet ?\" data-aria_expanded=\"Click to collapse: Comment calculez-vous le co\u00fbt du projet ?\">Comment calculez-vous le co\u00fbt du projet ?<span class=\"toggle_icon\"><span class=\"vert_icon\"><\/span><span class=\"hor_icon\"><\/span><\/span><\/p><div id='toggle-id-3' aria-labelledby='toggle-toggle-id-3' role='region' class='toggle_wrap  av-title-above'  ><div class='toggle_content invers-color '  itemprop=\"text\" ><p>La traduction d\u00e9pend de la combinaison de langues, du domaine\/de la difficult\u00e9 du texte traduisible et de l&rsquo;urgence du travail. Nous calculons les co\u00fbts en fonction du volume de texte \u00e0 traduire, c&rsquo;est-\u00e0-dire en fonction du nombre de mots. Nous utilisons un outil sp\u00e9cial pour l&rsquo;analyse de texte et si le texte contient un certain nombre de r\u00e9p\u00e9titions, les co\u00fbts de traduction diminuent.<\/p>\n<\/div><\/div><\/div><\/section>\n<section class='av_toggle_section av-av_toggle-e48db1734db88e9a47b3eacf6828cdac'  itemscope=\"itemscope\" itemtype=\"https:\/\/schema.org\/CreativeWork\" ><div role=\"tablist\" class=\"single_toggle\" data-tags=\"{Tout} {... if you are a client} \"  ><p id='toggle-toggle-id-4' data-fake-id='#toggle-id-4' class='toggler  av-title-above '  itemprop=\"headline\"  role='tab' tabindex='0' aria-controls='toggle-id-4' data-slide-speed=\"200\" data-title=\"L\u2019urgence du projet influence-t-elle le co\u00fbt ?\" data-title-open=\"\" data-aria_collapsed=\"Click to expand: L\u2019urgence du projet influence-t-elle le co\u00fbt ?\" data-aria_expanded=\"Click to collapse: L\u2019urgence du projet influence-t-elle le co\u00fbt ?\">L\u2019urgence du projet influence-t-elle le co\u00fbt ?<span class=\"toggle_icon\"><span class=\"vert_icon\"><\/span><span class=\"hor_icon\"><\/span><\/span><\/p><div id='toggle-id-4' aria-labelledby='toggle-toggle-id-4' role='region' class='toggle_wrap  av-title-above'  ><div class='toggle_content invers-color '  itemprop=\"text\" ><p>Oui, pour les projets urgents, un suppl\u00e9ment de 30 \u00e0 70 % peut \u00eatre appliqu\u00e9.<\/p>\n<\/div><\/div><\/div><\/section>\n<section class='av_toggle_section av-av_toggle-fff6c443cfa41aa3d2a1cfd2cbeb80b9'  itemscope=\"itemscope\" itemtype=\"https:\/\/schema.org\/CreativeWork\" ><div role=\"tablist\" class=\"single_toggle\" data-tags=\"{Tout} {... si vous \u00eates un client} \"  ><p id='toggle-toggle-id-5' data-fake-id='#toggle-id-5' class='toggler  av-title-above '  itemprop=\"headline\"  role='tab' tabindex='0' aria-controls='toggle-id-5' data-slide-speed=\"200\" data-title=\"Offrez-vous des r\u00e9ductions ?\" data-title-open=\"\" data-aria_collapsed=\"Click to expand: Offrez-vous des r\u00e9ductions ?\" data-aria_expanded=\"Click to collapse: Offrez-vous des r\u00e9ductions ?\">Offrez-vous des r\u00e9ductions ?<span class=\"toggle_icon\"><span class=\"vert_icon\"><\/span><span class=\"hor_icon\"><\/span><\/span><\/p><div id='toggle-id-5' aria-labelledby='toggle-toggle-id-5' role='region' class='toggle_wrap  av-title-above'  ><div class='toggle_content invers-color '  itemprop=\"text\" ><p>Bien s\u00fbr ! Le taux de r\u00e9duction d\u00e9pend du volume du projet et peut atteindre 10 \u00e0 15 % du co\u00fbt total du projet. Dans tous les cas, le taux de r\u00e9duction est n\u00e9goci\u00e9 s\u00e9par\u00e9ment.<\/p>\n<\/div><\/div><\/div><\/section>\n<section class='av_toggle_section av-av_toggle-8488fd43e4f76ba2ea945dc7e9e51d40'  itemscope=\"itemscope\" itemtype=\"https:\/\/schema.org\/CreativeWork\" ><div role=\"tablist\" class=\"single_toggle\" data-tags=\"{Tout} {... si vous \u00eates un client} \"  ><p id='toggle-toggle-id-6' data-fake-id='#toggle-id-6' class='toggler  av-title-above '  itemprop=\"headline\"  role='tab' tabindex='0' aria-controls='toggle-id-6' data-slide-speed=\"200\" data-title=\"Comment pouvons-nous passer une commande ?\" data-title-open=\"\" data-aria_collapsed=\"Click to expand: Comment pouvons-nous passer une commande ?\" data-aria_expanded=\"Click to collapse: Comment pouvons-nous passer une commande ?\">Comment pouvons-nous passer une commande ?<span class=\"toggle_icon\"><span class=\"vert_icon\"><\/span><span class=\"hor_icon\"><\/span><\/span><\/p><div id='toggle-id-6' aria-labelledby='toggle-toggle-id-6' role='region' class='toggle_wrap  av-title-above'  ><div class='toggle_content invers-color '  itemprop=\"text\" ><p>Pour passer une commande, veuillez nous contacter par <a href=\"mailto:sales@elmenta.com\">E-Mail<\/a>.<\/p>\n<\/div><\/div><\/div><\/section>\n<section class='av_toggle_section av-av_toggle-9e30f650c170a1384413a2a0c057ded8'  itemscope=\"itemscope\" itemtype=\"https:\/\/schema.org\/CreativeWork\" ><div role=\"tablist\" class=\"single_toggle\" data-tags=\"{Tout} {... si vous \u00eates un client} \"  ><p id='toggle-toggle-id-7' data-fake-id='#toggle-id-7' class='toggler  av-title-above '  itemprop=\"headline\"  role='tab' tabindex='0' aria-controls='toggle-id-7' data-slide-speed=\"200\" data-title=\"Quels formats prenez-vous en charge ?\" data-title-open=\"\" data-aria_collapsed=\"Click to expand: Quels formats prenez-vous en charge ?\" data-aria_expanded=\"Click to collapse: Quels formats prenez-vous en charge ?\">Quels formats prenez-vous en charge ?<span class=\"toggle_icon\"><span class=\"vert_icon\"><\/span><span class=\"hor_icon\"><\/span><\/span><\/p><div id='toggle-id-7' aria-labelledby='toggle-toggle-id-7' role='region' class='toggle_wrap  av-title-above'  ><div class='toggle_content invers-color '  itemprop=\"text\" ><p>Nous acceptons les documents pour la traduction dans diff\u00e9rents formats \u2013 fichiers texte (*.txt, *.doc(x), *.ppt(x), *.xls(x), *.pdf, etc.) et fichiers vid\u00e9o\/audio.<\/p>\n<\/div><\/div><\/div><\/section>\n<section class='av_toggle_section av-av_toggle-30b8a1d674a235734cbe3a895330f19d'  itemscope=\"itemscope\" itemtype=\"https:\/\/schema.org\/CreativeWork\" ><div role=\"tablist\" class=\"single_toggle\" data-tags=\"{Tout} {... si vous \u00eates un client} \"  ><p id='toggle-toggle-id-8' data-fake-id='#toggle-id-8' class='toggler  av-title-above '  itemprop=\"headline\"  role='tab' tabindex='0' aria-controls='toggle-id-8' data-slide-speed=\"200\" data-title=\"Comment puis-je payer pour la commande ?\" data-title-open=\"\" data-aria_collapsed=\"Click to expand: Comment puis-je payer pour la commande ?\" data-aria_expanded=\"Click to collapse: Comment puis-je payer pour la commande ?\">Comment puis-je payer pour la commande ?<span class=\"toggle_icon\"><span class=\"vert_icon\"><\/span><span class=\"hor_icon\"><\/span><\/span><\/p><div id='toggle-id-8' aria-labelledby='toggle-toggle-id-8' role='region' class='toggle_wrap  av-title-above'  ><div class='toggle_content invers-color '  itemprop=\"text\" ><p>Nous acceptons diff\u00e9rentes m\u00e9thodes de paiement. Vous pouvez payer soit par virement sur notre compte bancaire ou via diff\u00e9rents syst\u00e8mes de paiement \u2013 PayPal et Skrill.<\/p>\n<\/div><\/div><\/div><\/section>\n<section class='av_toggle_section av-av_toggle-fcd14bde4c1d9ade9677c6ff1fd3be8d'  itemscope=\"itemscope\" itemtype=\"https:\/\/schema.org\/CreativeWork\" ><div role=\"tablist\" class=\"single_toggle\" data-tags=\"{Tout} {... si vous \u00eates un client} \"  ><p id='toggle-toggle-id-9' data-fake-id='#toggle-id-9' class='toggler  av-title-above '  itemprop=\"headline\"  role='tab' tabindex='0' aria-controls='toggle-id-9' data-slide-speed=\"200\" data-title=\"Comment assurez-vous la qualit\u00e9 de vos traductions ?\" data-title-open=\"\" data-aria_collapsed=\"Click to expand: Comment assurez-vous la qualit\u00e9 de vos traductions ?\" data-aria_expanded=\"Click to collapse: Comment assurez-vous la qualit\u00e9 de vos traductions ?\">Comment assurez-vous la qualit\u00e9 de vos traductions ?<span class=\"toggle_icon\"><span class=\"vert_icon\"><\/span><span class=\"hor_icon\"><\/span><\/span><\/p><div id='toggle-id-9' aria-labelledby='toggle-toggle-id-9' role='region' class='toggle_wrap  av-title-above'  ><div class='toggle_content invers-color '  itemprop=\"text\" ><p><span lang=\"FR\">Conform\u00e9ment \u00e0 notre proc\u00e9dure de qualit\u00e9, chaque traduction est soumise \u00e0 plusieurs \u00e9tapes : traduction, \u00e9dition, v\u00e9rification ponctuelle\/du format et, pour les documents \u00e0 imprimer, une v\u00e9rification post-mise en page. Dans la majorit\u00e9 des cas, nos traducteurs sont des locuteurs natifs de la langue cible et r\u00e9sident dans la r\u00e9gion ou le pays o\u00f9 le texte cible sera utilis\u00e9. Sans aucune exception, l&rsquo;\u00e9dition est effectu\u00e9e par des linguistes qui sont des locuteurs natifs.<\/span><\/p>\n<\/div><\/div><\/div><\/section>\n<section class='av_toggle_section av-av_toggle-6dd7fdaf5d67eca666c08e91a82a3b19'  itemscope=\"itemscope\" itemtype=\"https:\/\/schema.org\/CreativeWork\" ><div role=\"tablist\" class=\"single_toggle\" data-tags=\"{Tout} {... si vous \u00eates un client} \"  ><p id='toggle-toggle-id-10' data-fake-id='#toggle-id-10' class='toggler  av-title-above '  itemprop=\"headline\"  role='tab' tabindex='0' aria-controls='toggle-id-10' data-slide-speed=\"200\" data-title=\"Comment garantissez-vous la confidentialit\u00e9 du mat\u00e9riel traduisible ?\" data-title-open=\"\" data-aria_collapsed=\"Click to expand: Comment garantissez-vous la confidentialit\u00e9 du mat\u00e9riel traduisible ?\" data-aria_expanded=\"Click to collapse: Comment garantissez-vous la confidentialit\u00e9 du mat\u00e9riel traduisible ?\">Comment garantissez-vous la confidentialit\u00e9 du mat\u00e9riel traduisible ?<span class=\"toggle_icon\"><span class=\"vert_icon\"><\/span><span class=\"hor_icon\"><\/span><\/span><\/p><div id='toggle-id-10' aria-labelledby='toggle-toggle-id-10' role='region' class='toggle_wrap  av-title-above'  ><div class='toggle_content invers-color '  itemprop=\"text\" ><p><span lang=\"FR\">Tous nos fournisseurs ont sign\u00e9 un accord de non-divulgation avec notre soci\u00e9t\u00e9. Dans certains cas particuliers, si le client estime que ce n&rsquo;est pas suffisant, nous pouvons convenir de mesures de protection suppl\u00e9mentaires.<\/span><\/p>\n<\/div><\/div><\/div><\/section>\n<section class='av_toggle_section av-av_toggle-cbe02744aa493d3fcf195583d680c6a6'  itemscope=\"itemscope\" itemtype=\"https:\/\/schema.org\/CreativeWork\" ><div role=\"tablist\" class=\"single_toggle\" data-tags=\"{Tout} {... si vous \u00eates un traducteur\/prestataire de services} \"  ><p id='toggle-toggle-id-11' data-fake-id='#toggle-id-11' class='toggler  av-title-above '  itemprop=\"headline\"  role='tab' tabindex='0' aria-controls='toggle-id-11' data-slide-speed=\"200\" data-title=\"Quelles sont vos exigences pour les traducteurs?\" data-title-open=\"\" data-aria_collapsed=\"Click to expand: Quelles sont vos exigences pour les traducteurs?\" data-aria_expanded=\"Click to collapse: Quelles sont vos exigences pour les traducteurs?\">Quelles sont vos exigences pour les traducteurs?<span class=\"toggle_icon\"><span class=\"vert_icon\"><\/span><span class=\"hor_icon\"><\/span><\/span><\/p><div id='toggle-id-11' aria-labelledby='toggle-toggle-id-11' role='region' class='toggle_wrap  av-title-above'  ><div class='toggle_content invers-color '  itemprop=\"text\" ><p>Nos exigences sont les suivantes\u00a0:<\/p>\n<ul>\n<li>une qualification professionnelle en traduction<\/li>\n<li>au moins cinq ann\u00e9es d&rsquo;exp\u00e9rience professionnelle av\u00e9r\u00e9e en traduction<\/li>\n<li>une responsabilit\u00e9 et exactitude<\/li>\n<li>la possibilit\u00e9 de travailler avec des outils CAT \u2013 Trados, Memsource, memoQ, etc.<\/li>\n<\/ul>\n<\/div><\/div><\/div><\/section>\n<section class='av_toggle_section av-av_toggle-9b3ab2fe0a476b9d609c9c3c4d81d9f5'  itemscope=\"itemscope\" itemtype=\"https:\/\/schema.org\/CreativeWork\" ><div role=\"tablist\" class=\"single_toggle\" data-tags=\"{Tout} {... si vous \u00eates un traducteur\/prestataire de services} \"  ><p id='toggle-toggle-id-12' data-fake-id='#toggle-id-12' class='toggler  av-title-above '  itemprop=\"headline\"  role='tab' tabindex='0' aria-controls='toggle-id-12' data-slide-speed=\"200\" data-title=\"Comment puis-je postuler pour travailler avec vous ?\" data-title-open=\"\" data-aria_collapsed=\"Click to expand: Comment puis-je postuler pour travailler avec vous ?\" data-aria_expanded=\"Click to collapse: Comment puis-je postuler pour travailler avec vous ?\">Comment puis-je postuler pour travailler avec vous ?<span class=\"toggle_icon\"><span class=\"vert_icon\"><\/span><span class=\"hor_icon\"><\/span><\/span><\/p><div id='toggle-id-12' aria-labelledby='toggle-toggle-id-12' role='region' class='toggle_wrap  av-title-above'  ><div class='toggle_content invers-color '  itemprop=\"text\" ><p>Nous sommes toujours pr\u00eats \u00e0 travailler avec des prestataires exp\u00e9riment\u00e9s et fiables. Si vous souhaitez rejoindre notre \u00e9quipe, veuillez envoyer votre CV et une lettre de motivation \u00e0 vendors@elmenta.com.<\/p>\n<\/div><\/div><\/div><\/section>\n<section class='av_toggle_section av-av_toggle-149657b4acc10ed9d9c2460ec7df7c0f'  itemscope=\"itemscope\" itemtype=\"https:\/\/schema.org\/CreativeWork\" ><div role=\"tablist\" class=\"single_toggle\" data-tags=\"{Tout} {... si vous \u00eates un traducteur\/prestataire de services} \"  ><p id='toggle-toggle-id-13' data-fake-id='#toggle-id-13' class='toggler  av-title-above '  itemprop=\"headline\"  role='tab' tabindex='0' aria-controls='toggle-id-13' data-slide-speed=\"200\" data-title=\"Quelles sont vos conditions de paiement?\" data-title-open=\"\" data-aria_collapsed=\"Click to expand: Quelles sont vos conditions de paiement?\" data-aria_expanded=\"Click to collapse: Quelles sont vos conditions de paiement?\">Quelles sont vos conditions de paiement?<span class=\"toggle_icon\"><span class=\"vert_icon\"><\/span><span class=\"hor_icon\"><\/span><\/span><\/p><div id='toggle-id-13' aria-labelledby='toggle-toggle-id-13' role='region' class='toggle_wrap  av-title-above'  ><div class='toggle_content invers-color '  itemprop=\"text\" ><p>Nous payons en fonction de la facture pr\u00e9sent\u00e9e par le vendeur. Conditions de paiement \u2013 30 jours \u00e0 compter de la date de r\u00e9ception de la facture.<\/p>\n<\/div><\/div><\/div><\/section>\n<section class='av_toggle_section av-av_toggle-0cefa47f00cb947315da9273f22a861e'  itemscope=\"itemscope\" itemtype=\"https:\/\/schema.org\/CreativeWork\" ><div role=\"tablist\" class=\"single_toggle\" data-tags=\"{Tout} {... si vous \u00eates un traducteur\/prestataire de services} \"  ><p id='toggle-toggle-id-14' data-fake-id='#toggle-id-14' class='toggler  av-title-above '  itemprop=\"headline\"  role='tab' tabindex='0' aria-controls='toggle-id-14' data-slide-speed=\"200\" data-title=\"Quelles sont vos m\u00e9thodes de paiement ?\" data-title-open=\"\" data-aria_collapsed=\"Click to expand: Quelles sont vos m\u00e9thodes de paiement ?\" data-aria_expanded=\"Click to collapse: Quelles sont vos m\u00e9thodes de paiement ?\">Quelles sont vos m\u00e9thodes de paiement ?<span class=\"toggle_icon\"><span class=\"vert_icon\"><\/span><span class=\"hor_icon\"><\/span><\/span><\/p><div id='toggle-id-14' aria-labelledby='toggle-toggle-id-14' role='region' class='toggle_wrap  av-title-above'  ><div class='toggle_content invers-color '  itemprop=\"text\" ><p>Nous pouvons offrir diff\u00e9rentes m\u00e9thodes de paiement. Nous pouvons vous payer soit par virement sur votre compte bancaire ou via diff\u00e9rents syst\u00e8mes de paiement \u2013 PayPal.<\/p>\n<\/div><\/div><\/div><\/section>\n<section class='av_toggle_section av-av_toggle-9676fd723ff3b3e25401599f2ab2c0a0'  itemscope=\"itemscope\" itemtype=\"https:\/\/schema.org\/CreativeWork\" ><div role=\"tablist\" class=\"single_toggle\" data-tags=\"{Tout} {... si vous \u00eates un traducteur\/prestataire de services} \"  ><p id='toggle-toggle-id-15' data-fake-id='#toggle-id-15' class='toggler  av-title-above '  itemprop=\"headline\"  role='tab' tabindex='0' aria-controls='toggle-id-15' data-slide-speed=\"200\" data-title=\"Quelles informations doivent figurer sur la facture ?\" data-title-open=\"\" data-aria_collapsed=\"Click to expand: Quelles informations doivent figurer sur la facture ?\" data-aria_expanded=\"Click to collapse: Quelles informations doivent figurer sur la facture ?\">Quelles informations doivent figurer sur la facture ?<span class=\"toggle_icon\"><span class=\"vert_icon\"><\/span><span class=\"hor_icon\"><\/span><\/span><\/p><div id='toggle-id-15' aria-labelledby='toggle-toggle-id-15' role='region' class='toggle_wrap  av-title-above'  ><div class='toggle_content invers-color '  itemprop=\"text\" ><p>La facture doit contenir les informations suivantes\u00a0:<\/p>\n<ul>\n<li>tous les d\u00e9tails du payeur et du b\u00e9n\u00e9ficiaire \u2013 nom de la soci\u00e9t\u00e9\/nom, pr\u00e9nom du travailleur ind\u00e9pendant, adresse, num\u00e9ro d&rsquo;identification fiscale (ou num\u00e9ro de TVA), num\u00e9ro d&rsquo;enregistrement de l&rsquo;entreprise (le cas \u00e9ch\u00e9ant), etc. Vous trouverez les d\u00e9tails dans la section \u00ab Contacts \u00bb<\/li>\n<li>la date et le num\u00e9ro de la facture<\/li>\n<li>le num\u00e9ro de projet et les informations sur le projet (type de service, prix, volume, etc.)<\/li>\n<li>les coordonn\u00e9es bancaires (nom et adresse de la banque, num\u00e9ro de compte (IBAN) et SWIFT) ou les d\u00e9tails n\u00e9cessaires pour le paiement via PayPal.<\/li>\n<\/ul>\n<p>N&rsquo;envoyez qu&rsquo;une seule facture par mois. Veuillez \u00e9galement accorder une attention particuli\u00e8re aux informations de facturation correctes ! Si toutes ces conditions sont r\u00e9unies, nous pouvons garantir le paiement rapide de vos services.<\/p>\n<\/div><\/div><\/div><\/section>\n<\/div>\n","protected":false},"excerpt":{"rendered":"","protected":false},"author":2,"featured_media":0,"parent":0,"menu_order":600,"comment_status":"closed","ping_status":"closed","template":"","meta":{"footnotes":""},"class_list":["post-3419","page","type-page","status-publish","hentry"],"_links":{"self":[{"href":"https:\/\/elmenta.com\/fr\/wp-json\/wp\/v2\/pages\/3419"}],"collection":[{"href":"https:\/\/elmenta.com\/fr\/wp-json\/wp\/v2\/pages"}],"about":[{"href":"https:\/\/elmenta.com\/fr\/wp-json\/wp\/v2\/types\/page"}],"author":[{"embeddable":true,"href":"https:\/\/elmenta.com\/fr\/wp-json\/wp\/v2\/users\/2"}],"replies":[{"embeddable":true,"href":"https:\/\/elmenta.com\/fr\/wp-json\/wp\/v2\/comments?post=3419"}],"version-history":[{"count":4,"href":"https:\/\/elmenta.com\/fr\/wp-json\/wp\/v2\/pages\/3419\/revisions"}],"predecessor-version":[{"id":3489,"href":"https:\/\/elmenta.com\/fr\/wp-json\/wp\/v2\/pages\/3419\/revisions\/3489"}],"wp:attachment":[{"href":"https:\/\/elmenta.com\/fr\/wp-json\/wp\/v2\/media?parent=3419"}],"curies":[{"name":"wp","href":"https:\/\/api.w.org\/{rel}","templated":true}]}}