{"id":3386,"date":"2014-02-24T07:44:08","date_gmt":"2014-02-24T07:44:08","guid":{"rendered":"https:\/\/elmenta.com\/quality\/"},"modified":"2019-03-25T12:19:24","modified_gmt":"2019-03-25T12:19:24","slug":"qualite","status":"publish","type":"page","link":"https:\/\/elmenta.com\/fr\/qualite\/","title":{"rendered":"Qualit\u00e9"},"content":{"rendered":"\n<style type=\"text\/css\" data-created_by=\"avia_inline_auto\" id=\"style-css-av-av_heading-cb3743886dd274865a5db27aef1e43d1\">\n#top .av-special-heading.av-av_heading-cb3743886dd274865a5db27aef1e43d1{\npadding-bottom:10px;\n}\nbody .av-special-heading.av-av_heading-cb3743886dd274865a5db27aef1e43d1 .av-special-heading-tag .heading-char{\nfont-size:25px;\n}\n.av-special-heading.av-av_heading-cb3743886dd274865a5db27aef1e43d1 .av-subheading{\nfont-size:15px;\n}\n<\/style>\n<div  class='av-special-heading av-av_heading-cb3743886dd274865a5db27aef1e43d1 av-special-heading-h3 blockquote modern-quote  avia-builder-el-0  el_before_av_heading  avia-builder-el-first '><h3 class='av-special-heading-tag '  itemprop=\"headline\"  >Nous comprenons l\u2018importance d\u2019une bonne r\u00e9putation et avons donc \u00e9tabli un processus de qualit\u00e9 qui n\u2019existe pas seulement sur le papier, mais qui fonctionne r\u00e9ellement.<\/h3><div class='av-subheading av-subheading_below'><p>Dans notre travail, nous adh\u00e9rons aux exigences de la norme <b>EN15038<\/b>.<\/p>\n<\/div><div class=\"special-heading-border\"><div class=\"special-heading-inner-border\"><\/div><\/div><\/div>\n\n<style type=\"text\/css\" data-created_by=\"avia_inline_auto\" id=\"style-css-av-av_heading-4a89df31718263e9cf260cb11dbcc615\">\n#top .av-special-heading.av-av_heading-4a89df31718263e9cf260cb11dbcc615{\npadding-bottom:10px;\n}\nbody .av-special-heading.av-av_heading-4a89df31718263e9cf260cb11dbcc615 .av-special-heading-tag .heading-char{\nfont-size:25px;\n}\n.av-special-heading.av-av_heading-4a89df31718263e9cf260cb11dbcc615 .av-subheading{\nfont-size:15px;\n}\n<\/style>\n<div  class='av-special-heading av-av_heading-4a89df31718263e9cf260cb11dbcc615 av-special-heading-h3  avia-builder-el-1  el_after_av_heading  el_before_av_iconlist '><h3 class='av-special-heading-tag '  itemprop=\"headline\"  >Les d\u00e9tails de ce processus sont les suivants:<\/h3><div class=\"special-heading-border\"><div class=\"special-heading-inner-border\"><\/div><\/div><\/div>\n<div  class='avia-icon-list-container av-di9mkr-48f0552c866d577f1db9fdc7c6bfaa58  avia-builder-el-2  el_after_av_heading  el_before_av_heading '><ul class='avia-icon-list avia_animate_when_almost_visible avia-icon-list-left av-iconlist-big av-di9mkr-48f0552c866d577f1db9fdc7c6bfaa58 avia-iconlist-animate'>\n<li><div class='iconlist_icon av-9t8jtm-f797afb5f064d07dfcdc9e1b425e3bb4 avia-font-entypo-fontello'><span class='iconlist-char' aria-hidden='true' data-av_icon='\ue80b' data-av_iconfont='entypo-fontello'><\/span><\/div><article class=\"article-icon-entry \"  itemscope=\"itemscope\" itemtype=\"https:\/\/schema.org\/CreativeWork\" ><div class=\"iconlist_content_wrap\"><header class=\"entry-content-header\" aria-label=\"Icon: Discussion des besoins\"><h4 class='av_iconlist_title iconlist_title  '  itemprop=\"headline\" >Discussion des besoins<\/h4><\/header><div class='iconlist_content '  itemprop=\"text\" ><p>des clients et accord sur le calendrier\/la port\u00e9e\/le prix du projet<\/p>\n<\/div><\/div><footer class=\"entry-footer\"><\/footer><\/article><div class=\"iconlist-timeline\"><\/div><\/li>\n<li><div class='iconlist_icon av-6teqga-7902acad747913c7395198a910ee315b avia-font-entypo-fontello'><span class='iconlist-char' aria-hidden='true' data-av_icon='\ue837' data-av_iconfont='entypo-fontello'><\/span><\/div><article class=\"article-icon-entry \"  itemscope=\"itemscope\" itemtype=\"https:\/\/schema.org\/CreativeWork\" ><div class=\"iconlist_content_wrap\"><header class=\"entry-content-header\" aria-label=\"Icon: Traduction \"><h4 class='av_iconlist_title iconlist_title  '  itemprop=\"headline\" >Traduction <\/h4><\/header><div class='iconlist_content '  itemprop=\"text\" ><p>toujours effectu\u00e9e par des locuteurs natifs<\/p>\n<\/div><\/div><footer class=\"entry-footer\"><\/footer><\/article><div class=\"iconlist-timeline\"><\/div><\/li>\n<li><div class='iconlist_icon av-61ki7e-2317201cc033a316cfb8d4ec5a3f5245 avia-font-entypo-fontello'><span class='iconlist-char' aria-hidden='true' data-av_icon='\ue84b' data-av_iconfont='entypo-fontello'><\/span><\/div><article class=\"article-icon-entry \"  itemscope=\"itemscope\" itemtype=\"https:\/\/schema.org\/CreativeWork\" ><div class=\"iconlist_content_wrap\"><header class=\"entry-content-header\" aria-label=\"Icon: \u00c9dition \"><h4 class='av_iconlist_title iconlist_title  '  itemprop=\"headline\" >\u00c9dition <\/h4><\/header><div class='iconlist_content '  itemprop=\"text\" ><p>toujours effectu\u00e9e par des locuteurs natifs<\/p>\n<\/div><\/div><footer class=\"entry-footer\"><\/footer><\/article><div class=\"iconlist-timeline\"><\/div><\/li>\n<li><div class='iconlist_icon av-3jbu1m-7a53440dca591faf6483e970db5f848b avia-font-entypo-fontello'><span class='iconlist-char' aria-hidden='true' data-av_icon='\ue891' data-av_iconfont='entypo-fontello'><\/span><\/div><article class=\"article-icon-entry \"  itemscope=\"itemscope\" itemtype=\"https:\/\/schema.org\/CreativeWork\" ><div class=\"iconlist_content_wrap\"><header class=\"entry-content-header\" aria-label=\"Icon: V\u00e9rification ponctuelle \"><h4 class='av_iconlist_title iconlist_title  '  itemprop=\"headline\" >V\u00e9rification ponctuelle <\/h4><\/header><div class='iconlist_content '  itemprop=\"text\" ><p><span lang=\"FR\">v\u00e9rification du format + v\u00e9rification de la conformit\u00e9 aux exigences sp\u00e9cifiques du client<\/span><\/p>\n<\/div><\/div><footer class=\"entry-footer\"><\/footer><\/article><div class=\"iconlist-timeline\"><\/div><\/li>\n<li><div class='iconlist_icon av-6pevu-bbba8e77b196a078935a4e766b6b44f6 avia-font-entypo-fontello'><span class='iconlist-char' aria-hidden='true' data-av_icon='\ue82b' data-av_iconfont='entypo-fontello'><\/span><\/div><article class=\"article-icon-entry \"  itemscope=\"itemscope\" itemtype=\"https:\/\/schema.org\/CreativeWork\" ><div class=\"iconlist_content_wrap\"><header class=\"entry-content-header\" aria-label=\"Icon: V\u00e9rification post-PAO\"><h4 class='av_iconlist_title iconlist_title  '  itemprop=\"headline\" >V\u00e9rification post-PAO<\/h4><\/header><div class='iconlist_content '  itemprop=\"text\" ><p>V\u00e9rification post-PAO<\/p>\n<\/div><\/div><footer class=\"entry-footer\"><\/footer><\/article><div class=\"iconlist-timeline\"><\/div><\/li>\n<\/ul><\/div>\n\n<style type=\"text\/css\" data-created_by=\"avia_inline_auto\" id=\"style-css-av-av_heading-10b31339359377d6317f95ab8a7f55f8\">\n#top .av-special-heading.av-av_heading-10b31339359377d6317f95ab8a7f55f8{\npadding-bottom:10px;\n}\nbody .av-special-heading.av-av_heading-10b31339359377d6317f95ab8a7f55f8 .av-special-heading-tag .heading-char{\nfont-size:25px;\n}\n.av-special-heading.av-av_heading-10b31339359377d6317f95ab8a7f55f8 .av-subheading{\nfont-size:15px;\n}\n<\/style>\n<div  class='av-special-heading av-av_heading-10b31339359377d6317f95ab8a7f55f8 av-special-heading-h4 blockquote modern-quote  avia-builder-el-3  el_after_av_iconlist  el_before_av_promobox '><h4 class='av-special-heading-tag '  itemprop=\"headline\"  >Chaque client a son propre coordinateur de projet personnel,<\/h4><div class='av-subheading av-subheading_below'><p>ce qui signifie que vous n&rsquo;avez \u00e0 communiquer qu&rsquo;avec une seule personne. Nos coordinateurs de projet peuvent \u00e9galement \u00eatre contact\u00e9s en dehors des heures de travail car nous pensons qu&rsquo;une coop\u00e9ration \u00e9troite avec nos clients pendant toutes les \u00e9tapes du projet contribue grandement \u00e0 la qualit\u00e9 du produit final.<\/p>\n<\/div><div class=\"special-heading-border\"><div class=\"special-heading-inner-border\"><\/div><\/div><\/div>\n<div  class='av_promobox av-1ymx63-4b7d5f27bca14580a6afa4f14ca777f6 avia-button-yes  avia-builder-el-4  el_after_av_heading  avia-builder-el-last '><div class='avia-promocontent'><p>\nPour plus d&rsquo;informations sur notre proc\u00e9dure de qualit\u00e9, veuillez nous contacter.<\/p>\n<\/div><div  class='avia-button-wrap av-1ymx63-641fab1cf37f46bbc126801eea8db884-wrap avia-button-right '><a href='https:\/\/elmenta.com\/fr\/contactez-nous\/'  class='avia-button av-1ymx63-641fab1cf37f46bbc126801eea8db884 av-link-btn avia-icon_select-yes-left-icon avia-size-large avia-position-right avia-color-theme-color'   aria-label=\"E-mail\"><span class='avia_button_icon avia_button_icon_left' aria-hidden='true' data-av_icon='\ue805' data-av_iconfont='entypo-fontello'><\/span><span class='avia_iconbox_title' >E-mail<\/span><\/a><\/div><\/div>\n","protected":false},"excerpt":{"rendered":"","protected":false},"author":1,"featured_media":0,"parent":0,"menu_order":300,"comment_status":"closed","ping_status":"closed","template":"","meta":{"footnotes":""},"class_list":["post-3386","page","type-page","status-publish","hentry"],"_links":{"self":[{"href":"https:\/\/elmenta.com\/fr\/wp-json\/wp\/v2\/pages\/3386"}],"collection":[{"href":"https:\/\/elmenta.com\/fr\/wp-json\/wp\/v2\/pages"}],"about":[{"href":"https:\/\/elmenta.com\/fr\/wp-json\/wp\/v2\/types\/page"}],"author":[{"embeddable":true,"href":"https:\/\/elmenta.com\/fr\/wp-json\/wp\/v2\/users\/1"}],"replies":[{"embeddable":true,"href":"https:\/\/elmenta.com\/fr\/wp-json\/wp\/v2\/comments?post=3386"}],"version-history":[{"count":4,"href":"https:\/\/elmenta.com\/fr\/wp-json\/wp\/v2\/pages\/3386\/revisions"}],"predecessor-version":[{"id":3539,"href":"https:\/\/elmenta.com\/fr\/wp-json\/wp\/v2\/pages\/3386\/revisions\/3539"}],"wp:attachment":[{"href":"https:\/\/elmenta.com\/fr\/wp-json\/wp\/v2\/media?parent=3386"}],"curies":[{"name":"wp","href":"https:\/\/api.w.org\/{rel}","templated":true}]}}