{"id":2994,"date":"2018-09-28T16:43:49","date_gmt":"2018-09-28T16:43:49","guid":{"rendered":"https:\/\/elmenta.com\/?page_id=2994"},"modified":"2018-10-08T13:23:33","modified_gmt":"2018-10-08T13:23:33","slug":"relecture","status":"publish","type":"page","link":"https:\/\/elmenta.com\/fr\/prestations-de-service\/relecture\/","title":{"rendered":"Relecture"},"content":{"rendered":"<section  class='av_textblock_section av-av_textblock-5423793a0e82d2455362b4eba580b48d '   itemscope=\"itemscope\" itemtype=\"https:\/\/schema.org\/CreativeWork\" ><div class='avia_textblock'  itemprop=\"text\" ><p>La relecture est un processus visant \u00e0 d\u00e9tecter et corriger les erreurs. C&rsquo;est une t\u00e2che tr\u00e8s s\u00e9rieuse et importante car c&rsquo;est g\u00e9n\u00e9ralement la derni\u00e8re \u00e9tape de la production typographique avant la publication.<\/p>\n<p>Nos services de relecture comprennent :<\/p>\n<ul>\n<li>la correction de l&rsquo;orthographe, de la grammaire, de la ponctuation et des erreurs m\u00e9caniques ;<\/li>\n<li>la garantie de la coh\u00e9rence de la terminologie et du style ;<\/li>\n<li>la garantie de coh\u00e9rence de la mise en page et des polices ;<\/li>\n<li>la conformit\u00e9 aux normes d&rsquo;utilisation d&rsquo;une langue.<\/li>\n<\/ul>\n<p>Toutes les t\u00e2ches de relecture sont effectu\u00e9es par des linguistes, locuteurs natifs de la langue cible, ce qui nous permet d&rsquo;assurer la meilleure qualit\u00e9 du produit final.<\/p>\n<p>N&rsquo;h\u00e9sitez pas \u00e0 <a href=\"mailto:sales@elmenta.com\">nous contacter<\/a> si vous avez besoin de plus de d\u00e9tails sur les services de relecture que nous fournissons !<\/p>\n<\/div><\/section>\n","protected":false},"excerpt":{"rendered":"","protected":false},"author":1,"featured_media":0,"parent":2978,"menu_order":230,"comment_status":"closed","ping_status":"closed","template":"","meta":{"footnotes":""},"class_list":["post-2994","page","type-page","status-publish","hentry"],"_links":{"self":[{"href":"https:\/\/elmenta.com\/fr\/wp-json\/wp\/v2\/pages\/2994"}],"collection":[{"href":"https:\/\/elmenta.com\/fr\/wp-json\/wp\/v2\/pages"}],"about":[{"href":"https:\/\/elmenta.com\/fr\/wp-json\/wp\/v2\/types\/page"}],"author":[{"embeddable":true,"href":"https:\/\/elmenta.com\/fr\/wp-json\/wp\/v2\/users\/1"}],"replies":[{"embeddable":true,"href":"https:\/\/elmenta.com\/fr\/wp-json\/wp\/v2\/comments?post=2994"}],"version-history":[{"count":1,"href":"https:\/\/elmenta.com\/fr\/wp-json\/wp\/v2\/pages\/2994\/revisions"}],"predecessor-version":[{"id":2995,"href":"https:\/\/elmenta.com\/fr\/wp-json\/wp\/v2\/pages\/2994\/revisions\/2995"}],"up":[{"embeddable":true,"href":"https:\/\/elmenta.com\/fr\/wp-json\/wp\/v2\/pages\/2978"}],"wp:attachment":[{"href":"https:\/\/elmenta.com\/fr\/wp-json\/wp\/v2\/media?parent=2994"}],"curies":[{"name":"wp","href":"https:\/\/api.w.org\/{rel}","templated":true}]}}