{"id":3370,"date":"2018-10-08T13:25:14","date_gmt":"2018-10-08T13:25:14","guid":{"rendered":"https:\/\/elmenta.com\/?page_id=3370"},"modified":"2020-01-08T07:02:31","modified_gmt":"2020-01-08T07:02:31","slug":"palveluehdot","status":"publish","type":"page","link":"https:\/\/elmenta.com\/fi\/palvelut\/palveluehdot\/","title":{"rendered":"Palveluehdot"},"content":{"rendered":"<section  class='av_textblock_section av-2243ze-405f14e1dbc58f5161bb408419d3ed68 '   itemscope=\"itemscope\" itemtype=\"https:\/\/schema.org\/CreativeWork\" ><div class='avia_textblock'  itemprop=\"text\" ><p>N\u00e4it\u00e4 ehtoja sovelletaan &#8221;Asiakkaan&#8221; (K\u00e4\u00e4nt\u00e4j\u00e4lt\u00e4 k\u00e4\u00e4nn\u00f6spalveluita suoraan ostava osapuoli) ja &#8221;K\u00e4\u00e4nt\u00e4j\u00e4n&#8221; (Elmenta O\u00dc\/SIA Elmenta) v\u00e4liseen suhteeseen. Tehdess\u00e4\u00e4n tilauksen Asiakas vahvistaa hyv\u00e4ksyv\u00e4ns\u00e4 seuraavat palveluehdot:<\/p>\n<p>1. Kaikki k\u00e4\u00e4nn\u00f6st\u00f6iden palvelutilaukset tehd\u00e4\u00e4n\/vahvistetaan kirjallisina ja ne sis\u00e4lt\u00e4v\u00e4t projektin kuvauksen, m\u00e4\u00e4r\u00e4ajan, hinnan k\u00e4\u00e4nn\u00f6syksikk\u00f6\u00e4 kohti, k\u00e4\u00e4nn\u00f6syksik\u00f6n m\u00e4\u00e4ritelm\u00e4n sek\u00e4 maksuehdot. Suulliset sopimukset eiv\u00e4t ole voimassa.<\/p>\n<p>2. Jos k\u00e4\u00e4nn\u00f6sprojekti perutaan sen j\u00e4lkeen, kun Asiakas on tehnyt muodollisen toimeksiannon, K\u00e4\u00e4nt\u00e4j\u00e4 on oikeutettu saamaan korvauksen kaikesta ty\u00f6st\u00e4, jonka h\u00e4n on ehtinyt suorittaa siihen menness\u00e4, kun Asiakas peruu projektin. T\u00e4ss\u00e4 tapauksessa K\u00e4\u00e4nt\u00e4j\u00e4n on toimitettava Asiakkaalle kaikki siihen menness\u00e4 k\u00e4\u00e4nnetyt materiaalit. Maksettava summa lasketaan aiemmin sovitun hinnan mukaan k\u00e4\u00e4nn\u00f6syksikk\u00f6\u00e4 kohti.<\/p>\n<p>3. Asiakas voi pyyt\u00e4\u00e4 k\u00e4\u00e4nnettyyn materiaaliin korjauksia\/tarkistuksia 20 arkip\u00e4iv\u00e4n kuluessa siit\u00e4 p\u00e4iv\u00e4st\u00e4, jolloin ty\u00f6 on toimitettu asiakkaalle. Korjausten\/tarkistusten tarpeellisuudesta riippuen K\u00e4\u00e4nt\u00e4j\u00e4 voi tehd\u00e4 osan niist\u00e4 ilmaiseksi. K\u00e4\u00e4nnetty\u00e4 materiaalia tai sen laatua koskevia vaateita ei hyv\u00e4ksyt\u00e4 t\u00e4m\u00e4n ajanjakson j\u00e4lkeen.<\/p>\n<p>4. Jos Asiakas ei ole tyytyv\u00e4inen K\u00e4\u00e4nt\u00e4j\u00e4n ty\u00f6n laatuun, K\u00e4\u00e4nt\u00e4j\u00e4lle on annettava mahdollisuus korjata k\u00e4\u00e4nn\u00f6st\u00e4. Vasta t\u00e4m\u00e4n j\u00e4lkeen voidaan neuvotella maksuehtojen tai projektin hinnan muutoksista.<\/p>\n<p>5. Projektia koskevat taloudelliset vaateet eiv\u00e4t voi ylitt\u00e4\u00e4 kyseisen projektin kokonaissummaa.<\/p>\n<p>6. K\u00e4\u00e4nt\u00e4j\u00e4 s\u00e4ilytt\u00e4\u00e4 tekij\u00e4noikeudet k\u00e4\u00e4nn\u00f6kseen kokonaisuudessaan, kunnes palveluita koskeva lasku on maksettu kokonaisuudessaan. Tehdyn k\u00e4\u00e4nn\u00f6ksen tekij\u00e4noikeudet siirtyv\u00e4t laskun maksun j\u00e4lkeen Asiakkaalle ja\/tai Loppuasiakkaalle, ja niist\u00e4 tulee h\u00e4nen yksinomaista omaisuuttaan. Kaikenlainen k\u00e4\u00e4nn\u00f6ksen k\u00e4ytt\u00f6 ilman kokonaan suoritettua maksua on kansallisen ja kansainv\u00e4lisen lains\u00e4\u00e4d\u00e4nn\u00f6n alainen tekij\u00e4noikeusloukkaus.<\/p>\n<p>7. Jos K\u00e4\u00e4nt\u00e4j\u00e4n tekem\u00e4 ty\u00f6 on julkisesti saatavilla ty\u00f6n suorittamisen j\u00e4lkeen (esimerkiksi julkisen verkkosivuston, yritysesitteen jne. muodossa), K\u00e4\u00e4nt\u00e4j\u00e4 saa k\u00e4ytt\u00e4\u00e4 ty\u00f6t\u00e4 ja\/tai mainita siit\u00e4 portfoliossaan tai ammattisuosituksissaan.<\/p>\n<p>8. Jos Asiakas toimii Loppuasiakkaan tai kolmannen osapuolen puolesta, n\u00e4it\u00e4 Palveluehtoja sovelletaan ainoastaan Asiakkaaseen. Asiakkaalla on oikeus maksaa K\u00e4\u00e4nt\u00e4j\u00e4n palveluista viipym\u00e4tt\u00e4 Loppuasiakkaan\/kolmannen osapuolen maksuehdoista tai heid\u00e4n v\u00e4lisist\u00e4\u00e4n sopimuksista riippumatta.<\/p>\n<\/div><\/section>\n","protected":false},"excerpt":{"rendered":"","protected":false},"author":2,"featured_media":0,"parent":2866,"menu_order":250,"comment_status":"closed","ping_status":"closed","template":"","meta":{"footnotes":""},"class_list":["post-3370","page","type-page","status-publish","hentry"],"_links":{"self":[{"href":"https:\/\/elmenta.com\/fi\/wp-json\/wp\/v2\/pages\/3370"}],"collection":[{"href":"https:\/\/elmenta.com\/fi\/wp-json\/wp\/v2\/pages"}],"about":[{"href":"https:\/\/elmenta.com\/fi\/wp-json\/wp\/v2\/types\/page"}],"author":[{"embeddable":true,"href":"https:\/\/elmenta.com\/fi\/wp-json\/wp\/v2\/users\/2"}],"replies":[{"embeddable":true,"href":"https:\/\/elmenta.com\/fi\/wp-json\/wp\/v2\/comments?post=3370"}],"version-history":[{"count":5,"href":"https:\/\/elmenta.com\/fi\/wp-json\/wp\/v2\/pages\/3370\/revisions"}],"predecessor-version":[{"id":3558,"href":"https:\/\/elmenta.com\/fi\/wp-json\/wp\/v2\/pages\/3370\/revisions\/3558"}],"up":[{"embeddable":true,"href":"https:\/\/elmenta.com\/fi\/wp-json\/wp\/v2\/pages\/2866"}],"wp:attachment":[{"href":"https:\/\/elmenta.com\/fi\/wp-json\/wp\/v2\/media?parent=3370"}],"curies":[{"name":"wp","href":"https:\/\/api.w.org\/{rel}","templated":true}]}}