{"id":2945,"date":"2014-12-10T15:52:32","date_gmt":"2014-12-10T15:52:32","guid":{"rendered":"https:\/\/elmenta.com\/?page_id=2945"},"modified":"2018-10-08T13:04:29","modified_gmt":"2018-10-08T13:04:29","slug":"ukk","status":"publish","type":"page","link":"https:\/\/elmenta.com\/fi\/ukk\/","title":{"rendered":"UKK"},"content":{"rendered":"<div  class='togglecontainer av-av_toggle_container-347a12baf8360a46336ea4ec710de738  avia-builder-el-0  avia-builder-el-no-sibling  toggle_close_all' ><div class='taglist'><div class=\"tag-tab\"><a href=\"#\" data-tag=\"{All}\" class=\"activeFilter\">All<\/a><span class='tag-seperator'>\/<\/span><\/div><div class=\"tag-tab\"><a href=\"#\" data-tag=\"{... jos olet asiakas}\" class=\"\">... jos olet asiakas<\/a><span class='tag-seperator'>\/<\/span><\/div><div class=\"tag-tab\"><a href=\"#\" data-tag=\"{...jos olet k\u00e4\u00e4nt\u00e4j\u00e4\/palveluntarjoaja}\" class=\"\">...jos olet k\u00e4\u00e4nt\u00e4j\u00e4\/palveluntarjoaja<\/a><span class='tag-seperator'>\/<\/span><\/div><\/div>\n<section class='av_toggle_section av-av_toggle-73c3a4f4d4b18a87f61310abc0833b8c'  itemscope=\"itemscope\" itemtype=\"https:\/\/schema.org\/CreativeWork\" ><div role=\"tablist\" class=\"single_toggle\" data-tags=\"{All} {... jos olet asiakas} \"  ><p id='toggle-toggle-id-1' data-fake-id='#toggle-id-1' class='toggler  activeTitle av-title-above '  itemprop=\"headline\"  role='tab' tabindex='0' aria-controls='toggle-id-1' data-slide-speed=\"200\" data-title=\"Mit\u00e4 kieli\u00e4 k\u00e4sittelette?\" data-title-open=\"\" data-aria_collapsed=\"Click to expand: Mit\u00e4 kieli\u00e4 k\u00e4sittelette?\" data-aria_expanded=\"Click to collapse: Mit\u00e4 kieli\u00e4 k\u00e4sittelette?\">Mit\u00e4 kieli\u00e4 k\u00e4sittelette?<span class=\"toggle_icon\"><span class=\"vert_icon\"><\/span><span class=\"hor_icon\"><\/span><\/span><\/p><div id='toggle-id-1' aria-labelledby='toggle-toggle-id-1' role='region' class='toggle_wrap  active_tc av-title-above' style='display:block;' ><div class='toggle_content invers-color '  itemprop=\"text\" ><p>Olemme erikoistuneet k\u00e4\u00e4nn\u00f6ksiin englannista, saksasta, suomesta ja ruotsista viroon, latviaan, liettuaan ja ven\u00e4j\u00e4\u00e4n. Pystymme kuitenkin toimittamaan k\u00e4\u00e4nn\u00f6ksi\u00e4 my\u00f6s muille kielipareille.<\/p>\n<\/div><\/div><\/div><\/section>\n<section class='av_toggle_section av-av_toggle-69d76f76434c6f3467eb2109fef190e1'  itemscope=\"itemscope\" itemtype=\"https:\/\/schema.org\/CreativeWork\" ><div role=\"tablist\" class=\"single_toggle\" data-tags=\"{All} {... jos olet asiakas} \"  ><p id='toggle-toggle-id-2' data-fake-id='#toggle-id-2' class='toggler  av-title-above '  itemprop=\"headline\"  role='tab' tabindex='0' aria-controls='toggle-id-2' data-slide-speed=\"200\" data-title=\"Kuinka paljon sivun k\u00e4\u00e4nt\u00e4minen maksaa?\" data-title-open=\"\" data-aria_collapsed=\"Click to expand: Kuinka paljon sivun k\u00e4\u00e4nt\u00e4minen maksaa?\" data-aria_expanded=\"Click to collapse: Kuinka paljon sivun k\u00e4\u00e4nt\u00e4minen maksaa?\">Kuinka paljon sivun k\u00e4\u00e4nt\u00e4minen maksaa?<span class=\"toggle_icon\"><span class=\"vert_icon\"><\/span><span class=\"hor_icon\"><\/span><\/span><\/p><div id='toggle-id-2' aria-labelledby='toggle-toggle-id-2' role='region' class='toggle_wrap  av-title-above'  ><div class='toggle_content invers-color '  itemprop=\"text\" ><p>K\u00e4\u00e4nnetyn sivun hinta riippuu kieliparista, k\u00e4\u00e4nnett\u00e4v\u00e4n tekstin aihealueesta\/vaikeudesta sek\u00e4 ty\u00f6n kiireellisyydest\u00e4. Voit pyyt\u00e4\u00e4 ilmaisen tarjouksen l\u00e4hett\u00e4m\u00e4ll\u00e4 meille <a href=\"mailto:sales@elmenta.com\">s\u00e4hk\u00f6postia<\/a>.<\/p>\n<\/div><\/div><\/div><\/section>\n<section class='av_toggle_section av-av_toggle-f169c57b9446689220002c5fae29b90c'  itemscope=\"itemscope\" itemtype=\"https:\/\/schema.org\/CreativeWork\" ><div role=\"tablist\" class=\"single_toggle\" data-tags=\"{All} {... jos olet asiakas} \"  ><p id='toggle-toggle-id-3' data-fake-id='#toggle-id-3' class='toggler  av-title-above '  itemprop=\"headline\"  role='tab' tabindex='0' aria-controls='toggle-id-3' data-slide-speed=\"200\" data-title=\"Kuinka projektin hinta lasketaan?\" data-title-open=\"\" data-aria_collapsed=\"Click to expand: Kuinka projektin hinta lasketaan?\" data-aria_expanded=\"Click to collapse: Kuinka projektin hinta lasketaan?\">Kuinka projektin hinta lasketaan?<span class=\"toggle_icon\"><span class=\"vert_icon\"><\/span><span class=\"hor_icon\"><\/span><\/span><\/p><div id='toggle-id-3' aria-labelledby='toggle-toggle-id-3' role='region' class='toggle_wrap  av-title-above'  ><div class='toggle_content invers-color '  itemprop=\"text\" ><p>K\u00e4\u00e4nn\u00f6skustannukset riippuvat kieliparista, k\u00e4\u00e4nnett\u00e4v\u00e4n tekstin aihealueesta\/vaikeudesta sek\u00e4 ty\u00f6n kiireellisyydest\u00e4. Laskemme kustannukset k\u00e4\u00e4nnett\u00e4v\u00e4n tekstin m\u00e4\u00e4r\u00e4n mukaan, esim. sanam\u00e4\u00e4r\u00e4n perusteella. K\u00e4yt\u00e4mme tekstin analysointiin erikoisty\u00f6kalua ja jos teksti sis\u00e4lt\u00e4\u00e4 paljon toistoa, k\u00e4\u00e4nn\u00f6skustannukset laskevat.<\/p>\n<\/div><\/div><\/div><\/section>\n<section class='av_toggle_section av-av_toggle-e00276057dd6d82ae428b8be8e5eebc0'  itemscope=\"itemscope\" itemtype=\"https:\/\/schema.org\/CreativeWork\" ><div role=\"tablist\" class=\"single_toggle\" data-tags=\"{All} {... jos olet asiakas} \"  ><p id='toggle-toggle-id-4' data-fake-id='#toggle-id-4' class='toggler  av-title-above '  itemprop=\"headline\"  role='tab' tabindex='0' aria-controls='toggle-id-4' data-slide-speed=\"200\" data-title=\"Vaikuttaako projektin kiireellisyys kustannuksiin?\" data-title-open=\"\" data-aria_collapsed=\"Click to expand: Vaikuttaako projektin kiireellisyys kustannuksiin?\" data-aria_expanded=\"Click to collapse: Vaikuttaako projektin kiireellisyys kustannuksiin?\">Vaikuttaako projektin kiireellisyys kustannuksiin?<span class=\"toggle_icon\"><span class=\"vert_icon\"><\/span><span class=\"hor_icon\"><\/span><\/span><\/p><div id='toggle-id-4' aria-labelledby='toggle-toggle-id-4' role='region' class='toggle_wrap  av-title-above'  ><div class='toggle_content invers-color '  itemprop=\"text\" ><p>Kyll\u00e4, kiireellisiin projekteihin sovelletaan 30\u201370 prosentin suuruista lis\u00e4maksua.<\/p>\n<\/div><\/div><\/div><\/section>\n<section class='av_toggle_section av-av_toggle-0300c3e98b08a5f946263064bb196c1a'  itemscope=\"itemscope\" itemtype=\"https:\/\/schema.org\/CreativeWork\" ><div role=\"tablist\" class=\"single_toggle\" data-tags=\"{All} {... jos olet asiakas} \"  ><p id='toggle-toggle-id-5' data-fake-id='#toggle-id-5' class='toggler  av-title-above '  itemprop=\"headline\"  role='tab' tabindex='0' aria-controls='toggle-id-5' data-slide-speed=\"200\" data-title=\"Tarjoatteko alennuksia?\" data-title-open=\"\" data-aria_collapsed=\"Click to expand: Tarjoatteko alennuksia?\" data-aria_expanded=\"Click to collapse: Tarjoatteko alennuksia?\">Tarjoatteko alennuksia?<span class=\"toggle_icon\"><span class=\"vert_icon\"><\/span><span class=\"hor_icon\"><\/span><\/span><\/p><div id='toggle-id-5' aria-labelledby='toggle-toggle-id-5' role='region' class='toggle_wrap  av-title-above'  ><div class='toggle_content invers-color '  itemprop=\"text\" ><p>Totta kai. Alennuksen m\u00e4\u00e4r\u00e4 riippuu projektin laajuudesta ja voi olla 10\u201315 prosenttia projektin hinnasta. Alennusprosentti neuvotellaan aina erikseen.<\/p>\n<\/div><\/div><\/div><\/section>\n<section class='av_toggle_section av-av_toggle-e1c75bc78f2a9d7dad935b47323f4d41'  itemscope=\"itemscope\" itemtype=\"https:\/\/schema.org\/CreativeWork\" ><div role=\"tablist\" class=\"single_toggle\" data-tags=\"{All} {... jos olet asiakas} \"  ><p id='toggle-toggle-id-6' data-fake-id='#toggle-id-6' class='toggler  av-title-above '  itemprop=\"headline\"  role='tab' tabindex='0' aria-controls='toggle-id-6' data-slide-speed=\"200\" data-title=\"Kuinka voimme tehd\u00e4 tilauksen?\" data-title-open=\"\" data-aria_collapsed=\"Click to expand: Kuinka voimme tehd\u00e4 tilauksen?\" data-aria_expanded=\"Click to collapse: Kuinka voimme tehd\u00e4 tilauksen?\">Kuinka voimme tehd\u00e4 tilauksen?<span class=\"toggle_icon\"><span class=\"vert_icon\"><\/span><span class=\"hor_icon\"><\/span><\/span><\/p><div id='toggle-id-6' aria-labelledby='toggle-toggle-id-6' role='region' class='toggle_wrap  av-title-above'  ><div class='toggle_content invers-color '  itemprop=\"text\" ><p>Voit tehd\u00e4 tilauksen l\u00e4hett\u00e4m\u00e4ll\u00e4 meille <a href=\"mailto:sales@elmenta.com\">s\u00e4hk\u00f6postia<\/a>.<\/p>\n<\/div><\/div><\/div><\/section>\n<section class='av_toggle_section av-av_toggle-1f626faa22058fba0230aa7a2a1acada'  itemscope=\"itemscope\" itemtype=\"https:\/\/schema.org\/CreativeWork\" ><div role=\"tablist\" class=\"single_toggle\" data-tags=\"{All} {... jos olet asiakas} \"  ><p id='toggle-toggle-id-7' data-fake-id='#toggle-id-7' class='toggler  av-title-above '  itemprop=\"headline\"  role='tab' tabindex='0' aria-controls='toggle-id-7' data-slide-speed=\"200\" data-title=\"Mit\u00e4 tiedostomuotoja k\u00e4sittelette?\" data-title-open=\"\" data-aria_collapsed=\"Click to expand: Mit\u00e4 tiedostomuotoja k\u00e4sittelette?\" data-aria_expanded=\"Click to collapse: Mit\u00e4 tiedostomuotoja k\u00e4sittelette?\">Mit\u00e4 tiedostomuotoja k\u00e4sittelette?<span class=\"toggle_icon\"><span class=\"vert_icon\"><\/span><span class=\"hor_icon\"><\/span><\/span><\/p><div id='toggle-id-7' aria-labelledby='toggle-toggle-id-7' role='region' class='toggle_wrap  av-title-above'  ><div class='toggle_content invers-color '  itemprop=\"text\" ><p>Hyv\u00e4ksymme k\u00e4\u00e4nnett\u00e4v\u00e4t materiaalit eri tiedostomuodoissa \u2013 tekstitiedostot (*.txt, *.doc(x), *.ppt(x), *.xls(x), *.pdf jne.) sek\u00e4 my\u00f6s video-\/\u00e4\u00e4nitiedostot.<\/p>\n<\/div><\/div><\/div><\/section>\n<section class='av_toggle_section av-av_toggle-3413bb34ff38b91458f6fe396001b0a7'  itemscope=\"itemscope\" itemtype=\"https:\/\/schema.org\/CreativeWork\" ><div role=\"tablist\" class=\"single_toggle\" data-tags=\"{All} {... jos olet asiakas} \"  ><p id='toggle-toggle-id-8' data-fake-id='#toggle-id-8' class='toggler  av-title-above '  itemprop=\"headline\"  role='tab' tabindex='0' aria-controls='toggle-id-8' data-slide-speed=\"200\" data-title=\"Kuinka voin maksaa tilauksen?\" data-title-open=\"\" data-aria_collapsed=\"Click to expand: Kuinka voin maksaa tilauksen?\" data-aria_expanded=\"Click to collapse: Kuinka voin maksaa tilauksen?\">Kuinka voin maksaa tilauksen?<span class=\"toggle_icon\"><span class=\"vert_icon\"><\/span><span class=\"hor_icon\"><\/span><\/span><\/p><div id='toggle-id-8' aria-labelledby='toggle-toggle-id-8' role='region' class='toggle_wrap  av-title-above'  ><div class='toggle_content invers-color '  itemprop=\"text\" ><p>Hyv\u00e4ksymme erilaisia maksutapoja. Voit maksaa joko pankkisiirrolla tilillemme tai erilaisten maksuj\u00e4rjestelmien kautta &#8211; PayPal ja Scrill.<\/p>\n<\/div><\/div><\/div><\/section>\n<section class='av_toggle_section av-av_toggle-4f0bdbc5d06f739e50cb8b759e31b88b'  itemscope=\"itemscope\" itemtype=\"https:\/\/schema.org\/CreativeWork\" ><div role=\"tablist\" class=\"single_toggle\" data-tags=\"{All} {... jos olet asiakas} \"  ><p id='toggle-toggle-id-9' data-fake-id='#toggle-id-9' class='toggler  av-title-above '  itemprop=\"headline\"  role='tab' tabindex='0' aria-controls='toggle-id-9' data-slide-speed=\"200\" data-title=\"Kuinka k\u00e4\u00e4nn\u00f6sten laatu varmistetaan?\" data-title-open=\"\" data-aria_collapsed=\"Click to expand: Kuinka k\u00e4\u00e4nn\u00f6sten laatu varmistetaan?\" data-aria_expanded=\"Click to collapse: Kuinka k\u00e4\u00e4nn\u00f6sten laatu varmistetaan?\">Kuinka k\u00e4\u00e4nn\u00f6sten laatu varmistetaan?<span class=\"toggle_icon\"><span class=\"vert_icon\"><\/span><span class=\"hor_icon\"><\/span><\/span><\/p><div id='toggle-id-9' aria-labelledby='toggle-toggle-id-9' role='region' class='toggle_wrap  av-title-above'  ><div class='toggle_content invers-color '  itemprop=\"text\" ><p>Laadunvarmistusmenettelymme mukaisesti kaikki k\u00e4\u00e4nn\u00f6kset kulkevat usean vaiheen l\u00e4pi \u2013 k\u00e4\u00e4nn\u00f6s, editointi, pistokoe-\/muodon tarkastus ja painoon menevien tuotteiden osalta taiton j\u00e4lkeinen tarkastus. Useimmissa tapauksissa k\u00e4\u00e4nt\u00e4j\u00e4mme ovat kohdekielt\u00e4 \u00e4idinkielen\u00e4\u00e4n puhuvia ja asuvat alueella tai maassa, jossa kohdeteksti\u00e4 k\u00e4ytet\u00e4\u00e4n. Editoinnin tekev\u00e4t aina kielt\u00e4 \u00e4idinkielen\u00e4\u00e4n puhuvat kielialan ammattilaiset.<\/p>\n<\/div><\/div><\/div><\/section>\n<section class='av_toggle_section av-av_toggle-d4346c4d44db86fb88a331b21ec2439c'  itemscope=\"itemscope\" itemtype=\"https:\/\/schema.org\/CreativeWork\" ><div role=\"tablist\" class=\"single_toggle\" data-tags=\"{All} {... jos olet asiakas} \"  ><p id='toggle-toggle-id-10' data-fake-id='#toggle-id-10' class='toggler  av-title-above '  itemprop=\"headline\"  role='tab' tabindex='0' aria-controls='toggle-id-10' data-slide-speed=\"200\" data-title=\"Kuinka takaatte k\u00e4\u00e4nnett\u00e4v\u00e4n materiaalin luottamuksellisuuden?\" data-title-open=\"\" data-aria_collapsed=\"Click to expand: Kuinka takaatte k\u00e4\u00e4nnett\u00e4v\u00e4n materiaalin luottamuksellisuuden?\" data-aria_expanded=\"Click to collapse: Kuinka takaatte k\u00e4\u00e4nnett\u00e4v\u00e4n materiaalin luottamuksellisuuden?\">Kuinka takaatte k\u00e4\u00e4nnett\u00e4v\u00e4n materiaalin luottamuksellisuuden?<span class=\"toggle_icon\"><span class=\"vert_icon\"><\/span><span class=\"hor_icon\"><\/span><\/span><\/p><div id='toggle-id-10' aria-labelledby='toggle-toggle-id-10' role='region' class='toggle_wrap  av-title-above'  ><div class='toggle_content invers-color '  itemprop=\"text\" ><p>All our vendors have signed the non-disclosure agreement with our company. In some special cases, if the client considers it is not enough, we can agree with the client about the additional protective measures.<\/p>\n<\/div><\/div><\/div><\/section>\n<section class='av_toggle_section av-av_toggle-523465511994913c65b7a9f13c9df8da'  itemscope=\"itemscope\" itemtype=\"https:\/\/schema.org\/CreativeWork\" ><div role=\"tablist\" class=\"single_toggle\" data-tags=\"{All} {...jos olet k\u00e4\u00e4nt\u00e4j\u00e4\/palveluntarjoaja} \"  ><p id='toggle-toggle-id-11' data-fake-id='#toggle-id-11' class='toggler  av-title-above '  itemprop=\"headline\"  role='tab' tabindex='0' aria-controls='toggle-id-11' data-slide-speed=\"200\" data-title=\"Mitk\u00e4 ovat k\u00e4\u00e4nt\u00e4ji\u00e4 koskevat vaatimukset?\" data-title-open=\"\" data-aria_collapsed=\"Click to expand: Mitk\u00e4 ovat k\u00e4\u00e4nt\u00e4ji\u00e4 koskevat vaatimukset?\" data-aria_expanded=\"Click to collapse: Mitk\u00e4 ovat k\u00e4\u00e4nt\u00e4ji\u00e4 koskevat vaatimukset?\">Mitk\u00e4 ovat k\u00e4\u00e4nt\u00e4ji\u00e4 koskevat vaatimukset?<span class=\"toggle_icon\"><span class=\"vert_icon\"><\/span><span class=\"hor_icon\"><\/span><\/span><\/p><div id='toggle-id-11' aria-labelledby='toggle-toggle-id-11' role='region' class='toggle_wrap  av-title-above'  ><div class='toggle_content invers-color '  itemprop=\"text\" ><p>Vaatimuksemme ovat:<\/p>\n<ul>\n<li>k\u00e4\u00e4nn\u00f6salan ammatillinen p\u00e4tevyys;<\/li>\n<li>v\u00e4hint\u00e4\u00e4n viiden vuoden todistettava ty\u00f6kokemus k\u00e4\u00e4nn\u00f6salalta;<\/li>\n<li>luotettavuus ja tarkkuus;<\/li>\n<li>kokemus tietokoneavusteisista k\u00e4\u00e4nn\u00f6sty\u00f6kaluista \u2013 Trados, MemoQ jne.<\/li>\n<\/ul>\n<\/div><\/div><\/div><\/section>\n<section class='av_toggle_section av-av_toggle-0211c99e844445245de8305cd35c30a2'  itemscope=\"itemscope\" itemtype=\"https:\/\/schema.org\/CreativeWork\" ><div role=\"tablist\" class=\"single_toggle\" data-tags=\"{All} {...jos olet k\u00e4\u00e4nt\u00e4j\u00e4\/palveluntarjoaja} \"  ><p id='toggle-toggle-id-12' data-fake-id='#toggle-id-12' class='toggler  av-title-above '  itemprop=\"headline\"  role='tab' tabindex='0' aria-controls='toggle-id-12' data-slide-speed=\"200\" data-title=\"Kuinka voin hakea t\u00f6it\u00e4 teilt\u00e4?\" data-title-open=\"\" data-aria_collapsed=\"Click to expand: Kuinka voin hakea t\u00f6it\u00e4 teilt\u00e4?\" data-aria_expanded=\"Click to collapse: Kuinka voin hakea t\u00f6it\u00e4 teilt\u00e4?\">Kuinka voin hakea t\u00f6it\u00e4 teilt\u00e4?<span class=\"toggle_icon\"><span class=\"vert_icon\"><\/span><span class=\"hor_icon\"><\/span><\/span><\/p><div id='toggle-id-12' aria-labelledby='toggle-toggle-id-12' role='region' class='toggle_wrap  av-title-above'  ><div class='toggle_content invers-color '  itemprop=\"text\" ><p>Olemme aina kiinnostuneita ty\u00f6skentelem\u00e4\u00e4n kokeneiden ja luotettavien alihankkijoiden kanssa. Jos haluat liitty\u00e4 tiimiimme, l\u00e4het\u00e4 CV ja hakemus osoitteeseen\u00a0<a href=\"mailto:vendors@abellana-ts.com\">vendors(at)elmenta.com<\/a>.<\/p>\n<\/div><\/div><\/div><\/section>\n<section class='av_toggle_section av-av_toggle-07073a4335b13855cf7f0d3e4725bac9'  itemscope=\"itemscope\" itemtype=\"https:\/\/schema.org\/CreativeWork\" ><div role=\"tablist\" class=\"single_toggle\" data-tags=\"{All} {...jos olet k\u00e4\u00e4nt\u00e4j\u00e4\/palveluntarjoaja} \"  ><p id='toggle-toggle-id-13' data-fake-id='#toggle-id-13' class='toggler  av-title-above '  itemprop=\"headline\"  role='tab' tabindex='0' aria-controls='toggle-id-13' data-slide-speed=\"200\" data-title=\"Mitk\u00e4 ovat maksuehtonne?\" data-title-open=\"\" data-aria_collapsed=\"Click to expand: Mitk\u00e4 ovat maksuehtonne?\" data-aria_expanded=\"Click to collapse: Mitk\u00e4 ovat maksuehtonne?\">Mitk\u00e4 ovat maksuehtonne?<span class=\"toggle_icon\"><span class=\"vert_icon\"><\/span><span class=\"hor_icon\"><\/span><\/span><\/p><div id='toggle-id-13' aria-labelledby='toggle-toggle-id-13' role='region' class='toggle_wrap  av-title-above'  ><div class='toggle_content invers-color '  itemprop=\"text\" ><p>Maksamme alihankkijan l\u00e4hett\u00e4m\u00e4n laskun perusteella. Maksuehto on 30 vuorokautta laskun vastaanottop\u00e4iv\u00e4st\u00e4.<\/p>\n<\/div><\/div><\/div><\/section>\n<section class='av_toggle_section av-av_toggle-1758087145e754175ec8908c066ff8eb'  itemscope=\"itemscope\" itemtype=\"https:\/\/schema.org\/CreativeWork\" ><div role=\"tablist\" class=\"single_toggle\" data-tags=\"{All} {...jos olet k\u00e4\u00e4nt\u00e4j\u00e4\/palveluntarjoaja} \"  ><p id='toggle-toggle-id-14' data-fake-id='#toggle-id-14' class='toggler  av-title-above '  itemprop=\"headline\"  role='tab' tabindex='0' aria-controls='toggle-id-14' data-slide-speed=\"200\" data-title=\"Mitk\u00e4 ovat maksutapanne?\" data-title-open=\"\" data-aria_collapsed=\"Click to expand: Mitk\u00e4 ovat maksutapanne?\" data-aria_expanded=\"Click to collapse: Mitk\u00e4 ovat maksutapanne?\">Mitk\u00e4 ovat maksutapanne?<span class=\"toggle_icon\"><span class=\"vert_icon\"><\/span><span class=\"hor_icon\"><\/span><\/span><\/p><div id='toggle-id-14' aria-labelledby='toggle-toggle-id-14' role='region' class='toggle_wrap  av-title-above'  ><div class='toggle_content invers-color '  itemprop=\"text\" ><p>Voimme tarjota eri maksutapoja. Voimme maksaa joko pankkisiirrolla tilille tai eri maksuj\u00e4rjestelmien kautta &#8211; PayPal ja Moneybookers (Scrill).<\/p>\n<\/div><\/div><\/div><\/section>\n<section class='av_toggle_section av-av_toggle-657c84d7967bddab551036d3fd21d822'  itemscope=\"itemscope\" itemtype=\"https:\/\/schema.org\/CreativeWork\" ><div role=\"tablist\" class=\"single_toggle\" data-tags=\"{All} {...jos olet k\u00e4\u00e4nt\u00e4j\u00e4\/palveluntarjoaja} \"  ><p id='toggle-toggle-id-15' data-fake-id='#toggle-id-15' class='toggler  av-title-above '  itemprop=\"headline\"  role='tab' tabindex='0' aria-controls='toggle-id-15' data-slide-speed=\"200\" data-title=\"Mit\u00e4 tietoja laskussa on oltava?\" data-title-open=\"\" data-aria_collapsed=\"Click to expand: Mit\u00e4 tietoja laskussa on oltava?\" data-aria_expanded=\"Click to collapse: Mit\u00e4 tietoja laskussa on oltava?\">Mit\u00e4 tietoja laskussa on oltava?<span class=\"toggle_icon\"><span class=\"vert_icon\"><\/span><span class=\"hor_icon\"><\/span><\/span><\/p><div id='toggle-id-15' aria-labelledby='toggle-toggle-id-15' role='region' class='toggle_wrap  av-title-above'  ><div class='toggle_content invers-color '  itemprop=\"text\" ><p>Laskussa on oltava seuraavat tiedot:<\/p>\n<ul>\n<li>T\u00e4ydelliset tiedot maksajasta ja maksun saajasta \u2013 yrityksen nimi\/nimi, freelance-k\u00e4\u00e4nt\u00e4j\u00e4n sukunimi, osoite, verotustunnus (tai alv-numero), yritystunnus (jos on) jne. Tietosi l\u00f6ytyv\u00e4t kohdasta &#8221;Yhteystiedot&#8221;.<\/li>\n<li>p\u00e4iv\u00e4ys ja laskun numero,<\/li>\n<li>projektinumero ja tiedot projektista (palvelun tyyppi, hinta, m\u00e4\u00e4r\u00e4 jne.),<\/li>\n<li>pankkitiedot (pankin nimi ja osoite, tilinumero (IBAN ja SWIFT) tai tiedot, jotka vaaditaan maksuun PayPal-\/Moneybrokers (Scrill) -palvelun kautta.<\/li>\n<\/ul>\n<p>L\u00e4het\u00e4 lasku vain kerran kuussa. Tarkista, ett\u00e4 laskun tiedot ovat varmasti oikein! Vain silloin voimme taata maksun palveluistasi ajoissa.<\/p>\n<\/div><\/div><\/div><\/section>\n<\/div>\n","protected":false},"excerpt":{"rendered":"","protected":false},"author":1,"featured_media":0,"parent":0,"menu_order":600,"comment_status":"closed","ping_status":"closed","template":"","meta":{"footnotes":""},"class_list":["post-2945","page","type-page","status-publish","hentry"],"_links":{"self":[{"href":"https:\/\/elmenta.com\/fi\/wp-json\/wp\/v2\/pages\/2945"}],"collection":[{"href":"https:\/\/elmenta.com\/fi\/wp-json\/wp\/v2\/pages"}],"about":[{"href":"https:\/\/elmenta.com\/fi\/wp-json\/wp\/v2\/types\/page"}],"author":[{"embeddable":true,"href":"https:\/\/elmenta.com\/fi\/wp-json\/wp\/v2\/users\/1"}],"replies":[{"embeddable":true,"href":"https:\/\/elmenta.com\/fi\/wp-json\/wp\/v2\/comments?post=2945"}],"version-history":[{"count":2,"href":"https:\/\/elmenta.com\/fi\/wp-json\/wp\/v2\/pages\/2945\/revisions"}],"predecessor-version":[{"id":3358,"href":"https:\/\/elmenta.com\/fi\/wp-json\/wp\/v2\/pages\/2945\/revisions\/3358"}],"wp:attachment":[{"href":"https:\/\/elmenta.com\/fi\/wp-json\/wp\/v2\/media?parent=2945"}],"curies":[{"name":"wp","href":"https:\/\/api.w.org\/{rel}","templated":true}]}}