{"id":2886,"date":"2014-12-08T19:09:00","date_gmt":"2014-12-08T19:09:00","guid":{"rendered":"https:\/\/elmenta.com\/?page_id=2886"},"modified":"2018-10-08T13:04:10","modified_gmt":"2018-10-08T13:04:10","slug":"ota-yhteytta","status":"publish","type":"page","link":"https:\/\/elmenta.com\/fi\/ota-yhteytta\/","title":{"rendered":"Ota yhteytt\u00e4"},"content":{"rendered":"\n<div  class='flex_column av-av_one_full-2a9015ff38129c418a3f2eafba3e9512 av_one_full  avia-builder-el-1  el_after_av_sidebar  avia-builder-el-last  first flex_column_div  '     ><style type=\"text\/css\" data-created_by=\"avia_inline_auto\" id=\"style-css-av-av_heading-4c63c7828f1903a12665e440fed31908\">\n#top .av-special-heading.av-av_heading-4c63c7828f1903a12665e440fed31908{\npadding-bottom:10px;\n}\nbody .av-special-heading.av-av_heading-4c63c7828f1903a12665e440fed31908 .av-special-heading-tag .heading-char{\nfont-size:25px;\n}\n.av-special-heading.av-av_heading-4c63c7828f1903a12665e440fed31908 .av-subheading{\nfont-size:10px;\n}\n<\/style>\n<div  class='av-special-heading av-av_heading-4c63c7828f1903a12665e440fed31908 av-special-heading-h3 meta-heading  avia-builder-el-2  el_before_av_textblock  avia-builder-el-first '><h3 class='av-special-heading-tag '  itemprop=\"headline\"  >Kiitos palveluitamme kohtaan osoittamastasi kiinnostuksesta!<\/h3><div class=\"special-heading-border\"><div class=\"special-heading-inner-border\"><\/div><\/div><\/div>\n<p><section  class='av_textblock_section av-av_textblock-2989cb1a500f76248ec894598f4e8e5e '   itemscope=\"itemscope\" itemtype=\"https:\/\/schema.org\/CreativeWork\" ><div class='avia_textblock'  itemprop=\"text\" ><p>Jos sinulla on kysytt\u00e4v\u00e4\u00e4,\u00a0ota yhteytt\u00e4!<br \/>\nAutamme mielell\u00e4mme\u00a0:)<\/p>\n<\/div><\/section><br \/>\n\n<style type=\"text\/css\" data-created_by=\"avia_inline_auto\" id=\"style-css-av-av_heading-a097e505078d7cef6562c0f59d60105b\">\n#top .av-special-heading.av-av_heading-a097e505078d7cef6562c0f59d60105b{\npadding-bottom:10px;\n}\nbody .av-special-heading.av-av_heading-a097e505078d7cef6562c0f59d60105b .av-special-heading-tag .heading-char{\nfont-size:25px;\n}\n.av-special-heading.av-av_heading-a097e505078d7cef6562c0f59d60105b .av-subheading{\nfont-size:10px;\n}\n<\/style>\n<div  class='av-special-heading av-av_heading-a097e505078d7cef6562c0f59d60105b av-special-heading-h3 meta-heading  avia-builder-el-4  el_after_av_textblock  el_before_av_contact '><h3 class='av-special-heading-tag '  itemprop=\"headline\"  >Yhteydenottolomake<\/h3><div class=\"special-heading-border\"><div class=\"special-heading-inner-border\"><\/div><\/div><\/div><br \/>\n<form action=\"https:\/\/elmenta.com\/fi\/ota-yhteytta\/\" method=\"post\" data-fields-with-error=\"Found errors in the following field(s):\" class=\"avia_ajax_form av-form-labels-visible   avia-builder-el-5  el_after_av_heading  avia-builder-el-last   \" data-avia-form-id=\"1\" data-avia-redirect='' ><fieldset><p class='  first_form  form_element form_element_half' id='element_avia_1_1'><label for=\"avia_1_1\">Nimi <abbr class=\"required\" title=\"required\">*<\/abbr><\/label> <input name=\"avia_1_1\" class=\"text_input is_empty\" type=\"text\" id=\"avia_1_1\" value=\"\" \/><\/p><p class='  form_element form_element_half' id='element_avia_2_1'><label for=\"avia_2_1\">S\u00e4hk\u00f6posti <abbr class=\"required\" title=\"required\">*<\/abbr><\/label> <input name=\"avia_2_1\" class=\"text_input is_email\" type=\"text\" id=\"avia_2_1\" value=\"\" \/><\/p><p class='  first_form  form_element form_fullwidth' id='element_avia_3_1'><label for=\"avia_3_1\">Aihe <abbr class=\"required\" title=\"required\">*<\/abbr><\/label> <input name=\"avia_3_1\" class=\"text_input is_empty\" type=\"text\" id=\"avia_3_1\" value=\"\" \/><\/p><p class='  first_form  form_element form_fullwidth' id='element_avia_4_1'><label for=\"avia_4_1\" class=\"textare_label hidden textare_label_avia_4_1\">Viesti <abbr class=\"required\" title=\"required\">*<\/abbr><\/label><textarea  name=\"avia_4_1\" class=\"text_area is_empty\" cols=\"40\" rows=\"7\" id=\"avia_4_1\" ><\/textarea><\/p><p class=\"hidden\"><input type=\"text\" name=\"avia_5_1\" class=\"hidden \" id=\"avia_5_1\" value=\"\" \/><\/p><p class='   form_element form_fullwidth' id='element_avia_6_1'><span class='value_verifier_label'>7 + 0 = ?<\/span><input name=\"avia_6_1_verifier\" type=\"hidden\" id=\"avia_6_1_verifier\" value=\"736437746\"\/><label for=\"avia_6_1\">Please prove that you are human by solving the equation <abbr class=\"required\" title=\"required\">*<\/abbr><\/label><input name=\"avia_6_1\" class=\"text_input captcha\" type=\"text\" id=\"avia_6_1\" value=\"\"\/><\/p><p class=\"form_element \"><input type=\"hidden\" value=\"1\" name=\"avia_generated_form1\" \/><input type=\"submit\" value=\"L\u00e4het\u00e4\" class=\"button\"  data-sending-label=\"Sending\"\/><\/p><\/fieldset><\/form><div id=\"ajaxresponse_1\" class=\"ajaxresponse ajaxresponse_1 hidden\"><\/div><\/p><\/div>\n","protected":false},"excerpt":{"rendered":"","protected":false},"author":1,"featured_media":0,"parent":0,"menu_order":0,"comment_status":"closed","ping_status":"closed","template":"","meta":{"footnotes":""},"class_list":["post-2886","page","type-page","status-publish","hentry"],"_links":{"self":[{"href":"https:\/\/elmenta.com\/fi\/wp-json\/wp\/v2\/pages\/2886"}],"collection":[{"href":"https:\/\/elmenta.com\/fi\/wp-json\/wp\/v2\/pages"}],"about":[{"href":"https:\/\/elmenta.com\/fi\/wp-json\/wp\/v2\/types\/page"}],"author":[{"embeddable":true,"href":"https:\/\/elmenta.com\/fi\/wp-json\/wp\/v2\/users\/1"}],"replies":[{"embeddable":true,"href":"https:\/\/elmenta.com\/fi\/wp-json\/wp\/v2\/comments?post=2886"}],"version-history":[{"count":2,"href":"https:\/\/elmenta.com\/fi\/wp-json\/wp\/v2\/pages\/2886\/revisions"}],"predecessor-version":[{"id":3551,"href":"https:\/\/elmenta.com\/fi\/wp-json\/wp\/v2\/pages\/2886\/revisions\/3551"}],"wp:attachment":[{"href":"https:\/\/elmenta.com\/fi\/wp-json\/wp\/v2\/media?parent=2886"}],"curies":[{"name":"wp","href":"https:\/\/api.w.org\/{rel}","templated":true}]}}