{"id":2883,"date":"2014-12-08T19:04:56","date_gmt":"2014-12-08T19:04:56","guid":{"rendered":"https:\/\/elmenta.com\/?page_id=2883"},"modified":"2019-03-25T12:17:54","modified_gmt":"2019-03-25T12:17:54","slug":"tyopaikat","status":"publish","type":"page","link":"https:\/\/elmenta.com\/fi\/tyopaikat\/","title":{"rendered":"Ty\u00f6paikat"},"content":{"rendered":"\n<style type=\"text\/css\" data-created_by=\"avia_inline_auto\" id=\"style-css-av-av_heading-a6b8d5251342a5b695a69de383363449\">\n#top .av-special-heading.av-av_heading-a6b8d5251342a5b695a69de383363449{\npadding-bottom:10px;\n}\nbody .av-special-heading.av-av_heading-a6b8d5251342a5b695a69de383363449 .av-special-heading-tag .heading-char{\nfont-size:25px;\n}\n.av-special-heading.av-av_heading-a6b8d5251342a5b695a69de383363449 .av-subheading{\nfont-size:15px;\n}\n<\/style>\n<div  class='av-special-heading av-av_heading-a6b8d5251342a5b695a69de383363449 av-special-heading-h3 blockquote modern-quote  avia-builder-el-0  el_before_av_textblock  avia-builder-el-first '><h3 class='av-special-heading-tag '  itemprop=\"headline\"  >Olemme aina avoimia tekem\u00e4\u00e4n yhteisty\u00f6t\u00e4 kokeneiden ja luotettavien alihankkijoiden kanssa: <\/h3><div class=\"special-heading-border\"><div class=\"special-heading-inner-border\"><\/div><\/div><\/div>\n<section  class='av_textblock_section av-4y5dur-dfe2fb4c4073e76028e04966abd7fe91 '   itemscope=\"itemscope\" itemtype=\"https:\/\/schema.org\/CreativeWork\" ><div class='avia_textblock'  itemprop=\"text\" ><p>FREELANCE-K\u00c4\u00c4NT\u00c4J\u00c4T\/-EDITORIT\/-OIKOLUKIJAT<\/p>\n<p>Vaatimukset:<\/p>\n<ul>\n<li>k\u00e4\u00e4nn\u00f6salan ammatillinen p\u00e4tevyys;<\/li>\n<li><span style=\"line-height: 1.5em;\">v\u00e4hint\u00e4\u00e4n viiden vuoden todistettava ty\u00f6kokemus k\u00e4\u00e4nn\u00f6salalta;<\/span><\/li>\n<li>luotettavuus ja tarkkuus;<\/li>\n<li>kokemus tietokoneavusteisista k\u00e4\u00e4nn\u00f6sty\u00f6kaluista \u2013 Trados,\u00a0MemoQ,\u00a0Wordfast jne.<\/li>\n<\/ul>\n<p>Tarjoamme:<\/p>\n<ul>\n<li>oikea-aikaiset maksut;<\/li>\n<li>koulutusta;<\/li>\n<li>et\u00e4ty\u00f6t\u00e4.<\/li>\n<\/ul>\n<p>\u200b<\/p>\n<\/div><\/section>\n<div  class='av_promobox av-22r8xv-6fc38f0e4c7c7cbdb587a7ca0fd75348 avia-button-yes  avia-builder-el-2  el_after_av_textblock  avia-builder-el-last '><div class='avia-promocontent'><p>\nJos haluat liitty\u00e4 tiimiimme,\u00a0l\u00e4het\u00e4 CV ja hakemus osoitteeseen<\/p>\n<\/div><div  class='avia-button-wrap av-22r8xv-1efcf3468931377cd27f29cc207d13bb-wrap avia-button-right '><a href='https:\/\/elmenta.com\/fi\/ota-yhteytta\/'  class='avia-button av-22r8xv-1efcf3468931377cd27f29cc207d13bb av-link-btn avia-icon_select-yes-left-icon avia-size-medium avia-position-right avia-color-theme-color'  target=\"_blank\"  rel=\"noopener noreferrer\"  aria-label=\"E-mail\"><span class='avia_button_icon avia_button_icon_left' aria-hidden='true' data-av_icon='\ue805' data-av_iconfont='entypo-fontello'><\/span><span class='avia_iconbox_title' >E-mail<\/span><\/a><\/div><\/div>\n","protected":false},"excerpt":{"rendered":"","protected":false},"author":1,"featured_media":0,"parent":0,"menu_order":400,"comment_status":"closed","ping_status":"closed","template":"","meta":{"footnotes":""},"class_list":["post-2883","page","type-page","status-publish","hentry"],"_links":{"self":[{"href":"https:\/\/elmenta.com\/fi\/wp-json\/wp\/v2\/pages\/2883"}],"collection":[{"href":"https:\/\/elmenta.com\/fi\/wp-json\/wp\/v2\/pages"}],"about":[{"href":"https:\/\/elmenta.com\/fi\/wp-json\/wp\/v2\/types\/page"}],"author":[{"embeddable":true,"href":"https:\/\/elmenta.com\/fi\/wp-json\/wp\/v2\/users\/1"}],"replies":[{"embeddable":true,"href":"https:\/\/elmenta.com\/fi\/wp-json\/wp\/v2\/comments?post=2883"}],"version-history":[{"count":3,"href":"https:\/\/elmenta.com\/fi\/wp-json\/wp\/v2\/pages\/2883\/revisions"}],"predecessor-version":[{"id":3524,"href":"https:\/\/elmenta.com\/fi\/wp-json\/wp\/v2\/pages\/2883\/revisions\/3524"}],"wp:attachment":[{"href":"https:\/\/elmenta.com\/fi\/wp-json\/wp\/v2\/media?parent=2883"}],"curies":[{"name":"wp","href":"https:\/\/api.w.org\/{rel}","templated":true}]}}