{"id":2879,"date":"2014-12-08T18:52:54","date_gmt":"2014-12-08T18:52:54","guid":{"rendered":"https:\/\/elmenta.com\/?page_id=2879"},"modified":"2019-03-25T12:23:07","modified_gmt":"2019-03-25T12:23:07","slug":"laatu","status":"publish","type":"page","link":"https:\/\/elmenta.com\/fi\/laatu\/","title":{"rendered":"Laatu"},"content":{"rendered":"\n<style type=\"text\/css\" data-created_by=\"avia_inline_auto\" id=\"style-css-av-av_heading-370dc17b268fdadc457794c40a110fcb\">\n#top .av-special-heading.av-av_heading-370dc17b268fdadc457794c40a110fcb{\npadding-bottom:10px;\n}\nbody .av-special-heading.av-av_heading-370dc17b268fdadc457794c40a110fcb .av-special-heading-tag .heading-char{\nfont-size:25px;\n}\n.av-special-heading.av-av_heading-370dc17b268fdadc457794c40a110fcb .av-subheading{\nfont-size:15px;\n}\n<\/style>\n<div  class='av-special-heading av-av_heading-370dc17b268fdadc457794c40a110fcb av-special-heading-h3 blockquote modern-quote  avia-builder-el-0  el_before_av_heading  avia-builder-el-first '><h3 class='av-special-heading-tag '  itemprop=\"headline\"  >Ymm\u00e4rr\u00e4mme hyv\u00e4n maineen merkityksen ja olemmekin siksi laatineet laatumenetelm\u00e4n, jota ei ole pelk\u00e4st\u00e4\u00e4n kirjattu paperille, vaan joka my\u00f6s toimii.<\/h3><div class='av-subheading av-subheading_below'><p>Noudatamme ty\u00f6ss\u00e4mme standardin <b>EN15038<\/b> mukaisia vaatimuksia.<\/p>\n<\/div><div class=\"special-heading-border\"><div class=\"special-heading-inner-border\"><\/div><\/div><\/div>\n\n<style type=\"text\/css\" data-created_by=\"avia_inline_auto\" id=\"style-css-av-av_heading-ac8522b0d8bb73f19760ac4f8e094c7c\">\n#top .av-special-heading.av-av_heading-ac8522b0d8bb73f19760ac4f8e094c7c{\npadding-bottom:10px;\n}\nbody .av-special-heading.av-av_heading-ac8522b0d8bb73f19760ac4f8e094c7c .av-special-heading-tag .heading-char{\nfont-size:25px;\n}\n.av-special-heading.av-av_heading-ac8522b0d8bb73f19760ac4f8e094c7c .av-subheading{\nfont-size:15px;\n}\n<\/style>\n<div  class='av-special-heading av-av_heading-ac8522b0d8bb73f19760ac4f8e094c7c av-special-heading-h3  avia-builder-el-1  el_after_av_heading  el_before_av_iconlist '><h3 class='av-special-heading-tag '  itemprop=\"headline\"  >Prosessin yksityiskohdat ovat seuraavanlaiset:<\/h3><div class=\"special-heading-border\"><div class=\"special-heading-inner-border\"><\/div><\/div><\/div>\n<div  class='avia-icon-list-container av-e8d9zz-7014cdf27612c653e8425d03cc2c27a3  avia-builder-el-2  el_after_av_heading  el_before_av_heading '><ul class='avia-icon-list avia_animate_when_almost_visible avia-icon-list-left av-iconlist-big av-e8d9zz-7014cdf27612c653e8425d03cc2c27a3 avia-iconlist-animate'>\n<li><div class='iconlist_icon av-4j64v-8ace69e4c93be147cdf3014144421e5a avia-font-entypo-fontello'><span class='iconlist-char' aria-hidden='true' data-av_icon='\ue80b' data-av_iconfont='entypo-fontello'><\/span><\/div><article class=\"article-icon-entry \"  itemscope=\"itemscope\" itemtype=\"https:\/\/schema.org\/CreativeWork\" ><div class=\"iconlist_content_wrap\"><header class=\"entry-content-header\" aria-label=\"Icon: Keskustelu asiakkaan kanssa\"><h4 class='av_iconlist_title iconlist_title  '  itemprop=\"headline\" >Keskustelu asiakkaan kanssa<\/h4><\/header><div class='iconlist_content '  itemprop=\"text\" ><p>tarpeet ja sopimus projektin aikataulusta\/laajuudesta\/hinnasta<\/p>\n<\/div><\/div><footer class=\"entry-footer\"><\/footer><\/article><div class=\"iconlist-timeline\"><\/div><\/li>\n<li><div class='iconlist_icon av-ba7h4f-e047fe06141907ec62065fe90bac4f83 avia-font-entypo-fontello'><span class='iconlist-char' aria-hidden='true' data-av_icon='\ue837' data-av_iconfont='entypo-fontello'><\/span><\/div><article class=\"article-icon-entry \"  itemscope=\"itemscope\" itemtype=\"https:\/\/schema.org\/CreativeWork\" ><div class=\"iconlist_content_wrap\"><header class=\"entry-content-header\" aria-label=\"Icon: K\u00e4\u00e4nn\u00f6s\"><h4 class='av_iconlist_title iconlist_title  '  itemprop=\"headline\" >K\u00e4\u00e4nn\u00f6s<\/h4><\/header><div class='iconlist_content '  itemprop=\"text\" ><p>aina kielt\u00e4 \u00e4idinkielen\u00e4\u00e4n puhuvien tekem\u00e4<\/p>\n<\/div><\/div><footer class=\"entry-footer\"><\/footer><\/article><div class=\"iconlist-timeline\"><\/div><\/li>\n<li><div class='iconlist_icon av-8zcskv-b8bd0301121916230d3d0f12bdb51cd1 avia-font-entypo-fontello'><span class='iconlist-char' aria-hidden='true' data-av_icon='\ue84b' data-av_iconfont='entypo-fontello'><\/span><\/div><article class=\"article-icon-entry \"  itemscope=\"itemscope\" itemtype=\"https:\/\/schema.org\/CreativeWork\" ><div class=\"iconlist_content_wrap\"><header class=\"entry-content-header\" aria-label=\"Icon: Editointi\"><h4 class='av_iconlist_title iconlist_title  '  itemprop=\"headline\" >Editointi<\/h4><\/header><div class='iconlist_content '  itemprop=\"text\" ><p>aina kielt\u00e4 \u00e4idinkielen\u00e4\u00e4n puhuvien tekem\u00e4<\/p>\n<\/div><\/div><footer class=\"entry-footer\"><\/footer><\/article><div class=\"iconlist-timeline\"><\/div><\/li>\n<li><div class='iconlist_icon av-7ok4fj-500eb230bc67b39228b54c2fcea2eb0c avia-font-entypo-fontello'><span class='iconlist-char' aria-hidden='true' data-av_icon='\ue891' data-av_iconfont='entypo-fontello'><\/span><\/div><article class=\"article-icon-entry \"  itemscope=\"itemscope\" itemtype=\"https:\/\/schema.org\/CreativeWork\" ><div class=\"iconlist_content_wrap\"><header class=\"entry-content-header\" aria-label=\"Icon: Pistokoe\"><h4 class='av_iconlist_title iconlist_title  '  itemprop=\"headline\" >Pistokoe<\/h4><\/header><div class='iconlist_content '  itemprop=\"text\" ><p>+\u00a0muodon tarkastus\u00a0+\u00a0asiakaskohtaisten vaatimusten mukaisuuden tarkastus<\/p>\n<\/div><\/div><footer class=\"entry-footer\"><\/footer><\/article><div class=\"iconlist-timeline\"><\/div><\/li>\n<li><div class='iconlist_icon av-5jwckv-8bf9a1d8a8cc57bb26ac47ea62d2817a avia-font-entypo-fontello'><span class='iconlist-char' aria-hidden='true' data-av_icon='\ue82b' data-av_iconfont='entypo-fontello'><\/span><\/div><article class=\"article-icon-entry \"  itemscope=\"itemscope\" itemtype=\"https:\/\/schema.org\/CreativeWork\" ><div class=\"iconlist_content_wrap\"><header class=\"entry-content-header\" aria-label=\"Icon: Taiton j\u00e4lkeinen tarkastus\"><h4 class='av_iconlist_title iconlist_title  '  itemprop=\"headline\" >Taiton j\u00e4lkeinen tarkastus<\/h4><\/header><div class='iconlist_content '  itemprop=\"text\" ><p>k\u00e4\u00e4nnetyn tekstin viimeinen tarkastus \u2013 kirjasimet,\u00a0asettelu,\u00a0muotoilu,\u00a0v\u00e4lily\u00f6nnit,\u00a0kirjoitusvirheet jne.<\/p>\n<\/div><\/div><footer class=\"entry-footer\"><\/footer><\/article><div class=\"iconlist-timeline\"><\/div><\/li>\n<\/ul><\/div>\n\n<style type=\"text\/css\" data-created_by=\"avia_inline_auto\" id=\"style-css-av-av_heading-b268e06adc2ffaaeed4991cb003131c6\">\n#top .av-special-heading.av-av_heading-b268e06adc2ffaaeed4991cb003131c6{\npadding-bottom:10px;\n}\nbody .av-special-heading.av-av_heading-b268e06adc2ffaaeed4991cb003131c6 .av-special-heading-tag .heading-char{\nfont-size:25px;\n}\n.av-special-heading.av-av_heading-b268e06adc2ffaaeed4991cb003131c6 .av-subheading{\nfont-size:15px;\n}\n<\/style>\n<div  class='av-special-heading av-av_heading-b268e06adc2ffaaeed4991cb003131c6 av-special-heading-h4 blockquote modern-quote  avia-builder-el-3  el_after_av_iconlist  el_before_av_promobox '><h4 class='av-special-heading-tag '  itemprop=\"headline\"  >Jokaisella asiakkaalla on oma projektikoordinaattorinsa,<\/h4><div class='av-subheading av-subheading_below'><p>eli asiakas on yhteydess\u00e4 vain yhteen henkil\u00f6\u00f6n. Asiakas tavoittaa projektikoordinaattorimme my\u00f6s ty\u00f6ajan ulkopuolella, sill\u00e4 uskomme, ett\u00e4 l\u00e4heinen yhteisty\u00f6 asiakkaittemme kanssa kaikissa projektin vaiheissa vaikuttaa merkitt\u00e4v\u00e4sti lopputuotteen laatuun.<\/p>\n<\/div><div class=\"special-heading-border\"><div class=\"special-heading-inner-border\"><\/div><\/div><\/div>\n<div  class='av_promobox av-2xq7tr-3a4ad4eee21f15f54618802a1cc8692b avia-button-yes  avia-builder-el-4  el_after_av_heading  avia-builder-el-last '><div class='avia-promocontent'><p>\nK\u00e4\u00e4nny puoleemme,\u00a0emme tuota pettymyst\u00e4!<\/p>\n<\/div><div  class='avia-button-wrap av-2xq7tr-51d62adc7143bf3424f6249fc1f8eaae-wrap avia-button-right '><a href='https:\/\/elmenta.com\/fi\/ota-yhteytta\/'  class='avia-button av-2xq7tr-51d62adc7143bf3424f6249fc1f8eaae av-link-btn avia-icon_select-yes-left-icon avia-size-large avia-position-right avia-color-theme-color'   aria-label=\"E-mail\"><span class='avia_button_icon avia_button_icon_left' aria-hidden='true' data-av_icon='\ue805' data-av_iconfont='entypo-fontello'><\/span><span class='avia_iconbox_title' >E-mail<\/span><\/a><\/div><\/div>\n","protected":false},"excerpt":{"rendered":"","protected":false},"author":1,"featured_media":0,"parent":0,"menu_order":300,"comment_status":"closed","ping_status":"closed","template":"","meta":{"footnotes":""},"class_list":["post-2879","page","type-page","status-publish","hentry"],"_links":{"self":[{"href":"https:\/\/elmenta.com\/fi\/wp-json\/wp\/v2\/pages\/2879"}],"collection":[{"href":"https:\/\/elmenta.com\/fi\/wp-json\/wp\/v2\/pages"}],"about":[{"href":"https:\/\/elmenta.com\/fi\/wp-json\/wp\/v2\/types\/page"}],"author":[{"embeddable":true,"href":"https:\/\/elmenta.com\/fi\/wp-json\/wp\/v2\/users\/1"}],"replies":[{"embeddable":true,"href":"https:\/\/elmenta.com\/fi\/wp-json\/wp\/v2\/comments?post=2879"}],"version-history":[{"count":4,"href":"https:\/\/elmenta.com\/fi\/wp-json\/wp\/v2\/pages\/2879\/revisions"}],"predecessor-version":[{"id":3540,"href":"https:\/\/elmenta.com\/fi\/wp-json\/wp\/v2\/pages\/2879\/revisions\/3540"}],"wp:attachment":[{"href":"https:\/\/elmenta.com\/fi\/wp-json\/wp\/v2\/media?parent=2879"}],"curies":[{"name":"wp","href":"https:\/\/api.w.org\/{rel}","templated":true}]}}