{"id":2876,"date":"2014-12-08T18:52:00","date_gmt":"2014-12-08T18:52:00","guid":{"rendered":"https:\/\/elmenta.com\/?page_id=2876"},"modified":"2014-12-10T16:01:19","modified_gmt":"2014-12-10T16:01:19","slug":"taitto-dtp","status":"publish","type":"page","link":"https:\/\/elmenta.com\/fi\/palvelut\/taitto-dtp\/","title":{"rendered":"Taitto (DTP)"},"content":{"rendered":"<section  class='av_textblock_section av-av_textblock-2989cb1a500f76248ec894598f4e8e5e '   itemscope=\"itemscope\" itemtype=\"https:\/\/schema.org\/CreativeWork\" ><div class='avia_textblock'  itemprop=\"text\" ><p>Jos sinun on k\u00e4\u00e4nnett\u00e4v\u00e4 esite,\u00a0k\u00e4ytt\u00f6ohje tai jokin muu asiakirja,\u00a0johon sis\u00e4ltyy kuvia ja asettelu,\u00a0tarvitset todenn\u00e4k\u00f6isesti taittopalveluita.<\/p>\n<p>K\u00e4\u00e4nn\u00f6sprosessin aikana l\u00e4hdedokumentin asettelu usein vaurioituu,\u00a0koska erikielisten tekstien pituudet ovat erilaisia.\u00a0Tarjoamme sen vuoksi k\u00e4\u00e4nn\u00f6ksen j\u00e4lkeist\u00e4 taittoa,\u00a0jotta k\u00e4\u00e4nn\u00f6s voidaan asetella asiakirjaan oikein ja asettelu s\u00e4\u00e4t\u00e4\u00e4 l\u00e4hdeversion mukaan.<\/p>\n<p>K\u00e4yt\u00e4mme tunnettuja ohjelmistoja,\u00a0kuten:<\/p>\n<div>\n<ul>\n<li>Quark XPress<\/li>\n<li>Adobe InDesign<\/li>\n<li>Adobe PageMaker<\/li>\n<li>Adobe FrameMaker<\/li>\n<li>Corel<\/li>\n<\/ul>\n<\/div>\n<p>Ota\u00a0<a href=\"mailto:sales@elmenta.com\">yhteytt\u00e4<\/a>,\u00a0jos haluat lis\u00e4tietoja taittopalveluistamme!<\/p>\n<\/div><\/section>\n","protected":false},"excerpt":{"rendered":"","protected":false},"author":1,"featured_media":0,"parent":2866,"menu_order":240,"comment_status":"closed","ping_status":"closed","template":"","meta":{"footnotes":""},"class_list":["post-2876","page","type-page","status-publish","hentry"],"_links":{"self":[{"href":"https:\/\/elmenta.com\/fi\/wp-json\/wp\/v2\/pages\/2876"}],"collection":[{"href":"https:\/\/elmenta.com\/fi\/wp-json\/wp\/v2\/pages"}],"about":[{"href":"https:\/\/elmenta.com\/fi\/wp-json\/wp\/v2\/types\/page"}],"author":[{"embeddable":true,"href":"https:\/\/elmenta.com\/fi\/wp-json\/wp\/v2\/users\/1"}],"replies":[{"embeddable":true,"href":"https:\/\/elmenta.com\/fi\/wp-json\/wp\/v2\/comments?post=2876"}],"version-history":[{"count":2,"href":"https:\/\/elmenta.com\/fi\/wp-json\/wp\/v2\/pages\/2876\/revisions"}],"predecessor-version":[{"id":2878,"href":"https:\/\/elmenta.com\/fi\/wp-json\/wp\/v2\/pages\/2876\/revisions\/2878"}],"up":[{"embeddable":true,"href":"https:\/\/elmenta.com\/fi\/wp-json\/wp\/v2\/pages\/2866"}],"wp:attachment":[{"href":"https:\/\/elmenta.com\/fi\/wp-json\/wp\/v2\/media?parent=2876"}],"curies":[{"name":"wp","href":"https:\/\/api.w.org\/{rel}","templated":true}]}}