{"id":2874,"date":"2014-12-08T18:50:03","date_gmt":"2014-12-08T18:50:03","guid":{"rendered":"https:\/\/elmenta.com\/?page_id=2874"},"modified":"2014-12-10T16:00:54","modified_gmt":"2014-12-10T16:00:54","slug":"oikoluku","status":"publish","type":"page","link":"https:\/\/elmenta.com\/fi\/palvelut\/oikoluku\/","title":{"rendered":"Oikoluku"},"content":{"rendered":"<section  class='av_textblock_section av-av_textblock-2989cb1a500f76248ec894598f4e8e5e '   itemscope=\"itemscope\" itemtype=\"https:\/\/schema.org\/CreativeWork\" ><div class='avia_textblock'  itemprop=\"text\" ><p>Oikolukuprosessin tarkoituksena on havaita ja korjata tuotantovaiheessa tehdyt virheet.\u00a0Se on t\u00e4rke\u00e4 teht\u00e4v\u00e4 ja usein viimeinen typografisen tuotannon vaihe ennen julkaisua.<\/p>\n<p>Oikolukupalveluihimme kuuluu:<\/p>\n<div>\n<ul>\n<li>tavutus-,\u00a0kielioppi-,\u00a0v\u00e4limerkki-\u00a0ja mekaanisten virheiden korjaus;<\/li>\n<li>terminologian ja tyylin yhten\u00e4isyyden varmistaminen;<\/li>\n<li>sivujen asettelun ja kirjasimien yhten\u00e4isyyden varmistaminen;<\/li>\n<li>normien noudattamisen vahvistaminen kielen k\u00e4yt\u00f6ss\u00e4.<\/li>\n<\/ul>\n<\/div>\n<p>Oikoluvun suorittavat kohdekielt\u00e4 \u00e4idinkielen\u00e4\u00e4n puhuvat kielten ammattilaiset,\u00a0jotta voimme taata lopputuotteen korkean laadun.<\/p>\n<p>Ota\u00a0<a href=\"mailto:sales@elmenta.com\">yhteytt\u00e4<\/a>,\u00a0jos haluat lis\u00e4tietoja oikolukupalveluistamme!<\/p>\n<\/div><\/section>\n","protected":false},"excerpt":{"rendered":"","protected":false},"author":1,"featured_media":0,"parent":2866,"menu_order":230,"comment_status":"closed","ping_status":"closed","template":"","meta":{"footnotes":""},"class_list":["post-2874","page","type-page","status-publish","hentry"],"_links":{"self":[{"href":"https:\/\/elmenta.com\/fi\/wp-json\/wp\/v2\/pages\/2874"}],"collection":[{"href":"https:\/\/elmenta.com\/fi\/wp-json\/wp\/v2\/pages"}],"about":[{"href":"https:\/\/elmenta.com\/fi\/wp-json\/wp\/v2\/types\/page"}],"author":[{"embeddable":true,"href":"https:\/\/elmenta.com\/fi\/wp-json\/wp\/v2\/users\/1"}],"replies":[{"embeddable":true,"href":"https:\/\/elmenta.com\/fi\/wp-json\/wp\/v2\/comments?post=2874"}],"version-history":[{"count":1,"href":"https:\/\/elmenta.com\/fi\/wp-json\/wp\/v2\/pages\/2874\/revisions"}],"predecessor-version":[{"id":2875,"href":"https:\/\/elmenta.com\/fi\/wp-json\/wp\/v2\/pages\/2874\/revisions\/2875"}],"up":[{"embeddable":true,"href":"https:\/\/elmenta.com\/fi\/wp-json\/wp\/v2\/pages\/2866"}],"wp:attachment":[{"href":"https:\/\/elmenta.com\/fi\/wp-json\/wp\/v2\/media?parent=2874"}],"curies":[{"name":"wp","href":"https:\/\/api.w.org\/{rel}","templated":true}]}}