{"id":2872,"date":"2014-12-08T18:48:13","date_gmt":"2014-12-08T18:48:13","guid":{"rendered":"https:\/\/elmenta.com\/?page_id=2872"},"modified":"2014-12-10T16:00:34","modified_gmt":"2014-12-10T16:00:34","slug":"lokalisointi","status":"publish","type":"page","link":"https:\/\/elmenta.com\/fi\/palvelut\/lokalisointi\/","title":{"rendered":"Lokalisointi"},"content":{"rendered":"<section  class='av_textblock_section av-av_textblock-2989cb1a500f76248ec894598f4e8e5e '   itemscope=\"itemscope\" itemtype=\"https:\/\/schema.org\/CreativeWork\" ><div class='avia_textblock'  itemprop=\"text\" ><p>Lokalisointi on prosessi,\u00a0jossa tuotekuvaus k\u00e4\u00e4nnet\u00e4\u00e4n eri kielille tai mukautetaan kieli tiettyyn maahan tai tietylle alueelle. \u00a0Se eroaa k\u00e4\u00e4nt\u00e4misess\u00e4 siin\u00e4,\u00a0ett\u00e4 siihen liittyy kohdekulttuurin kattava tuntemus,\u00a0jotta tuote voidaan mukauttaa oikein paikallisiin tarpeisiin.\u00a0Lokalisointiin voi liitty\u00e4 tietyn kielen kielioppiin ja oikeinkirjoitukseen liittyviin asioihin keskittyminen,\u00a0kuvien mukauttaminen,\u00a0paikallisten valuuttojen k\u00e4ytt\u00f6,\u00a0asianmukaisten p\u00e4iv\u00e4m\u00e4\u00e4r\u00e4muotojen,\u00a0osoitteiden ja puhelinnumeroiden k\u00e4ytt\u00f6 ja niin edelleen.<\/p>\n<p>Lokalisointiprosessi liittyy yleens\u00e4 ohjelmiston,\u00a0video-\u00a0ja tietokonepelien sek\u00e4 verkkosivustojen k\u00e4\u00e4nt\u00e4miseen ja kulttuuriseen mukauttamiseen.<\/p>\n<p>Meill\u00e4 on runsaasti kokemusta ja tarjoamme tietokoneohjelmistojen,\u00a0verkkosivustojen,\u00a0teknisten k\u00e4ytt\u00f6ohjeiden,\u00a0markkinointimateriaalien sek\u00e4 muiden tuotteiden ja palveluiden lokalisointipalveluita.<\/p>\n<p><a href=\"mailto:sales@elmenta.com\">Ota yhteytt\u00e4\u00a0<\/a>saadaksesi lis\u00e4tietoja lokalisointivaihtoehdoista.<\/p>\n<\/div><\/section>\n","protected":false},"excerpt":{"rendered":"","protected":false},"author":1,"featured_media":0,"parent":2866,"menu_order":220,"comment_status":"closed","ping_status":"closed","template":"","meta":{"footnotes":""},"class_list":["post-2872","page","type-page","status-publish","hentry"],"_links":{"self":[{"href":"https:\/\/elmenta.com\/fi\/wp-json\/wp\/v2\/pages\/2872"}],"collection":[{"href":"https:\/\/elmenta.com\/fi\/wp-json\/wp\/v2\/pages"}],"about":[{"href":"https:\/\/elmenta.com\/fi\/wp-json\/wp\/v2\/types\/page"}],"author":[{"embeddable":true,"href":"https:\/\/elmenta.com\/fi\/wp-json\/wp\/v2\/users\/1"}],"replies":[{"embeddable":true,"href":"https:\/\/elmenta.com\/fi\/wp-json\/wp\/v2\/comments?post=2872"}],"version-history":[{"count":1,"href":"https:\/\/elmenta.com\/fi\/wp-json\/wp\/v2\/pages\/2872\/revisions"}],"predecessor-version":[{"id":2873,"href":"https:\/\/elmenta.com\/fi\/wp-json\/wp\/v2\/pages\/2872\/revisions\/2873"}],"up":[{"embeddable":true,"href":"https:\/\/elmenta.com\/fi\/wp-json\/wp\/v2\/pages\/2866"}],"wp:attachment":[{"href":"https:\/\/elmenta.com\/fi\/wp-json\/wp\/v2\/media?parent=2872"}],"curies":[{"name":"wp","href":"https:\/\/api.w.org\/{rel}","templated":true}]}}