{"id":2637,"date":"2014-02-24T10:44:32","date_gmt":"2014-02-24T10:44:32","guid":{"rendered":"https:\/\/elmenta.com\/?page_id=2637"},"modified":"2018-10-08T12:23:05","modified_gmt":"2018-10-08T12:23:05","slug":"kkk","status":"publish","type":"page","link":"https:\/\/elmenta.com\/et\/kkk\/","title":{"rendered":"KKK"},"content":{"rendered":"<div  class='togglecontainer av-av_toggle_container-347a12baf8360a46336ea4ec710de738  avia-builder-el-0  avia-builder-el-no-sibling  toggle_close_all' ><div class='taglist'><div class=\"tag-tab\"><a href=\"#\" data-tag=\"{All}\" class=\"activeFilter\">All<\/a><span class='tag-seperator'>\/<\/span><\/div><div class=\"tag-tab\"><a href=\"#\" data-tag=\"{\u2026 juhul kui Teie teenuste t\u00f5lk\/tarnija}\" class=\"\">\u2026 juhul kui Teie teenuste t\u00f5lk\/tarnija<\/a><span class='tag-seperator'>\/<\/span><\/div><div class=\"tag-tab\"><a href=\"#\" data-tag=\"{\u2026 kui Te olete klient}\" class=\"\">\u2026 kui Te olete klient<\/a><span class='tag-seperator'>\/<\/span><\/div><\/div>\n<section class='av_toggle_section av-av_toggle-65d88fa7e2d0ea0aec52b3aade496b03'  itemscope=\"itemscope\" itemtype=\"https:\/\/schema.org\/CreativeWork\" ><div role=\"tablist\" class=\"single_toggle\" data-tags=\"{All} {\u2026 kui Te olete klient} \"  ><p id='toggle-toggle-id-1' data-fake-id='#toggle-id-1' class='toggler  activeTitle av-title-above '  itemprop=\"headline\"  role='tab' tabindex='0' aria-controls='toggle-id-1' data-slide-speed=\"200\" data-title=\"Milliseid keeli Te t\u00f5lgite?\" data-title-open=\"\" data-aria_collapsed=\"Click to expand: Milliseid keeli Te t\u00f5lgite?\" data-aria_expanded=\"Click to collapse: Milliseid keeli Te t\u00f5lgite?\">Milliseid keeli Te t\u00f5lgite?<span class=\"toggle_icon\"><span class=\"vert_icon\"><\/span><span class=\"hor_icon\"><\/span><\/span><\/p><div id='toggle-id-1' aria-labelledby='toggle-toggle-id-1' role='region' class='toggle_wrap  active_tc av-title-above' style='display:block;' ><div class='toggle_content invers-color '  itemprop=\"text\" ><p>Me teeme t\u00f5lkeid: inglise, saksa, rootsi keeltest eesti, vene, l\u00e4ti ja leedu keeltesse. Kuid kliendi soovi korral teeme me t\u00f5lkeid erinevate keelte kombinatsioonidesse.<\/p>\n<\/div><\/div><\/div><\/section>\n<section class='av_toggle_section av-av_toggle-42d842acfde0e730a394a2bcf5d23d1f'  itemscope=\"itemscope\" itemtype=\"https:\/\/schema.org\/CreativeWork\" ><div role=\"tablist\" class=\"single_toggle\" data-tags=\"{All} {\u2026 kui Te olete klient} \"  ><p id='toggle-toggle-id-2' data-fake-id='#toggle-id-2' class='toggler  av-title-above '  itemprop=\"headline\"  role='tab' tabindex='0' aria-controls='toggle-id-2' data-slide-speed=\"200\" data-title=\"Kui palju maksab \u00fcks lehek\u00fclg teksti t\u00f5lget?\" data-title-open=\"\" data-aria_collapsed=\"Click to expand: Kui palju maksab \u00fcks lehek\u00fclg teksti t\u00f5lget?\" data-aria_expanded=\"Click to collapse: Kui palju maksab \u00fcks lehek\u00fclg teksti t\u00f5lget?\">Kui palju maksab \u00fcks lehek\u00fclg teksti t\u00f5lget?<span class=\"toggle_icon\"><span class=\"vert_icon\"><\/span><span class=\"hor_icon\"><\/span><\/span><\/p><div id='toggle-id-2' aria-labelledby='toggle-toggle-id-2' role='region' class='toggle_wrap  av-title-above'  ><div class='toggle_content invers-color '  itemprop=\"text\" ><p>T\u00f5lketeenuse hind s\u00f5ltub keele kombinatsioonist, temaatikast ja l\u00e4hteteksti keerukusest ja ka tellimuse t\u00e4itmise kiirusest. Selleks, et saada t\u00f5lket\u00f6\u00f6 hinnapakkumist, <a title=\"Kontaktid\" href=\"https:\/\/elmenta.com\/et\/kontaktid\/\">palun v\u00f5tke meiega \u00fchendust.<\/a><\/p>\n<\/div><\/div><\/div><\/section>\n<section class='av_toggle_section av-av_toggle-adfb1c2c211f34efa0cf3512858ecaa2'  itemscope=\"itemscope\" itemtype=\"https:\/\/schema.org\/CreativeWork\" ><div role=\"tablist\" class=\"single_toggle\" data-tags=\"{All} {\u2026 kui Te olete klient} \"  ><p id='toggle-toggle-id-3' data-fake-id='#toggle-id-3' class='toggler  av-title-above '  itemprop=\"headline\"  role='tab' tabindex='0' aria-controls='toggle-id-3' data-slide-speed=\"200\" data-title=\"Kuidas toimub tellimuse t\u00e4itmise eest tasumine?\" data-title-open=\"\" data-aria_collapsed=\"Click to expand: Kuidas toimub tellimuse t\u00e4itmise eest tasumine?\" data-aria_expanded=\"Click to collapse: Kuidas toimub tellimuse t\u00e4itmise eest tasumine?\">Kuidas toimub tellimuse t\u00e4itmise eest tasumine?<span class=\"toggle_icon\"><span class=\"vert_icon\"><\/span><span class=\"hor_icon\"><\/span><\/span><\/p><div id='toggle-id-3' aria-labelledby='toggle-toggle-id-3' role='region' class='toggle_wrap  av-title-above'  ><div class='toggle_content invers-color '  itemprop=\"text\" ><p>Tellimuse hind s\u00f5ltub keelekombinatsioonist, temaatikast ja l\u00e4hteteksti keerukusest. Hinna m\u00e4\u00e4ramisel v\u00f5etakse aluseks t\u00f5lgitava teksti maht s.t. s\u00f5nade arvu selles. Me kasutame tarkvara tekstis korduvate segmentide anal\u00fc\u00fcsimiseks, seega t\u00f5lgitavas tekstis korduvate s\u00f5nade puhul t\u00f5lkehind v\u00e4heneb.<\/p>\n<\/div><\/div><\/div><\/section>\n<section class='av_toggle_section av-av_toggle-18f6429254aff25bf06702640dfca049'  itemscope=\"itemscope\" itemtype=\"https:\/\/schema.org\/CreativeWork\" ><div role=\"tablist\" class=\"single_toggle\" data-tags=\"{All} {\u2026 kui Te olete klient} \"  ><p id='toggle-toggle-id-4' data-fake-id='#toggle-id-4' class='toggler  av-title-above '  itemprop=\"headline\"  role='tab' tabindex='0' aria-controls='toggle-id-4' data-slide-speed=\"200\" data-title=\"Kas kiirtellimus l\u00e4heb ka rohkem maksma?\" data-title-open=\"\" data-aria_collapsed=\"Click to expand: Kas kiirtellimus l\u00e4heb ka rohkem maksma?\" data-aria_expanded=\"Click to collapse: Kas kiirtellimus l\u00e4heb ka rohkem maksma?\">Kas kiirtellimus l\u00e4heb ka rohkem maksma?<span class=\"toggle_icon\"><span class=\"vert_icon\"><\/span><span class=\"hor_icon\"><\/span><\/span><\/p><div id='toggle-id-4' aria-labelledby='toggle-toggle-id-4' role='region' class='toggle_wrap  av-title-above'  ><div class='toggle_content invers-color '  itemprop=\"text\" ><p>Ja, kiiruse eest v\u00f5ib juurdehindlus t\u00f5usta 30-70% tellimuse hinnast. See s\u00f5ltub kiiruse astmest.<\/p>\n<\/div><\/div><\/div><\/section>\n<section class='av_toggle_section av-av_toggle-fdcaf894749e683abbb263528679edba'  itemscope=\"itemscope\" itemtype=\"https:\/\/schema.org\/CreativeWork\" ><div role=\"tablist\" class=\"single_toggle\" data-tags=\"{All} {\u2026 kui Te olete klient} \"  ><p id='toggle-toggle-id-5' data-fake-id='#toggle-id-5' class='toggler  av-title-above '  itemprop=\"headline\"  role='tab' tabindex='0' aria-controls='toggle-id-5' data-slide-speed=\"200\" data-title=\"Milliseid hinnasoodustusi Te pakute?\" data-title-open=\"\" data-aria_collapsed=\"Click to expand: Milliseid hinnasoodustusi Te pakute?\" data-aria_expanded=\"Click to collapse: Milliseid hinnasoodustusi Te pakute?\">Milliseid hinnasoodustusi Te pakute?<span class=\"toggle_icon\"><span class=\"vert_icon\"><\/span><span class=\"hor_icon\"><\/span><\/span><\/p><div id='toggle-id-5' aria-labelledby='toggle-toggle-id-5' role='region' class='toggle_wrap  av-title-above'  ><div class='toggle_content invers-color '  itemprop=\"text\" ><p>Hinnasoodustuse suurus s\u00f5ltub tellimuse mahust ja v\u00f5ib moodustada 10 kuni 15% tellimuse summast. Iga tellimuse juures lepitakse hinnasoodustuse suhtes eraldi kokku.<\/p>\n<\/div><\/div><\/div><\/section>\n<section class='av_toggle_section av-av_toggle-879fba5f2fc1f51699f9e3e50723af4a'  itemscope=\"itemscope\" itemtype=\"https:\/\/schema.org\/CreativeWork\" ><div role=\"tablist\" class=\"single_toggle\" data-tags=\"{All} {\u2026 kui Te olete klient} \"  ><p id='toggle-toggle-id-6' data-fake-id='#toggle-id-6' class='toggler  av-title-above '  itemprop=\"headline\"  role='tab' tabindex='0' aria-controls='toggle-id-6' data-slide-speed=\"200\" data-title=\"Kuidas on v\u00f5imalik tellimust mahutada?\" data-title-open=\"\" data-aria_collapsed=\"Click to expand: Kuidas on v\u00f5imalik tellimust mahutada?\" data-aria_expanded=\"Click to collapse: Kuidas on v\u00f5imalik tellimust mahutada?\">Kuidas on v\u00f5imalik tellimust mahutada?<span class=\"toggle_icon\"><span class=\"vert_icon\"><\/span><span class=\"hor_icon\"><\/span><\/span><\/p><div id='toggle-id-6' aria-labelledby='toggle-toggle-id-6' role='region' class='toggle_wrap  av-title-above'  ><div class='toggle_content invers-color '  itemprop=\"text\" ><p>Tellimust saab mahutada kui <a title=\"Kontaktid\" href=\"https:\/\/elmenta.com\/et\/kontaktid\/\">v\u00f5tate meiega \u00fchendust<\/a>.<\/p>\n<\/div><\/div><\/div><\/section>\n<section class='av_toggle_section av-av_toggle-5fc5ec830aa5f1dac1ccbbb4962e784a'  itemscope=\"itemscope\" itemtype=\"https:\/\/schema.org\/CreativeWork\" ><div role=\"tablist\" class=\"single_toggle\" data-tags=\"{All} {\u2026 kui Te olete klient} \"  ><p id='toggle-toggle-id-7' data-fake-id='#toggle-id-7' class='toggler  av-title-above '  itemprop=\"headline\"  role='tab' tabindex='0' aria-controls='toggle-id-7' data-slide-speed=\"200\" data-title=\"Millises formaadis v\u00f5tate materjale vastu t\u00f5lkimiseks?\" data-title-open=\"\" data-aria_collapsed=\"Click to expand: Millises formaadis v\u00f5tate materjale vastu t\u00f5lkimiseks?\" data-aria_expanded=\"Click to collapse: Millises formaadis v\u00f5tate materjale vastu t\u00f5lkimiseks?\">Millises formaadis v\u00f5tate materjale vastu t\u00f5lkimiseks?<span class=\"toggle_icon\"><span class=\"vert_icon\"><\/span><span class=\"hor_icon\"><\/span><\/span><\/p><div id='toggle-id-7' aria-labelledby='toggle-toggle-id-7' role='region' class='toggle_wrap  av-title-above'  ><div class='toggle_content invers-color '  itemprop=\"text\" ><p>Me v\u00f5tame materjale vastu t\u00f5lkimiseks k\u00f5ige erinevamates tekstiformaatides (*.txt, *.doc(x), *.ppt(x), *.xls(x), *.pdf\u00a0 jne.) aga ka video- ja audiofailides.<\/p>\n<\/div><\/div><\/div><\/section>\n<section class='av_toggle_section av-av_toggle-eb79453ba7e720a1f179b2afccba5fc8'  itemscope=\"itemscope\" itemtype=\"https:\/\/schema.org\/CreativeWork\" ><div role=\"tablist\" class=\"single_toggle\" data-tags=\"{All} {\u2026 kui Te olete klient} \"  ><p id='toggle-toggle-id-8' data-fake-id='#toggle-id-8' class='toggler  av-title-above '  itemprop=\"headline\"  role='tab' tabindex='0' aria-controls='toggle-id-8' data-slide-speed=\"200\" data-title=\"Kuidas toimub tellimuse eest tasumine?\" data-title-open=\"\" data-aria_collapsed=\"Click to expand: Kuidas toimub tellimuse eest tasumine?\" data-aria_expanded=\"Click to collapse: Kuidas toimub tellimuse eest tasumine?\">Kuidas toimub tellimuse eest tasumine?<span class=\"toggle_icon\"><span class=\"vert_icon\"><\/span><span class=\"hor_icon\"><\/span><\/span><\/p><div id='toggle-id-8' aria-labelledby='toggle-toggle-id-8' role='region' class='toggle_wrap  av-title-above'  ><div class='toggle_content invers-color '  itemprop=\"text\" ><p>Te v\u00f5ite maksta tellimuse eest raha \u00fclekandmisega meie arvelduskontole. Me v\u00f5tame tasu vastu l\u00e4bi PayPal \u0438 Moneybookers (Scrill) arvelduss\u00fcsteemide.<\/p>\n<\/div><\/div><\/div><\/section>\n<section class='av_toggle_section av-av_toggle-c104235a9cf15090645319bb6840ec79'  itemscope=\"itemscope\" itemtype=\"https:\/\/schema.org\/CreativeWork\" ><div role=\"tablist\" class=\"single_toggle\" data-tags=\"{All} {\u2026 kui Te olete klient} \"  ><p id='toggle-toggle-id-9' data-fake-id='#toggle-id-9' class='toggler  av-title-above '  itemprop=\"headline\"  role='tab' tabindex='0' aria-controls='toggle-id-9' data-slide-speed=\"200\" data-title=\"Kuidas Te garanteerite t\u00f5lkimise kvaliteeti?\" data-title-open=\"\" data-aria_collapsed=\"Click to expand: Kuidas Te garanteerite t\u00f5lkimise kvaliteeti?\" data-aria_expanded=\"Click to collapse: Kuidas Te garanteerite t\u00f5lkimise kvaliteeti?\">Kuidas Te garanteerite t\u00f5lkimise kvaliteeti?<span class=\"toggle_icon\"><span class=\"vert_icon\"><\/span><span class=\"hor_icon\"><\/span><\/span><\/p><div id='toggle-id-9' aria-labelledby='toggle-toggle-id-9' role='region' class='toggle_wrap  av-title-above'  ><div class='toggle_content invers-color '  itemprop=\"text\" ><p>Vastavalt meie kvaliteedi protseduuridele l\u00e4bib iga t\u00f5lketekst mitut etappi \u2013 t\u00f5lkimine, toimetamine, valikkontroll ja formaadi kontroll dokumentidele, mis on ette n\u00e4htud tira\u017eeerimiseks \u2013 kontroll peale DTP (makettimist). Enamikel juhtudel on meie t\u00f5lkijateks t\u00f5lgid, kelle sihtkeel on emakeeleks ja nad elavad selles riigis v\u00f5i regioonis, kus seda sihtkeelt kasutatakse. Tekstide toimetamist teevad alati filoloogid, kelle emakeeleks on sihtkeel.<\/p>\n<\/div><\/div><\/div><\/section>\n<section class='av_toggle_section av-av_toggle-4b7d968562a2d17ac65f8a35b37091c5'  itemscope=\"itemscope\" itemtype=\"https:\/\/schema.org\/CreativeWork\" ><div role=\"tablist\" class=\"single_toggle\" data-tags=\"{All} {\u2026 kui Te olete klient} \"  ><p id='toggle-toggle-id-10' data-fake-id='#toggle-id-10' class='toggler  av-title-above '  itemprop=\"headline\"  role='tab' tabindex='0' aria-controls='toggle-id-10' data-slide-speed=\"200\" data-title=\" Millisel viisil Te garanteerite t\u00f5lgitava materjali konfidentsiaalsuse?\" data-title-open=\"\" data-aria_collapsed=\"Click to expand:  Millisel viisil Te garanteerite t\u00f5lgitava materjali konfidentsiaalsuse?\" data-aria_expanded=\"Click to collapse:  Millisel viisil Te garanteerite t\u00f5lgitava materjali konfidentsiaalsuse?\"> Millisel viisil Te garanteerite t\u00f5lgitava materjali konfidentsiaalsuse?<span class=\"toggle_icon\"><span class=\"vert_icon\"><\/span><span class=\"hor_icon\"><\/span><\/span><\/p><div id='toggle-id-10' aria-labelledby='toggle-toggle-id-10' role='region' class='toggle_wrap  av-title-above'  ><div class='toggle_content invers-color '  itemprop=\"text\" ><p>Meil on k\u00f5ikide t\u00f5lkidega s\u00f5lmitud kokkulepped t\u00f5lgitavate materjalide kohta informatsiooni mitteavaldamise osas kolmandatele isikutele. Erijuhtudel me v\u00f5ime rakendada t\u00e4iendavaid meetmeid konfidentsiaalsuse tagamiseks.<\/p>\n<\/div><\/div><\/div><\/section>\n<section class='av_toggle_section av-av_toggle-d53a7047892a0e54bc6c0d20095537d8'  itemscope=\"itemscope\" itemtype=\"https:\/\/schema.org\/CreativeWork\" ><div role=\"tablist\" class=\"single_toggle\" data-tags=\"{All} {\u2026 juhul kui Teie teenuste t\u00f5lk\/tarnija} \"  ><p id='toggle-toggle-id-11' data-fake-id='#toggle-id-11' class='toggler  av-title-above '  itemprop=\"headline\"  role='tab' tabindex='0' aria-controls='toggle-id-11' data-slide-speed=\"200\" data-title=\"Millised on Teie n\u00f5uded t\u00f5lkijatele?\" data-title-open=\"\" data-aria_collapsed=\"Click to expand: Millised on Teie n\u00f5uded t\u00f5lkijatele?\" data-aria_expanded=\"Click to collapse: Millised on Teie n\u00f5uded t\u00f5lkijatele?\">Millised on Teie n\u00f5uded t\u00f5lkijatele?<span class=\"toggle_icon\"><span class=\"vert_icon\"><\/span><span class=\"hor_icon\"><\/span><\/span><\/p><div id='toggle-id-11' aria-labelledby='toggle-toggle-id-11' role='region' class='toggle_wrap  av-title-above'  ><div class='toggle_content invers-color '  itemprop=\"text\" ><p>Meie n\u00f5uded t\u00f5lkidele on allj\u00e4rgnevad:<\/p>\n<ul>\n<li>professionaalne klassifikatsioon t\u00f5lkimise valdkonnas;<\/li>\n<li>t\u00f6\u00f6kogemus t\u00f5lkijana \u2013 v\u00e4hemalt 5 aastat;<\/li>\n<li>vastustunne ja korralikkus;<\/li>\n<li>kogemused CAT tarkvaraga &#8211; Trados, MemoQ, Wordfast jne.<\/li>\n<\/ul>\n<\/div><\/div><\/div><\/section>\n<section class='av_toggle_section av-av_toggle-00093883e8ebe2323ecec215deadccdb'  itemscope=\"itemscope\" itemtype=\"https:\/\/schema.org\/CreativeWork\" ><div role=\"tablist\" class=\"single_toggle\" data-tags=\"{All} {\u2026 juhul kui Teie teenuste t\u00f5lk\/tarnija} \"  ><p id='toggle-toggle-id-12' data-fake-id='#toggle-id-12' class='toggler  av-title-above '  itemprop=\"headline\"  role='tab' tabindex='0' aria-controls='toggle-id-12' data-slide-speed=\"200\" data-title=\"Kuidas Teiega saab alustada koost\u00f6\u00f6d?\" data-title-open=\"\" data-aria_collapsed=\"Click to expand: Kuidas Teiega saab alustada koost\u00f6\u00f6d?\" data-aria_expanded=\"Click to collapse: Kuidas Teiega saab alustada koost\u00f6\u00f6d?\">Kuidas Teiega saab alustada koost\u00f6\u00f6d?<span class=\"toggle_icon\"><span class=\"vert_icon\"><\/span><span class=\"hor_icon\"><\/span><\/span><\/p><div id='toggle-id-12' aria-labelledby='toggle-toggle-id-12' role='region' class='toggle_wrap  av-title-above'  ><div class='toggle_content invers-color '  itemprop=\"text\" ><p>Me oleme kogemustega ja kindlatega tellijatega koost\u00f6\u00f6ks alati valmis. Juhul kui Te olete huvitatud meiega koost\u00f6\u00f6st, palun saatke oma CV meile aadressil: vendors(at)elmenta.com.<\/p>\n<\/div><\/div><\/div><\/section>\n<section class='av_toggle_section av-av_toggle-efec1ce47dee294ba93bf2f968b151ff'  itemscope=\"itemscope\" itemtype=\"https:\/\/schema.org\/CreativeWork\" ><div role=\"tablist\" class=\"single_toggle\" data-tags=\"{All} {\u2026 juhul kui Teie teenuste t\u00f5lk\/tarnija} \"  ><p id='toggle-toggle-id-13' data-fake-id='#toggle-id-13' class='toggler  av-title-above '  itemprop=\"headline\"  role='tab' tabindex='0' aria-controls='toggle-id-13' data-slide-speed=\"200\" data-title=\"Millised on t\u00f6\u00f6tasu tingimused?\" data-title-open=\"\" data-aria_collapsed=\"Click to expand: Millised on t\u00f6\u00f6tasu tingimused?\" data-aria_expanded=\"Click to collapse: Millised on t\u00f6\u00f6tasu tingimused?\">Millised on t\u00f6\u00f6tasu tingimused?<span class=\"toggle_icon\"><span class=\"vert_icon\"><\/span><span class=\"hor_icon\"><\/span><\/span><\/p><div id='toggle-id-13' aria-labelledby='toggle-toggle-id-13' role='region' class='toggle_wrap  av-title-above'  ><div class='toggle_content invers-color '  itemprop=\"text\" ><p>T\u00f6\u00f6tasu makstakse v\u00e4lja t\u00f5lkija poolt saadetud arve alusel. Arve tasumise t\u00e4htaeg 30 p\u00e4eva arve v\u00e4ljastamise p\u00e4evast.<\/p>\n<\/div><\/div><\/div><\/section>\n<section class='av_toggle_section av-av_toggle-89c064bc1a05f9f7582e2641004f8f8f'  itemscope=\"itemscope\" itemtype=\"https:\/\/schema.org\/CreativeWork\" ><div role=\"tablist\" class=\"single_toggle\" data-tags=\"{All} {\u2026 juhul kui Teie teenuste t\u00f5lk\/tarnija} \"  ><p id='toggle-toggle-id-14' data-fake-id='#toggle-id-14' class='toggler  av-title-above '  itemprop=\"headline\"  role='tab' tabindex='0' aria-controls='toggle-id-14' data-slide-speed=\"200\" data-title=\" Millised on arve maksmise viisid?\" data-title-open=\"\" data-aria_collapsed=\"Click to expand:  Millised on arve maksmise viisid?\" data-aria_expanded=\"Click to collapse:  Millised on arve maksmise viisid?\"> Millised on arve maksmise viisid?<span class=\"toggle_icon\"><span class=\"vert_icon\"><\/span><span class=\"hor_icon\"><\/span><\/span><\/p><div id='toggle-id-14' aria-labelledby='toggle-toggle-id-14' role='region' class='toggle_wrap  av-title-above'  ><div class='toggle_content invers-color '  itemprop=\"text\" ><p>Me v\u00f5ime t\u00f6\u00f6tasu maksta Teie arvelduskontole. Aga v\u00f5ime tasuda ka l\u00e4bi arvelduss\u00fcsteemide nagu &#8211; PayPal ja Moneybookers (Scrill).<\/p>\n<\/div><\/div><\/div><\/section>\n<section class='av_toggle_section av-av_toggle-01bb0fa6688e48de23902097a976199b'  itemscope=\"itemscope\" itemtype=\"https:\/\/schema.org\/CreativeWork\" ><div role=\"tablist\" class=\"single_toggle\" data-tags=\"{All} {\u2026 juhul kui Teie teenuste t\u00f5lk\/tarnija} \"  ><p id='toggle-toggle-id-15' data-fake-id='#toggle-id-15' class='toggler  av-title-above '  itemprop=\"headline\"  role='tab' tabindex='0' aria-controls='toggle-id-15' data-slide-speed=\"200\" data-title=\"Millised andmed peavad kajastuma arvel?\" data-title-open=\"\" data-aria_collapsed=\"Click to expand: Millised andmed peavad kajastuma arvel?\" data-aria_expanded=\"Click to collapse: Millised andmed peavad kajastuma arvel?\">Millised andmed peavad kajastuma arvel?<span class=\"toggle_icon\"><span class=\"vert_icon\"><\/span><span class=\"hor_icon\"><\/span><\/span><\/p><div id='toggle-id-15' aria-labelledby='toggle-toggle-id-15' role='region' class='toggle_wrap  av-title-above'  ><div class='toggle_content invers-color '  itemprop=\"text\" ><p>Arve peab sisaldama allj\u00e4rgnevaid andmeid:<\/p>\n<ul>\n<li>tellija ja teenuse tarnija rekvisiite \u2013 nimetus\/ees -ja perekonnanimi, aadress, maksumaksja reg.nr. (s\u00fcnniaeg) jms. Meie rekvisiite leiate meie veebilehelt alajaotusest \u201eKontaktid\u201c;<\/li>\n<li>arve nr. ja kuup\u00e4ev;<\/li>\n<li>tellimuse number ja kirjeldus (teenuse liik, hind, t\u00f6\u00f6maht jne.);<\/li>\n<li>pangarekvisiidid (panga nimetus ja aadress, arveldusarve number (IBAN ja SWIFT) v\u00f5i rekvisiidid maksmiseks PayPal\/Moneybookers (Scrill) vahendusel.<\/li>\n<\/ul>\n<\/div><\/div><\/div><\/section>\n<\/div>\n","protected":false},"excerpt":{"rendered":"","protected":false},"author":1,"featured_media":0,"parent":0,"menu_order":600,"comment_status":"closed","ping_status":"closed","template":"","meta":{"footnotes":""},"class_list":["post-2637","page","type-page","status-publish","hentry"],"_links":{"self":[{"href":"https:\/\/elmenta.com\/et\/wp-json\/wp\/v2\/pages\/2637"}],"collection":[{"href":"https:\/\/elmenta.com\/et\/wp-json\/wp\/v2\/pages"}],"about":[{"href":"https:\/\/elmenta.com\/et\/wp-json\/wp\/v2\/types\/page"}],"author":[{"embeddable":true,"href":"https:\/\/elmenta.com\/et\/wp-json\/wp\/v2\/users\/1"}],"replies":[{"embeddable":true,"href":"https:\/\/elmenta.com\/et\/wp-json\/wp\/v2\/comments?post=2637"}],"version-history":[{"count":5,"href":"https:\/\/elmenta.com\/et\/wp-json\/wp\/v2\/pages\/2637\/revisions"}],"predecessor-version":[{"id":3340,"href":"https:\/\/elmenta.com\/et\/wp-json\/wp\/v2\/pages\/2637\/revisions\/3340"}],"wp:attachment":[{"href":"https:\/\/elmenta.com\/et\/wp-json\/wp\/v2\/media?parent=2637"}],"curies":[{"name":"wp","href":"https:\/\/api.w.org\/{rel}","templated":true}]}}