{"id":2635,"date":"2014-02-24T10:26:56","date_gmt":"2014-02-24T10:26:56","guid":{"rendered":"https:\/\/elmenta.com\/?page_id=2635"},"modified":"2019-03-25T12:16:59","modified_gmt":"2019-03-25T12:16:59","slug":"vabad-tookohad","status":"publish","type":"page","link":"https:\/\/elmenta.com\/et\/vabad-tookohad\/","title":{"rendered":"Vabad t\u00f6\u00f6kohad"},"content":{"rendered":"\n<style type=\"text\/css\" data-created_by=\"avia_inline_auto\" id=\"style-css-av-av_heading-516f5b5646067f71a04cfbde44bd2ed4\">\n#top .av-special-heading.av-av_heading-516f5b5646067f71a04cfbde44bd2ed4{\npadding-bottom:10px;\n}\nbody .av-special-heading.av-av_heading-516f5b5646067f71a04cfbde44bd2ed4 .av-special-heading-tag .heading-char{\nfont-size:25px;\n}\n.av-special-heading.av-av_heading-516f5b5646067f71a04cfbde44bd2ed4 .av-subheading{\nfont-size:15px;\n}\n<\/style>\n<div  class='av-special-heading av-av_heading-516f5b5646067f71a04cfbde44bd2ed4 av-special-heading-h3 blockquote modern-quote  avia-builder-el-0  el_before_av_textblock  avia-builder-el-first '><h3 class='av-special-heading-tag '  itemprop=\"headline\"  >Me oleme alati valmis koost\u00f6\u00f6ks kogenenud ja kindlate tarnijatega<\/h3><div class=\"special-heading-border\"><div class=\"special-heading-inner-border\"><\/div><\/div><\/div>\n<section  class='av_textblock_section av-3v6ru3-26ce77890da01dac29c4849c026e38c5 '   itemscope=\"itemscope\" itemtype=\"https:\/\/schema.org\/CreativeWork\" ><div class='avia_textblock'  itemprop=\"text\" ><p>Hetkel pakume koost\u00f6\u00f6d:<\/p>\n<h5>MITTEKOOSSEISULISTELE T\u00d5LKIDELE, KORREKTORITELE, TOIMETAJATELE<\/h5>\n<p>N\u00f5udmised kandideerijatele:<\/p>\n<ul>\n<li>t\u00f5lgi professionaalne kvalifikatsioon;<\/li>\n<li>t\u00f6\u00f6kogemus t\u00f5lgina \u2013 minimaalselt 5 aastat;<\/li>\n<li>vastutustunne ja korralikkus;<\/li>\n<li>t\u00f6\u00f6kogemus &#8211; Trados, MemoQ, Wordfast jt. programmidega t\u00f6\u00f6tamisel.<\/li>\n<\/ul>\n<p>Omalt poolt pakume:<\/p>\n<ul>\n<li>t\u00f6\u00f6 eest \u00f5igeaegset tasu;<\/li>\n<li>t\u00e4iend\u00f5pet;<\/li>\n<li>kodut\u00f6\u00f6d Teile sobival ajal.<\/li>\n<\/ul>\n<\/div><\/section>\n<div  class='av_promobox av-2wupdn-e5829e55c0d0d0c22f8993c3eecfb4b7 avia-button-yes  avia-builder-el-2  el_after_av_textblock  avia-builder-el-last '><div class='avia-promocontent'><p>\nJuhul kui Te olete huvitatud koost\u00f6\u00f6st, palun saatke oma CV.\u200b<\/p>\n<\/div><div  class='avia-button-wrap av-2wupdn-e701571e424f97d4b24665a7f28a8561-wrap avia-button-right '><a href='https:\/\/elmenta.com\/et\/kontaktid\/'  class='avia-button av-2wupdn-e701571e424f97d4b24665a7f28a8561 av-link-btn avia-icon_select-yes-left-icon avia-size-medium avia-position-right avia-color-theme-color'  target=\"_blank\"  rel=\"noopener noreferrer\"  aria-label=\"E-post\"><span class='avia_button_icon avia_button_icon_left' aria-hidden='true' data-av_icon='\ue805' data-av_iconfont='entypo-fontello'><\/span><span class='avia_iconbox_title' >E-post<\/span><\/a><\/div><\/div>\n","protected":false},"excerpt":{"rendered":"","protected":false},"author":1,"featured_media":0,"parent":0,"menu_order":400,"comment_status":"closed","ping_status":"closed","template":"","meta":{"footnotes":""},"class_list":["post-2635","page","type-page","status-publish","hentry"],"_links":{"self":[{"href":"https:\/\/elmenta.com\/et\/wp-json\/wp\/v2\/pages\/2635"}],"collection":[{"href":"https:\/\/elmenta.com\/et\/wp-json\/wp\/v2\/pages"}],"about":[{"href":"https:\/\/elmenta.com\/et\/wp-json\/wp\/v2\/types\/page"}],"author":[{"embeddable":true,"href":"https:\/\/elmenta.com\/et\/wp-json\/wp\/v2\/users\/1"}],"replies":[{"embeddable":true,"href":"https:\/\/elmenta.com\/et\/wp-json\/wp\/v2\/comments?post=2635"}],"version-history":[{"count":6,"href":"https:\/\/elmenta.com\/et\/wp-json\/wp\/v2\/pages\/2635\/revisions"}],"predecessor-version":[{"id":3522,"href":"https:\/\/elmenta.com\/et\/wp-json\/wp\/v2\/pages\/2635\/revisions\/3522"}],"wp:attachment":[{"href":"https:\/\/elmenta.com\/et\/wp-json\/wp\/v2\/media?parent=2635"}],"curies":[{"name":"wp","href":"https:\/\/api.w.org\/{rel}","templated":true}]}}