{"id":2598,"date":"2014-02-24T09:43:05","date_gmt":"2014-02-24T09:43:05","guid":{"rendered":"https:\/\/elmenta.com\/?page_id=2598"},"modified":"2019-03-25T12:21:28","modified_gmt":"2019-03-25T12:21:28","slug":"kvaliteet","status":"publish","type":"page","link":"https:\/\/elmenta.com\/et\/kvaliteet\/","title":{"rendered":"Kvaliteet"},"content":{"rendered":"\n<style type=\"text\/css\" data-created_by=\"avia_inline_auto\" id=\"style-css-av-av_heading-287e053b05110f31be881476997be6e1\">\n#top .av-special-heading.av-av_heading-287e053b05110f31be881476997be6e1{\npadding-bottom:10px;\n}\nbody .av-special-heading.av-av_heading-287e053b05110f31be881476997be6e1 .av-special-heading-tag .heading-char{\nfont-size:25px;\n}\n.av-special-heading.av-av_heading-287e053b05110f31be881476997be6e1 .av-subheading{\nfont-size:15px;\n}\n<\/style>\n<div  class='av-special-heading av-av_heading-287e053b05110f31be881476997be6e1 av-special-heading-h3 blockquote modern-quote  avia-builder-el-0  el_before_av_heading  avia-builder-el-first '><h3 class='av-special-heading-tag '  itemprop=\"headline\"  >Me t\u00f6\u00f6tasime v\u00e4lja kvaliteedi kontrollimise protseduurid, mis ei ole ainult paberil, vaid toimivad ka tegelikult.<\/h3><div class='av-subheading av-subheading_below'><p>Oma t\u00f6\u00f6s peame me kinni standardi <b> EN15038 n\u00f5udmistest. <\/b><\/p>\n<\/div><div class=\"special-heading-border\"><div class=\"special-heading-inner-border\"><\/div><\/div><\/div>\n\n<style type=\"text\/css\" data-created_by=\"avia_inline_auto\" id=\"style-css-av-av_heading-b88ccaadfb91e219c7fa19fe2f349f67\">\n#top .av-special-heading.av-av_heading-b88ccaadfb91e219c7fa19fe2f349f67{\npadding-bottom:10px;\n}\nbody .av-special-heading.av-av_heading-b88ccaadfb91e219c7fa19fe2f349f67 .av-special-heading-tag .heading-char{\nfont-size:25px;\n}\n.av-special-heading.av-av_heading-b88ccaadfb91e219c7fa19fe2f349f67 .av-subheading{\nfont-size:15px;\n}\n<\/style>\n<div  class='av-special-heading av-av_heading-b88ccaadfb91e219c7fa19fe2f349f67 av-special-heading-h3  avia-builder-el-1  el_after_av_heading  el_before_av_iconlist '><h3 class='av-special-heading-tag '  itemprop=\"headline\"  >T\u00e4psemalt n\u00e4eb protsess v\u00e4lja allj\u00e4rgnevalt:<\/h3><div class=\"special-heading-border\"><div class=\"special-heading-inner-border\"><\/div><\/div><\/div>\n<div  class='avia-icon-list-container av-dumsuu-499990837b17b760002efa51ebcb1966  avia-builder-el-2  el_after_av_heading  el_before_av_heading '><ul class='avia-icon-list avia_animate_when_almost_visible avia-icon-list-left av-iconlist-big av-dumsuu-499990837b17b760002efa51ebcb1966 avia-iconlist-animate'>\n<li><div class='iconlist_icon av-bywyie-b6e0a493fac0d3e495196a4617d78655 avia-font-entypo-fontello'><span class='iconlist-char' aria-hidden='true' data-av_icon='\ue80b' data-av_iconfont='entypo-fontello'><\/span><\/div><article class=\"article-icon-entry \"  itemscope=\"itemscope\" itemtype=\"https:\/\/schema.org\/CreativeWork\" ><div class=\"iconlist_content_wrap\"><header class=\"entry-content-header\" aria-label=\"Icon: Kliendiga tema vajaduste selgitamine \"><h4 class='av_iconlist_title iconlist_title  '  itemprop=\"headline\" >Kliendiga tema vajaduste selgitamine <\/h4><\/header><div class='iconlist_content '  itemprop=\"text\" ><p>ja t\u00e4htaegade, mahtude ning hinna kokkulepe<\/p>\n<\/div><\/div><footer class=\"entry-footer\"><\/footer><\/article><div class=\"iconlist-timeline\"><\/div><\/li>\n<li><div class='iconlist_icon av-adcrqu-bbf4b69c817d5660edd5e18fb4cfc9d9 avia-font-entypo-fontello'><span class='iconlist-char' aria-hidden='true' data-av_icon='\ue837' data-av_iconfont='entypo-fontello'><\/span><\/div><article class=\"article-icon-entry \"  itemscope=\"itemscope\" itemtype=\"https:\/\/schema.org\/CreativeWork\" ><div class=\"iconlist_content_wrap\"><header class=\"entry-content-header\" aria-label=\"Icon: T\u00f5lkimine\"><h4 class='av_iconlist_title iconlist_title  '  itemprop=\"headline\" >T\u00f5lkimine<\/h4><\/header><div class='iconlist_content '  itemprop=\"text\" ><p>enamikel juhtudel on t\u00f5lkijateks need, kelle emakeeleks on sihtkeel<\/p>\n<\/div><\/div><footer class=\"entry-footer\"><\/footer><\/article><div class=\"iconlist-timeline\"><\/div><\/li>\n<li><div class='iconlist_icon av-9facie-9c91602ce897e9d13d0d70c8ee0828c4 avia-font-entypo-fontello'><span class='iconlist-char' aria-hidden='true' data-av_icon='\ue84b' data-av_iconfont='entypo-fontello'><\/span><\/div><article class=\"article-icon-entry \"  itemscope=\"itemscope\" itemtype=\"https:\/\/schema.org\/CreativeWork\" ><div class=\"iconlist_content_wrap\"><header class=\"entry-content-header\" aria-label=\"Icon: Toimetamine\"><h4 class='av_iconlist_title iconlist_title  '  itemprop=\"headline\" >Toimetamine<\/h4><\/header><div class='iconlist_content '  itemprop=\"text\" ><p>teostatakse alati nende poolt kelle emakeeleks on sihtkeel<\/p>\n<\/div><\/div><footer class=\"entry-footer\"><\/footer><\/article><div class=\"iconlist-timeline\"><\/div><\/li>\n<li><div class='iconlist_icon av-6zqrpy-4f3975fc052ebf014b20ed692d46b914 avia-font-entypo-fontello'><span class='iconlist-char' aria-hidden='true' data-av_icon='\ue891' data-av_iconfont='entypo-fontello'><\/span><\/div><article class=\"article-icon-entry \"  itemscope=\"itemscope\" itemtype=\"https:\/\/schema.org\/CreativeWork\" ><div class=\"iconlist_content_wrap\"><header class=\"entry-content-header\" aria-label=\"Icon: Kvaliteedi kontrollimine\"><h4 class='av_iconlist_title iconlist_title  '  itemprop=\"headline\" >Kvaliteedi kontrollimine<\/h4><\/header><div class='iconlist_content '  itemprop=\"text\" ><p>+ kontrollitakse kliendi spetsiifilistele n\u00f5udmistele vastavust<\/p>\n<\/div><\/div><footer class=\"entry-footer\"><\/footer><\/article><div class=\"iconlist-timeline\"><\/div><\/li>\n<li><div class='iconlist_icon av-5wyt3a-a4b981723c1c3fc27e7def8282624b58 avia-font-entypo-fontello'><span class='iconlist-char' aria-hidden='true' data-av_icon='\ue82b' data-av_iconfont='entypo-fontello'><\/span><\/div><article class=\"article-icon-entry \"  itemscope=\"itemscope\" itemtype=\"https:\/\/schema.org\/CreativeWork\" ><div class=\"iconlist_content_wrap\"><header class=\"entry-content-header\" aria-label=\"Icon: Tr\u00fckieelne kontroll DTP \"><h4 class='av_iconlist_title iconlist_title  '  itemprop=\"headline\" >Tr\u00fckieelne kontroll DTP <\/h4><\/header><div class='iconlist_content '  itemprop=\"text\" ><p>teksti l\u00f5ppkontroll \u2013 \u0161riftid, formaatiseerimine, t\u00fchikud, tr\u00fckivead jms.<\/p>\n<\/div><\/div><footer class=\"entry-footer\"><\/footer><\/article><div class=\"iconlist-timeline\"><\/div><\/li>\n<\/ul><\/div>\n\n<style type=\"text\/css\" data-created_by=\"avia_inline_auto\" id=\"style-css-av-av_heading-86124995b0aad23f8d1792b707726e79\">\n#top .av-special-heading.av-av_heading-86124995b0aad23f8d1792b707726e79{\npadding-bottom:10px;\n}\nbody .av-special-heading.av-av_heading-86124995b0aad23f8d1792b707726e79 .av-special-heading-tag .heading-char{\nfont-size:25px;\n}\n.av-special-heading.av-av_heading-86124995b0aad23f8d1792b707726e79 .av-subheading{\nfont-size:15px;\n}\n<\/style>\n<div  class='av-special-heading av-av_heading-86124995b0aad23f8d1792b707726e79 av-special-heading-h4 blockquote modern-quote  avia-builder-el-3  el_after_av_iconlist  el_before_av_promobox '><h4 class='av-special-heading-tag '  itemprop=\"headline\"  >Igal kliendil on oma projekti koordinaator,<\/h4><div class='av-subheading av-subheading_below'><p>see t\u00e4hendab, et Te peate sidet ainult \u00fche t\u00f6\u00f6tajaga. Meie projekti koordinaatoritega v\u00f5ib \u00fchendust v\u00f5tta ka t\u00f6\u00f6v\u00e4lisel ajal, kuna me arvame, et tihe koost\u00f6\u00f6 meie klientidega kogu projekti ajal tagab l\u00f5pptoote hea kvaliteedi.<\/p>\n<\/div><div class=\"special-heading-border\"><div class=\"special-heading-inner-border\"><\/div><\/div><\/div>\n<div  class='av_promobox av-2vjjti-6fb478acd699346d4c044abcaacef4ed avia-button-yes  avia-builder-el-4  el_after_av_heading  avia-builder-el-last '><div class='avia-promocontent'><p>\nSelleks, et saada t\u00e4psemat informatsiooni meie kvaliteedi protseduuridest, palun v\u00f5tke meiega \u00fchendust.<\/p>\n<\/div><div  class='avia-button-wrap av-2vjjti-9c7bc1d3c76009c49c763e5e470305dd-wrap avia-button-right '><a href='https:\/\/elmenta.com\/et\/kontaktid\/'  class='avia-button av-2vjjti-9c7bc1d3c76009c49c763e5e470305dd av-link-btn avia-icon_select-yes-left-icon avia-size-large avia-position-right avia-color-theme-color'   aria-label=\"E-post\"><span class='avia_button_icon avia_button_icon_left' aria-hidden='true' data-av_icon='\ue805' data-av_iconfont='entypo-fontello'><\/span><span class='avia_iconbox_title' >E-post<\/span><\/a><\/div><\/div>\n","protected":false},"excerpt":{"rendered":"","protected":false},"author":1,"featured_media":0,"parent":0,"menu_order":300,"comment_status":"closed","ping_status":"closed","template":"","meta":{"footnotes":""},"class_list":["post-2598","page","type-page","status-publish","hentry"],"_links":{"self":[{"href":"https:\/\/elmenta.com\/et\/wp-json\/wp\/v2\/pages\/2598"}],"collection":[{"href":"https:\/\/elmenta.com\/et\/wp-json\/wp\/v2\/pages"}],"about":[{"href":"https:\/\/elmenta.com\/et\/wp-json\/wp\/v2\/types\/page"}],"author":[{"embeddable":true,"href":"https:\/\/elmenta.com\/et\/wp-json\/wp\/v2\/users\/1"}],"replies":[{"embeddable":true,"href":"https:\/\/elmenta.com\/et\/wp-json\/wp\/v2\/comments?post=2598"}],"version-history":[{"count":5,"href":"https:\/\/elmenta.com\/et\/wp-json\/wp\/v2\/pages\/2598\/revisions"}],"predecessor-version":[{"id":3531,"href":"https:\/\/elmenta.com\/et\/wp-json\/wp\/v2\/pages\/2598\/revisions\/3531"}],"wp:attachment":[{"href":"https:\/\/elmenta.com\/et\/wp-json\/wp\/v2\/media?parent=2598"}],"curies":[{"name":"wp","href":"https:\/\/api.w.org\/{rel}","templated":true}]}}