{"id":2594,"date":"2014-02-24T09:35:30","date_gmt":"2014-02-24T09:35:30","guid":{"rendered":"https:\/\/elmenta.com\/?page_id=2594"},"modified":"2014-02-25T18:34:49","modified_gmt":"2014-02-25T18:34:49","slug":"makettimine","status":"publish","type":"page","link":"https:\/\/elmenta.com\/et\/teenused\/makettimine\/","title":{"rendered":"Makettimine"},"content":{"rendered":"<section  class='av_textblock_section av-av_textblock-2989cb1a500f76248ec894598f4e8e5e '   itemscope=\"itemscope\" itemtype=\"https:\/\/schema.org\/CreativeWork\" ><div class='avia_textblock'  itemprop=\"text\" ><p>Juhul kui Teil on vaja t\u00f5lkida bukletti, instruktsiooni v\u00f5i muud dokumenti, mis sisaldab kujundeid ja teatuid formaate, siis v\u00f5ib Teil vaja minna makettimise teenuseid.<\/p>\n<p>Erinevatest keeltest t\u00f5lkimise tulemusena v\u00f5ib kahjustuda dokumentide originaalne vormindus. Seep\u00e4rast pakume valmist\u00f5lgetele makettimise teenuseid, et garanteerida t\u00f5lketekstide \u00f5iget asetust ja teha korrektuuri dokumendi maketile, mis vastaks l\u00e4htedokumendile.<\/p>\n<p>Me t\u00f6\u00f6tame paljude programmidega, nagu n\u00e4iteks:<\/p>\n<ul>\n<li>Quark XPress,<\/li>\n<li>Adobe InDesign,<\/li>\n<li>Adobe PageMaker,<\/li>\n<li>Adobe FrameMaker,<\/li>\n<li>Corel.<\/li>\n<\/ul>\n<p>T\u00e4psema info saamiseks, <a title=\"Kontaktid\" href=\"https:\/\/elmenta.com\/et\/kontaktid\/\">palun v\u00f5tke meiega \u00fchendust.<\/a><\/p>\n<\/div><\/section>\n","protected":false},"excerpt":{"rendered":"","protected":false},"author":1,"featured_media":0,"parent":2578,"menu_order":240,"comment_status":"closed","ping_status":"closed","template":"","meta":{"footnotes":""},"class_list":["post-2594","page","type-page","status-publish","hentry"],"_links":{"self":[{"href":"https:\/\/elmenta.com\/et\/wp-json\/wp\/v2\/pages\/2594"}],"collection":[{"href":"https:\/\/elmenta.com\/et\/wp-json\/wp\/v2\/pages"}],"about":[{"href":"https:\/\/elmenta.com\/et\/wp-json\/wp\/v2\/types\/page"}],"author":[{"embeddable":true,"href":"https:\/\/elmenta.com\/et\/wp-json\/wp\/v2\/users\/1"}],"replies":[{"embeddable":true,"href":"https:\/\/elmenta.com\/et\/wp-json\/wp\/v2\/comments?post=2594"}],"version-history":[{"count":1,"href":"https:\/\/elmenta.com\/et\/wp-json\/wp\/v2\/pages\/2594\/revisions"}],"predecessor-version":[{"id":2595,"href":"https:\/\/elmenta.com\/et\/wp-json\/wp\/v2\/pages\/2594\/revisions\/2595"}],"up":[{"embeddable":true,"href":"https:\/\/elmenta.com\/et\/wp-json\/wp\/v2\/pages\/2578"}],"wp:attachment":[{"href":"https:\/\/elmenta.com\/et\/wp-json\/wp\/v2\/media?parent=2594"}],"curies":[{"name":"wp","href":"https:\/\/api.w.org\/{rel}","templated":true}]}}