{"id":2590,"date":"2014-02-24T09:31:47","date_gmt":"2014-02-24T09:31:47","guid":{"rendered":"https:\/\/elmenta.com\/?page_id=2590"},"modified":"2014-02-25T18:34:23","modified_gmt":"2014-02-25T18:34:23","slug":"toimetamine","status":"publish","type":"page","link":"https:\/\/elmenta.com\/et\/teenused\/toimetamine\/","title":{"rendered":"Toimetamine"},"content":{"rendered":"<section  class='av_textblock_section av-av_textblock-2989cb1a500f76248ec894598f4e8e5e '   itemscope=\"itemscope\" itemtype=\"https:\/\/schema.org\/CreativeWork\" ><div class='avia_textblock'  itemprop=\"text\" ><p>Toimetamine \u2013 on tr\u00fckkimise eelne periood, kus valmistatakse ette vastavat dokumenti, eesm\u00e4rgiga vigade leidmiseks ja nende parandamiseks. See on v\u00e4ga t\u00e4htis ja vastutusrikas \u00fclesanne, kuna teksti toimetamine on alatihti \u00fcks viimaseid staadiumeid enne materjali avaldamist.<br \/>\nMeie toimetamisteenused h\u00f5lmavad:<\/p>\n<ul>\n<li>grammatikat, \u00f5igekirja, kirjavahem\u00e4rkide ja mehaaniliste vigade parandamist ;<\/li>\n<li>kasutada terminoloogiate ja stiili j\u00e4rjepidevuse tagamist ;<\/li>\n<li>teksti vormindamise ja kirjam\u00e4rkide kuju kasutamise j\u00e4rjepidevuse tagada;<\/li>\n<li>keele kasutamise standarditele vastavust.<\/li>\n<\/ul>\n<p>Tekstide toimetamist teostavad alati filoloogid, kelle emakeeleks on t\u00f5lgitava teksti sihtkeel, mis on teksti suurep\u00e4rase kvaliteedi tagatiseks.<\/p>\n<p>T\u00e4psema info saamiseks, <a title=\"Kontaktid\" href=\"https:\/\/elmenta.com\/et\/kontaktid\/\">palun v\u00f5tke meiega \u00fchendust<\/a>.<\/p>\n<\/div><\/section>\n","protected":false},"excerpt":{"rendered":"","protected":false},"author":1,"featured_media":0,"parent":2578,"menu_order":230,"comment_status":"closed","ping_status":"closed","template":"","meta":{"footnotes":""},"class_list":["post-2590","page","type-page","status-publish","hentry"],"_links":{"self":[{"href":"https:\/\/elmenta.com\/et\/wp-json\/wp\/v2\/pages\/2590"}],"collection":[{"href":"https:\/\/elmenta.com\/et\/wp-json\/wp\/v2\/pages"}],"about":[{"href":"https:\/\/elmenta.com\/et\/wp-json\/wp\/v2\/types\/page"}],"author":[{"embeddable":true,"href":"https:\/\/elmenta.com\/et\/wp-json\/wp\/v2\/users\/1"}],"replies":[{"embeddable":true,"href":"https:\/\/elmenta.com\/et\/wp-json\/wp\/v2\/comments?post=2590"}],"version-history":[{"count":1,"href":"https:\/\/elmenta.com\/et\/wp-json\/wp\/v2\/pages\/2590\/revisions"}],"predecessor-version":[{"id":2591,"href":"https:\/\/elmenta.com\/et\/wp-json\/wp\/v2\/pages\/2590\/revisions\/2591"}],"up":[{"embeddable":true,"href":"https:\/\/elmenta.com\/et\/wp-json\/wp\/v2\/pages\/2578"}],"wp:attachment":[{"href":"https:\/\/elmenta.com\/et\/wp-json\/wp\/v2\/media?parent=2590"}],"curies":[{"name":"wp","href":"https:\/\/api.w.org\/{rel}","templated":true}]}}