{"id":2586,"date":"2014-02-24T09:27:50","date_gmt":"2014-02-24T09:27:50","guid":{"rendered":"https:\/\/elmenta.com\/?page_id=2586"},"modified":"2014-02-25T18:34:03","modified_gmt":"2014-02-25T18:34:03","slug":"lokaliseerimine","status":"publish","type":"page","link":"https:\/\/elmenta.com\/et\/teenused\/lokaliseerimine\/","title":{"rendered":"Lokaliseerimine"},"content":{"rendered":"<section  class='av_textblock_section av-av_textblock-2989cb1a500f76248ec894598f4e8e5e '   itemscope=\"itemscope\" itemtype=\"https:\/\/schema.org\/CreativeWork\" ><div class='avia_textblock'  itemprop=\"text\" ><p>Lokaliseerimine \u2013 see on teksti m\u00f5istetavamaks muutmise protsess selle kasutamiseks mingis riigis v\u00f5i regioonis. See erineb tavalisest t\u00f5lkest selle poolest, et siin eeldatakse t\u00f5lkijatelt laiemaid teadmisi\u00a0l\u00e4htekeele\u00a0kultuurist. Lokaliseerimise heaks n\u00e4iteks v\u00f5ib tuua arvutim\u00e4ngude ja tarkvaraprogrammide m\u00f5istetavaks muutmist erinevates riikides s.t. kasutaja liidesekomplektide, dokumentide ja programmide kaasfailide t\u00f5lkimine, graafikute, valuuta, kuup\u00e4evade formaadi kirjutamine, vastavale riigile kohase \u00a0 aadresside kirjutamise adapteerimine.<\/p>\n<p>Meil on selles valdkonnas vajalikud kogemused ja me pakume programmitoe lokaliseerimise teenuseid video- ja arvutim\u00e4ngudele, veebilehek\u00fclgedele ning turundusmaterjalidele.<\/p>\n<p>T\u00e4psema info saamiseks lokaliseerimise valdkonna v\u00f5imalustest, <a title=\"Kontaktid\" href=\"https:\/\/elmenta.com\/et\/kontaktid\/\">palun v\u00f5tke meiega \u00fchendust.<\/a><\/p>\n<\/div><\/section>\n","protected":false},"excerpt":{"rendered":"","protected":false},"author":1,"featured_media":0,"parent":2578,"menu_order":220,"comment_status":"closed","ping_status":"closed","template":"","meta":{"footnotes":""},"class_list":["post-2586","page","type-page","status-publish","hentry"],"_links":{"self":[{"href":"https:\/\/elmenta.com\/et\/wp-json\/wp\/v2\/pages\/2586"}],"collection":[{"href":"https:\/\/elmenta.com\/et\/wp-json\/wp\/v2\/pages"}],"about":[{"href":"https:\/\/elmenta.com\/et\/wp-json\/wp\/v2\/types\/page"}],"author":[{"embeddable":true,"href":"https:\/\/elmenta.com\/et\/wp-json\/wp\/v2\/users\/1"}],"replies":[{"embeddable":true,"href":"https:\/\/elmenta.com\/et\/wp-json\/wp\/v2\/comments?post=2586"}],"version-history":[{"count":1,"href":"https:\/\/elmenta.com\/et\/wp-json\/wp\/v2\/pages\/2586\/revisions"}],"predecessor-version":[{"id":2587,"href":"https:\/\/elmenta.com\/et\/wp-json\/wp\/v2\/pages\/2586\/revisions\/2587"}],"up":[{"embeddable":true,"href":"https:\/\/elmenta.com\/et\/wp-json\/wp\/v2\/pages\/2578"}],"wp:attachment":[{"href":"https:\/\/elmenta.com\/et\/wp-json\/wp\/v2\/media?parent=2586"}],"curies":[{"name":"wp","href":"https:\/\/api.w.org\/{rel}","templated":true}]}}