{"id":2559,"date":"2014-02-24T08:27:37","date_gmt":"2014-02-24T08:27:37","guid":{"rendered":"https:\/\/elmenta.com\/?page_id=2559"},"modified":"2018-10-08T12:22:42","modified_gmt":"2018-10-08T12:22:42","slug":"kontaktid","status":"publish","type":"page","link":"https:\/\/elmenta.com\/et\/kontaktid\/","title":{"rendered":"Kontaktid"},"content":{"rendered":"<div  class='flex_column av-av_one_full-2a9015ff38129c418a3f2eafba3e9512 av_one_full  avia-builder-el-0  avia-builder-el-no-sibling  first flex_column_div  '     ><p>\n<style type=\"text\/css\" data-created_by=\"avia_inline_auto\" id=\"style-css-av-av_heading-6559b4f4b257a4077c712a98b0a96712\">\n#top .av-special-heading.av-av_heading-6559b4f4b257a4077c712a98b0a96712{\npadding-bottom:10px;\n}\nbody .av-special-heading.av-av_heading-6559b4f4b257a4077c712a98b0a96712 .av-special-heading-tag .heading-char{\nfont-size:25px;\n}\n.av-special-heading.av-av_heading-6559b4f4b257a4077c712a98b0a96712 .av-subheading{\nfont-size:16px;\n}\n<\/style>\n<div  class='av-special-heading av-av_heading-6559b4f4b257a4077c712a98b0a96712 av-special-heading-h2 meta-heading blockquote modern-quote  avia-builder-el-1  el_before_av_heading  avia-builder-el-first '><h2 class='av-special-heading-tag '  itemprop=\"headline\"  >T\u00e4name, et olete huvitunud meie teenuste pakkumisest!<\/h2><div class='av-subheading av-subheading_below'><p>Kui Teil on tekkinud mingisuguseid k\u00fcsimusi, siis palun v\u00f5tke meiega \u00fchendust!<br \/>\nMe pakume Teile meelsasti abi :)<\/p>\n<\/div><div class=\"special-heading-border\"><div class=\"special-heading-inner-border\"><\/div><\/div><\/div><br \/>\n\n<style type=\"text\/css\" data-created_by=\"avia_inline_auto\" id=\"style-css-av-av_heading-4ef24bf491e225e2b6b1205e888adf92\">\n#top .av-special-heading.av-av_heading-4ef24bf491e225e2b6b1205e888adf92{\npadding-bottom:10px;\n}\nbody .av-special-heading.av-av_heading-4ef24bf491e225e2b6b1205e888adf92 .av-special-heading-tag .heading-char{\nfont-size:25px;\n}\n.av-special-heading.av-av_heading-4ef24bf491e225e2b6b1205e888adf92 .av-subheading{\nfont-size:10px;\n}\n<\/style>\n<div  class='av-special-heading av-av_heading-4ef24bf491e225e2b6b1205e888adf92 av-special-heading-h3 meta-heading  avia-builder-el-2  el_after_av_heading  el_before_av_contact '><h3 class='av-special-heading-tag '  itemprop=\"headline\"  >Kontakt<\/h3><div class=\"special-heading-border\"><div class=\"special-heading-inner-border\"><\/div><\/div><\/div><br \/>\n<form action=\"https:\/\/elmenta.com\/et\/kontaktid\/\" method=\"post\" data-fields-with-error=\"Found errors in the following field(s):\" class=\"avia_ajax_form av-form-labels-visible   avia-builder-el-3  el_after_av_heading  avia-builder-el-last   \" data-avia-form-id=\"1\" data-avia-redirect='' ><fieldset><p class='  first_form  form_element form_element_half' id='element_avia_1_1'><label for=\"avia_1_1\">Nimi <abbr class=\"required\" title=\"required\">*<\/abbr><\/label> <input name=\"avia_1_1\" class=\"text_input is_empty\" type=\"text\" id=\"avia_1_1\" value=\"\" \/><\/p><p class='  form_element form_element_half' id='element_avia_2_1'><label for=\"avia_2_1\">E-post <abbr class=\"required\" title=\"required\">*<\/abbr><\/label> <input name=\"avia_2_1\" class=\"text_input is_email\" type=\"text\" id=\"avia_2_1\" value=\"\" \/><\/p><p class='  first_form  form_element form_fullwidth' id='element_avia_3_1'><label for=\"avia_3_1\">Teema  <abbr class=\"required\" title=\"required\">*<\/abbr><\/label> <input name=\"avia_3_1\" class=\"text_input is_empty\" type=\"text\" id=\"avia_3_1\" value=\"\" \/><\/p><p class='  first_form  form_element form_fullwidth' id='element_avia_4_1'><label for=\"avia_4_1\" class=\"textare_label hidden textare_label_avia_4_1\">Tekst <abbr class=\"required\" title=\"required\">*<\/abbr><\/label><textarea  name=\"avia_4_1\" class=\"text_area is_empty\" cols=\"40\" rows=\"7\" id=\"avia_4_1\" ><\/textarea><\/p><p class=\"hidden\"><input type=\"text\" name=\"avia_5_1\" class=\"hidden \" id=\"avia_5_1\" value=\"\" \/><\/p><p class='   form_element form_fullwidth' id='element_avia_6_1'><span class='value_verifier_label'>2 + 6 = ?<\/span><input name=\"avia_6_1_verifier\" type=\"hidden\" id=\"avia_6_1_verifier\" value=\"776762778\"\/><label for=\"avia_6_1\">Palun leida lahendus r\u00e4mpsposti eest kaitsmiseks! <abbr class=\"required\" title=\"required\">*<\/abbr><\/label><input name=\"avia_6_1\" class=\"text_input captcha\" type=\"text\" id=\"avia_6_1\" value=\"\"\/><\/p><p class=\"form_element \"><input type=\"hidden\" value=\"1\" name=\"avia_generated_form1\" \/><input type=\"submit\" value=\"Saada\" class=\"button\"  data-sending-label=\"Sending\"\/><\/p><\/fieldset><\/form><div id=\"ajaxresponse_1\" class=\"ajaxresponse ajaxresponse_1 hidden\"><\/div><\/p><\/div>\n","protected":false},"excerpt":{"rendered":"","protected":false},"author":1,"featured_media":0,"parent":0,"menu_order":0,"comment_status":"closed","ping_status":"closed","template":"","meta":{"footnotes":""},"class_list":["post-2559","page","type-page","status-publish","hentry"],"_links":{"self":[{"href":"https:\/\/elmenta.com\/et\/wp-json\/wp\/v2\/pages\/2559"}],"collection":[{"href":"https:\/\/elmenta.com\/et\/wp-json\/wp\/v2\/pages"}],"about":[{"href":"https:\/\/elmenta.com\/et\/wp-json\/wp\/v2\/types\/page"}],"author":[{"embeddable":true,"href":"https:\/\/elmenta.com\/et\/wp-json\/wp\/v2\/users\/1"}],"replies":[{"embeddable":true,"href":"https:\/\/elmenta.com\/et\/wp-json\/wp\/v2\/comments?post=2559"}],"version-history":[{"count":5,"href":"https:\/\/elmenta.com\/et\/wp-json\/wp\/v2\/pages\/2559\/revisions"}],"predecessor-version":[{"id":3339,"href":"https:\/\/elmenta.com\/et\/wp-json\/wp\/v2\/pages\/2559\/revisions\/3339"}],"wp:attachment":[{"href":"https:\/\/elmenta.com\/et\/wp-json\/wp\/v2\/media?parent=2559"}],"curies":[{"name":"wp","href":"https:\/\/api.w.org\/{rel}","templated":true}]}}