{"id":3424,"date":"2018-10-08T13:32:44","date_gmt":"2018-10-08T13:32:44","guid":{"rendered":"https:\/\/elmenta.com\/?page_id=3424"},"modified":"2018-10-11T11:47:33","modified_gmt":"2018-10-11T11:47:33","slug":"faq","status":"publish","type":"page","link":"https:\/\/elmenta.com\/de\/faq\/","title":{"rendered":"FAQ"},"content":{"rendered":"<div  class='togglecontainer av-rn8wls-c176c91f0f72ef62de2906f60eea5719  avia-builder-el-0  avia-builder-el-no-sibling  toggle_close_all' ><div class='taglist'><div class=\"tag-tab\"><a href=\"#\" data-tag=\"{Alle}\" class=\"activeFilter\">Alle<\/a><span class='tag-seperator'>\/<\/span><\/div><div class=\"tag-tab\"><a href=\"#\" data-tag=\"{... if you are a client}\" class=\"\">... if you are a client<\/a><span class='tag-seperator'>\/<\/span><\/div><div class=\"tag-tab\"><a href=\"#\" data-tag=\"{... von Kunden}\" class=\"\">... von Kunden<\/a><span class='tag-seperator'>\/<\/span><\/div><div class=\"tag-tab\"><a href=\"#\" data-tag=\"{...von \u00dcbersetzern\/Dienstleistern}\" class=\"\">...von \u00dcbersetzern\/Dienstleistern<\/a><span class='tag-seperator'>\/<\/span><\/div><\/div>\n<section class='av_toggle_section av-av_toggle-4aa400afcc95726320473e447f850ffe'  itemscope=\"itemscope\" itemtype=\"https:\/\/schema.org\/CreativeWork\" ><div role=\"tablist\" class=\"single_toggle\" data-tags=\"{Alle} {... von Kunden} \"  ><p id='toggle-toggle-id-1' data-fake-id='#toggle-id-1' class='toggler  activeTitle av-title-above '  itemprop=\"headline\"  role='tab' tabindex='0' aria-controls='toggle-id-1' data-slide-speed=\"200\" data-title=\"Mit welchen Sprachen arbeitet Elmenta?\" data-title-open=\"\" data-aria_collapsed=\"Click to expand: Mit welchen Sprachen arbeitet Elmenta?\" data-aria_expanded=\"Click to collapse: Mit welchen Sprachen arbeitet Elmenta?\">Mit welchen Sprachen arbeitet Elmenta?<span class=\"toggle_icon\"><span class=\"vert_icon\"><\/span><span class=\"hor_icon\"><\/span><\/span><\/p><div id='toggle-id-1' aria-labelledby='toggle-toggle-id-1' role='region' class='toggle_wrap  active_tc av-title-above' style='display:block;' ><div class='toggle_content invers-color '  itemprop=\"text\" ><p>Wir sind auf \u00dcbersetzungen aus den Sprachen Englisch, Deutsch, Finnisch und Schwedisch in die Sprachen Estnisch, Lettisch, Litauisch und Russisch spezialisiert. Dennoch ist es uns m\u00f6glich, \u00dcbersetzungen in anderen Sprachkombinationen anzubieten.<\/p>\n<\/div><\/div><\/div><\/section>\n<section class='av_toggle_section av-av_toggle-78e2b5ab3ce4b90b00e615bfb381ce40'  itemscope=\"itemscope\" itemtype=\"https:\/\/schema.org\/CreativeWork\" ><div role=\"tablist\" class=\"single_toggle\" data-tags=\"{Alle} {... von Kunden} \"  ><p id='toggle-toggle-id-2' data-fake-id='#toggle-id-2' class='toggler  av-title-above '  itemprop=\"headline\"  role='tab' tabindex='0' aria-controls='toggle-id-2' data-slide-speed=\"200\" data-title=\"Wie viel kostet das \u00dcbersetzen einer Seite?\" data-title-open=\"\" data-aria_collapsed=\"Click to expand: Wie viel kostet das \u00dcbersetzen einer Seite?\" data-aria_expanded=\"Click to collapse: Wie viel kostet das \u00dcbersetzen einer Seite?\">Wie viel kostet das \u00dcbersetzen einer Seite?<span class=\"toggle_icon\"><span class=\"vert_icon\"><\/span><span class=\"hor_icon\"><\/span><\/span><\/p><div id='toggle-id-2' aria-labelledby='toggle-toggle-id-2' role='region' class='toggle_wrap  av-title-above'  ><div class='toggle_content invers-color '  itemprop=\"text\" ><p>Die \u00dcbersetzung einer Seite h\u00e4ngt von der Sprachkombination, dem Fachgebiet\/Schwierigkeitsgrad des zu \u00fcbersetzenden Textes sowie der Dringlichkeit des Auftrags ab. Um ein kostenloses Angebot zu erhalten, kontaktieren Sie uns bitte via <a href=\"mailto:sales@elmenta.com\">E-Mail<\/a><\/p>\n<\/div><\/div><\/div><\/section>\n<section class='av_toggle_section av-av_toggle-ad7db9b744071b8fb275e2e2a7c4eb06'  itemscope=\"itemscope\" itemtype=\"https:\/\/schema.org\/CreativeWork\" ><div role=\"tablist\" class=\"single_toggle\" data-tags=\"{Alle} {... von Kunden} \"  ><p id='toggle-toggle-id-3' data-fake-id='#toggle-id-3' class='toggler  av-title-above '  itemprop=\"headline\"  role='tab' tabindex='0' aria-controls='toggle-id-3' data-slide-speed=\"200\" data-title=\"Wie werden die Kosten f\u00fcr das Projekt berechnet?\" data-title-open=\"\" data-aria_collapsed=\"Click to expand: Wie werden die Kosten f\u00fcr das Projekt berechnet?\" data-aria_expanded=\"Click to collapse: Wie werden die Kosten f\u00fcr das Projekt berechnet?\">Wie werden die Kosten f\u00fcr das Projekt berechnet?<span class=\"toggle_icon\"><span class=\"vert_icon\"><\/span><span class=\"hor_icon\"><\/span><\/span><\/p><div id='toggle-id-3' aria-labelledby='toggle-toggle-id-3' role='region' class='toggle_wrap  av-title-above'  ><div class='toggle_content invers-color '  itemprop=\"text\" ><p>Der Preis einer \u00dcbersetzung h\u00e4ngt von der Sprachkombination, dem Fachgebiet\/Schwierigkeitsgrad des zu \u00fcbersetzenden Textes sowie der Dringlichkeit des Auftrags ab. Wir berechnen den Preis basierend auf dem Umfang des zu \u00fcbersetzenden Textes, d. h. basierend auf der Wortanzahl. Wir nutzen spezielle Tools f\u00fcr die Analyse des Textes und enth\u00e4lt der Text eine Anzahl an Wiederholungen, reduziert sich dadurch der Preis der \u00dcbersetzung.<\/p>\n<\/div><\/div><\/div><\/section>\n<section class='av_toggle_section av-av_toggle-666da7daa846763e951f917228e78235'  itemscope=\"itemscope\" itemtype=\"https:\/\/schema.org\/CreativeWork\" ><div role=\"tablist\" class=\"single_toggle\" data-tags=\"{Alle} {... if you are a client} \"  ><p id='toggle-toggle-id-4' data-fake-id='#toggle-id-4' class='toggler  av-title-above '  itemprop=\"headline\"  role='tab' tabindex='0' aria-controls='toggle-id-4' data-slide-speed=\"200\" data-title=\"Hat die Dringlichkeit des Projekts Einfluss auf den Preis?\" data-title-open=\"\" data-aria_collapsed=\"Click to expand: Hat die Dringlichkeit des Projekts Einfluss auf den Preis?\" data-aria_expanded=\"Click to collapse: Hat die Dringlichkeit des Projekts Einfluss auf den Preis?\">Hat die Dringlichkeit des Projekts Einfluss auf den Preis?<span class=\"toggle_icon\"><span class=\"vert_icon\"><\/span><span class=\"hor_icon\"><\/span><\/span><\/p><div id='toggle-id-4' aria-labelledby='toggle-toggle-id-4' role='region' class='toggle_wrap  av-title-above'  ><div class='toggle_content invers-color '  itemprop=\"text\" ><p>Ja, f\u00fcr dringende Projekte kann eine Extrageb\u00fchr von 30-70 % veranschlagt werden.<\/p>\n<\/div><\/div><\/div><\/section>\n<section class='av_toggle_section av-av_toggle-9a2cd83aa3054437a823852ba6eea335'  itemscope=\"itemscope\" itemtype=\"https:\/\/schema.org\/CreativeWork\" ><div role=\"tablist\" class=\"single_toggle\" data-tags=\"{Alle} {... von Kunden} \"  ><p id='toggle-toggle-id-5' data-fake-id='#toggle-id-5' class='toggler  av-title-above '  itemprop=\"headline\"  role='tab' tabindex='0' aria-controls='toggle-id-5' data-slide-speed=\"200\" data-title=\"Bietet Elmenta Erm\u00e4\u00dfigungen an?\" data-title-open=\"\" data-aria_collapsed=\"Click to expand: Bietet Elmenta Erm\u00e4\u00dfigungen an?\" data-aria_expanded=\"Click to collapse: Bietet Elmenta Erm\u00e4\u00dfigungen an?\">Bietet Elmenta Erm\u00e4\u00dfigungen an?<span class=\"toggle_icon\"><span class=\"vert_icon\"><\/span><span class=\"hor_icon\"><\/span><\/span><\/p><div id='toggle-id-5' aria-labelledby='toggle-toggle-id-5' role='region' class='toggle_wrap  av-title-above'  ><div class='toggle_content invers-color '  itemprop=\"text\" ><p>Nat\u00fcrlich tun wir das. Die H\u00f6he der Erm\u00e4\u00dfigung ist vom Projektumfang abh\u00e4ngig und kann 10-15 % der gesamten Projektkosten betragen. Eine Erm\u00e4\u00dfigung wird f\u00fcr jeden Fall separat verhandelt.<\/p>\n<\/div><\/div><\/div><\/section>\n<section class='av_toggle_section av-av_toggle-0be8d7a0241f494fe11571f6d962d553'  itemscope=\"itemscope\" itemtype=\"https:\/\/schema.org\/CreativeWork\" ><div role=\"tablist\" class=\"single_toggle\" data-tags=\"{Alle} {... von Kunden} \"  ><p id='toggle-toggle-id-6' data-fake-id='#toggle-id-6' class='toggler  av-title-above '  itemprop=\"headline\"  role='tab' tabindex='0' aria-controls='toggle-id-6' data-slide-speed=\"200\" data-title=\"Wie k\u00f6nnen wir einen Autrag erteilen?\" data-title-open=\"\" data-aria_collapsed=\"Click to expand: Wie k\u00f6nnen wir einen Autrag erteilen?\" data-aria_expanded=\"Click to collapse: Wie k\u00f6nnen wir einen Autrag erteilen?\">Wie k\u00f6nnen wir einen Autrag erteilen?<span class=\"toggle_icon\"><span class=\"vert_icon\"><\/span><span class=\"hor_icon\"><\/span><\/span><\/p><div id='toggle-id-6' aria-labelledby='toggle-toggle-id-6' role='region' class='toggle_wrap  av-title-above'  ><div class='toggle_content invers-color '  itemprop=\"text\" ><p>Um einen Auftrag zu erteilen, kontaktieren Sie uns bitte via <a href=\"mailto:sales@elmenta.com\">E-Mail<\/a>.<\/p>\n<\/div><\/div><\/div><\/section>\n<section class='av_toggle_section av-av_toggle-aef2d0962b1de7eb80a93c35d049338e'  itemscope=\"itemscope\" itemtype=\"https:\/\/schema.org\/CreativeWork\" ><div role=\"tablist\" class=\"single_toggle\" data-tags=\"{Alle} {... von Kunden} \"  ><p id='toggle-toggle-id-7' data-fake-id='#toggle-id-7' class='toggler  av-title-above '  itemprop=\"headline\"  role='tab' tabindex='0' aria-controls='toggle-id-7' data-slide-speed=\"200\" data-title=\"Mit welchen Formaten arbeitet Elmenta?\" data-title-open=\"\" data-aria_collapsed=\"Click to expand: Mit welchen Formaten arbeitet Elmenta?\" data-aria_expanded=\"Click to collapse: Mit welchen Formaten arbeitet Elmenta?\">Mit welchen Formaten arbeitet Elmenta?<span class=\"toggle_icon\"><span class=\"vert_icon\"><\/span><span class=\"hor_icon\"><\/span><\/span><\/p><div id='toggle-id-7' aria-labelledby='toggle-toggle-id-7' role='region' class='toggle_wrap  av-title-above'  ><div class='toggle_content invers-color '  itemprop=\"text\" ><p>Wir akzeptieren Arbeitsmaterialien f\u00fcr \u00dcbersetzungen in unterschiedlichen Formaten: Textdateien (*.txt, *.doc(x), *.ppt(x), *.xls(x), *.pdf, etc.) sowie Video-\/Audiodateien.<\/p>\n<\/div><\/div><\/div><\/section>\n<section class='av_toggle_section av-av_toggle-51081e777fcc440bcfb8f9a7a0af4fc8'  itemscope=\"itemscope\" itemtype=\"https:\/\/schema.org\/CreativeWork\" ><div role=\"tablist\" class=\"single_toggle\" data-tags=\"{Alle} {... von Kunden} \"  ><p id='toggle-toggle-id-8' data-fake-id='#toggle-id-8' class='toggler  av-title-above '  itemprop=\"headline\"  role='tab' tabindex='0' aria-controls='toggle-id-8' data-slide-speed=\"200\" data-title=\"Wie kann ich f\u00fcr den Auftrag bezahlen?\" data-title-open=\"\" data-aria_collapsed=\"Click to expand: Wie kann ich f\u00fcr den Auftrag bezahlen?\" data-aria_expanded=\"Click to collapse: Wie kann ich f\u00fcr den Auftrag bezahlen?\">Wie kann ich f\u00fcr den Auftrag bezahlen?<span class=\"toggle_icon\"><span class=\"vert_icon\"><\/span><span class=\"hor_icon\"><\/span><\/span><\/p><div id='toggle-id-8' aria-labelledby='toggle-toggle-id-8' role='region' class='toggle_wrap  av-title-above'  ><div class='toggle_content invers-color '  itemprop=\"text\" ><p>Wir akzeptieren unterschiedliche Zahlungsmethoden. Sie k\u00f6nnen entweder per Bank\u00fcberweisung oder via unterschiedliche Zahlungssysteme (PayPal) bezahlen.<\/p>\n<\/div><\/div><\/div><\/section>\n<section class='av_toggle_section av-av_toggle-6d18bf0341292abe47f7763200cf61a4'  itemscope=\"itemscope\" itemtype=\"https:\/\/schema.org\/CreativeWork\" ><div role=\"tablist\" class=\"single_toggle\" data-tags=\"{Alle} {... von Kunden} \"  ><p id='toggle-toggle-id-9' data-fake-id='#toggle-id-9' class='toggler  av-title-above '  itemprop=\"headline\"  role='tab' tabindex='0' aria-controls='toggle-id-9' data-slide-speed=\"200\" data-title=\"Wie gew\u00e4hrleistet Elmenta die Qualit\u00e4t der \u00dcbersetzungen?\" data-title-open=\"\" data-aria_collapsed=\"Click to expand: Wie gew\u00e4hrleistet Elmenta die Qualit\u00e4t der \u00dcbersetzungen?\" data-aria_expanded=\"Click to collapse: Wie gew\u00e4hrleistet Elmenta die Qualit\u00e4t der \u00dcbersetzungen?\">Wie gew\u00e4hrleistet Elmenta die Qualit\u00e4t der \u00dcbersetzungen?<span class=\"toggle_icon\"><span class=\"vert_icon\"><\/span><span class=\"hor_icon\"><\/span><\/span><\/p><div id='toggle-id-9' aria-labelledby='toggle-toggle-id-9' role='region' class='toggle_wrap  av-title-above'  ><div class='toggle_content invers-color '  itemprop=\"text\" ><p>In \u00dcbereinstimmung mit unserem Qualit\u00e4tsverfahren durchl\u00e4uft jede \u00dcbersetzung mehrere Phasen: \u00dcbersetzung, Lektorat, Stichprobe\/Formatpr\u00fcfung sowie bei Dokumenten, die in den Druck gehen, eine anschlie\u00dfende \u00dcberpr\u00fcfung f\u00fcr DTP. In der Mehrheit aller F\u00e4lle sind unsere \u00dcbersetzer Muttersprachler der Zielsprache und sind in der Region oder dem Land wohnhaft, wo der Zieltext genutzt werden soll. Das Lektorat wird ausnahmslos von Linguisten ausgef\u00fchrt, bei denen es sich um Muttersprachler handelt.<\/p>\n<\/div><\/div><\/div><\/section>\n<section class='av_toggle_section av-av_toggle-2f1f4c2099803c325d84d6a0c08daf25'  itemscope=\"itemscope\" itemtype=\"https:\/\/schema.org\/CreativeWork\" ><div role=\"tablist\" class=\"single_toggle\" data-tags=\"{Alle} {... von Kunden} \"  ><p id='toggle-toggle-id-10' data-fake-id='#toggle-id-10' class='toggler  av-title-above '  itemprop=\"headline\"  role='tab' tabindex='0' aria-controls='toggle-id-10' data-slide-speed=\"200\" data-title=\"Wie garantiert Elmenta die Vertraulichkeit des zu \u00fcbersetzenden Materials?\" data-title-open=\"\" data-aria_collapsed=\"Click to expand: Wie garantiert Elmenta die Vertraulichkeit des zu \u00fcbersetzenden Materials?\" data-aria_expanded=\"Click to collapse: Wie garantiert Elmenta die Vertraulichkeit des zu \u00fcbersetzenden Materials?\">Wie garantiert Elmenta die Vertraulichkeit des zu \u00fcbersetzenden Materials?<span class=\"toggle_icon\"><span class=\"vert_icon\"><\/span><span class=\"hor_icon\"><\/span><\/span><\/p><div id='toggle-id-10' aria-labelledby='toggle-toggle-id-10' role='region' class='toggle_wrap  av-title-above'  ><div class='toggle_content invers-color '  itemprop=\"text\" ><p>All unsere Dienstleister haben eine Geheimhaltungsvereinbarung mit unserem Unternehmen unterzeichnet. In einigen besonderen F\u00e4llen, wenn der Kunde dies als unzureichend betrachtet, k\u00f6nnen wir mit dem Kunden zus\u00e4tzliche Schutzma\u00dfnahmen vereinbaren.<\/p>\n<\/div><\/div><\/div><\/section>\n<section class='av_toggle_section av-av_toggle-e31c8e2a91b3c908ec43fdf28f50cbaa'  itemscope=\"itemscope\" itemtype=\"https:\/\/schema.org\/CreativeWork\" ><div role=\"tablist\" class=\"single_toggle\" data-tags=\"{Alle} {...von \u00dcbersetzern\/Dienstleistern} \"  ><p id='toggle-toggle-id-11' data-fake-id='#toggle-id-11' class='toggler  av-title-above '  itemprop=\"headline\"  role='tab' tabindex='0' aria-controls='toggle-id-11' data-slide-speed=\"200\" data-title=\"Was sind Ihre Anforderungen an \u00dcbersetzer?\" data-title-open=\"\" data-aria_collapsed=\"Click to expand: Was sind Ihre Anforderungen an \u00dcbersetzer?\" data-aria_expanded=\"Click to collapse: Was sind Ihre Anforderungen an \u00dcbersetzer?\">Was sind Ihre Anforderungen an \u00dcbersetzer?<span class=\"toggle_icon\"><span class=\"vert_icon\"><\/span><span class=\"hor_icon\"><\/span><\/span><\/p><div id='toggle-id-11' aria-labelledby='toggle-toggle-id-11' role='region' class='toggle_wrap  av-title-above'  ><div class='toggle_content invers-color '  itemprop=\"text\" ><p>Unsere Anforderungen sind die folgenden:<\/p>\n<ul>\n<li>fachliche Qualifikation im Bereich \u00dcbersetzungen;<\/li>\n<li>mindestens 5 Jahre nachgewiesene Berufserfahrung als \u00dcbersetzer;<\/li>\n<li>Verantwortlichkeit und Genauigkeit;<\/li>\n<li>vertraut mit der Arbeit mit CAT-Tools (Trados, SDLX, etc.)<\/li>\n<\/ul>\n<\/div><\/div><\/div><\/section>\n<section class='av_toggle_section av-av_toggle-591714c8a0e199c1a82ffbe662d8b481'  itemscope=\"itemscope\" itemtype=\"https:\/\/schema.org\/CreativeWork\" ><div role=\"tablist\" class=\"single_toggle\" data-tags=\"{Alle} {...von \u00dcbersetzern\/Dienstleistern} \"  ><p id='toggle-toggle-id-12' data-fake-id='#toggle-id-12' class='toggler  av-title-above '  itemprop=\"headline\"  role='tab' tabindex='0' aria-controls='toggle-id-12' data-slide-speed=\"200\" data-title=\"Wie kann ich mich f\u00fcr eine Zusammenarbeit mit Elmenta bewerben?\" data-title-open=\"\" data-aria_collapsed=\"Click to expand: Wie kann ich mich f\u00fcr eine Zusammenarbeit mit Elmenta bewerben?\" data-aria_expanded=\"Click to collapse: Wie kann ich mich f\u00fcr eine Zusammenarbeit mit Elmenta bewerben?\">Wie kann ich mich f\u00fcr eine Zusammenarbeit mit Elmenta bewerben?<span class=\"toggle_icon\"><span class=\"vert_icon\"><\/span><span class=\"hor_icon\"><\/span><\/span><\/p><div id='toggle-id-12' aria-labelledby='toggle-toggle-id-12' role='region' class='toggle_wrap  av-title-above'  ><div class='toggle_content invers-color '  itemprop=\"text\" ><p>Wir sind stets gewillt, mit erfahrenen und verl\u00e4sslichen Dienstleistern zu arbeiten. Wenn Sie Teil unseres Teams werden m\u00f6chten, schicken Sie uns bitte Ihren Lebenslauf inklusive Anschreiben an vendors(at)elmenta.com.<\/p>\n<\/div><\/div><\/div><\/section>\n<section class='av_toggle_section av-av_toggle-29d389fec5c0566f34be101aa9075e6f'  itemscope=\"itemscope\" itemtype=\"https:\/\/schema.org\/CreativeWork\" ><div role=\"tablist\" class=\"single_toggle\" data-tags=\"{Alle} {...von \u00dcbersetzern\/Dienstleistern} \"  ><p id='toggle-toggle-id-13' data-fake-id='#toggle-id-13' class='toggler  av-title-above '  itemprop=\"headline\"  role='tab' tabindex='0' aria-controls='toggle-id-13' data-slide-speed=\"200\" data-title=\"Was sind die Zahlungsbedingungen bei Elmenta?\" data-title-open=\"\" data-aria_collapsed=\"Click to expand: Was sind die Zahlungsbedingungen bei Elmenta?\" data-aria_expanded=\"Click to collapse: Was sind die Zahlungsbedingungen bei Elmenta?\">Was sind die Zahlungsbedingungen bei Elmenta?<span class=\"toggle_icon\"><span class=\"vert_icon\"><\/span><span class=\"hor_icon\"><\/span><\/span><\/p><div id='toggle-id-13' aria-labelledby='toggle-toggle-id-13' role='region' class='toggle_wrap  av-title-above'  ><div class='toggle_content invers-color '  itemprop=\"text\" ><p>Unsere Bezahlung erfolgt auf Basis der vom Dienstleister eingereichten Rechnung. Zahlungsbedingungen \u2013 30 Tage nach Rechnungsdatum.<\/p>\n<\/div><\/div><\/div><\/section>\n<section class='av_toggle_section av-av_toggle-469df7ecc1de69a2aa77df45f02cba6b'  itemscope=\"itemscope\" itemtype=\"https:\/\/schema.org\/CreativeWork\" ><div role=\"tablist\" class=\"single_toggle\" data-tags=\"{Alle} {...von \u00dcbersetzern\/Dienstleistern} \"  ><p id='toggle-toggle-id-14' data-fake-id='#toggle-id-14' class='toggler  av-title-above '  itemprop=\"headline\"  role='tab' tabindex='0' aria-controls='toggle-id-14' data-slide-speed=\"200\" data-title=\"Welche Zahlungsarten bietet Elmenta an?\" data-title-open=\"\" data-aria_collapsed=\"Click to expand: Welche Zahlungsarten bietet Elmenta an?\" data-aria_expanded=\"Click to collapse: Welche Zahlungsarten bietet Elmenta an?\">Welche Zahlungsarten bietet Elmenta an?<span class=\"toggle_icon\"><span class=\"vert_icon\"><\/span><span class=\"hor_icon\"><\/span><\/span><\/p><div id='toggle-id-14' aria-labelledby='toggle-toggle-id-14' role='region' class='toggle_wrap  av-title-above'  ><div class='toggle_content invers-color '  itemprop=\"text\" ><p>Wir k\u00f6nnen unterschiedliche Zahlungsmethoden anbieten. Die Zahlung kann entweder per Bank\u00fcberweisung oder via unterschiedliche Zahlungssysteme (PayPal) erfolgen.<\/p>\n<\/div><\/div><\/div><\/section>\n<section class='av_toggle_section av-av_toggle-58e36e5a25bb6687b1736e72af1936ce'  itemscope=\"itemscope\" itemtype=\"https:\/\/schema.org\/CreativeWork\" ><div role=\"tablist\" class=\"single_toggle\" data-tags=\"{Alle} {...von \u00dcbersetzern\/Dienstleistern} \"  ><p id='toggle-toggle-id-15' data-fake-id='#toggle-id-15' class='toggler  av-title-above '  itemprop=\"headline\"  role='tab' tabindex='0' aria-controls='toggle-id-15' data-slide-speed=\"200\" data-title=\"Welche Angaben sollte die Rechnung enthalten?\" data-title-open=\"\" data-aria_collapsed=\"Click to expand: Welche Angaben sollte die Rechnung enthalten?\" data-aria_expanded=\"Click to collapse: Welche Angaben sollte die Rechnung enthalten?\">Welche Angaben sollte die Rechnung enthalten?<span class=\"toggle_icon\"><span class=\"vert_icon\"><\/span><span class=\"hor_icon\"><\/span><\/span><\/p><div id='toggle-id-15' aria-labelledby='toggle-toggle-id-15' role='region' class='toggle_wrap  av-title-above'  ><div class='toggle_content invers-color '  itemprop=\"text\" ><p>Die Rechnung sollte die folgenden Informationen enthalten:<\/p>\n<ul>\n<li>Vollst\u00e4ndige Angaben zu Auftraggeber und Beg\u00fcnstigtem &#8211; Name des Unternehmens\/Name, Nachname des Freelancers, Adresse, Steuernummer (oder USt-IdNr.), Registrierungsnummer des Unternehmens (falls vorhanden), etc. Unsere Angaben sind unter &#8222;Kontakt&#8220; zu finden.<\/li>\n<li>Rechnungsdatum und Rechnungsnummer,<\/li>\n<li>Projektnummer und Angaben zum Projekt (Art der Dienstleistung, Preis, Umfang, etc.),<\/li>\n<li>Bankdaten (Name und Adresse der Bank, Kontonummer (IBAN) und SWIFT) oder die erforderlichen Angaben f\u00fcr eine Bezahlung via PayPal.<\/li>\n<\/ul>\n<p>Bitte stellen Sie nur eine Rechnung pro Monat aus. Achten Sie bitte au\u00dferdem insbesondere auf die Richtigkeit der Angaben auf der Rechnung! Nur so k\u00f6nnen wir die rechtzeitige Bezahlung f\u00fcr Ihre Dienstleistungen garantieren!<\/p>\n<\/div><\/div><\/div><\/section>\n<\/div>\n","protected":false},"excerpt":{"rendered":"","protected":false},"author":2,"featured_media":0,"parent":0,"menu_order":600,"comment_status":"closed","ping_status":"closed","template":"","meta":{"footnotes":""},"class_list":["post-3424","page","type-page","status-publish","hentry"],"_links":{"self":[{"href":"https:\/\/elmenta.com\/de\/wp-json\/wp\/v2\/pages\/3424"}],"collection":[{"href":"https:\/\/elmenta.com\/de\/wp-json\/wp\/v2\/pages"}],"about":[{"href":"https:\/\/elmenta.com\/de\/wp-json\/wp\/v2\/types\/page"}],"author":[{"embeddable":true,"href":"https:\/\/elmenta.com\/de\/wp-json\/wp\/v2\/users\/2"}],"replies":[{"embeddable":true,"href":"https:\/\/elmenta.com\/de\/wp-json\/wp\/v2\/comments?post=3424"}],"version-history":[{"count":4,"href":"https:\/\/elmenta.com\/de\/wp-json\/wp\/v2\/pages\/3424\/revisions"}],"predecessor-version":[{"id":3481,"href":"https:\/\/elmenta.com\/de\/wp-json\/wp\/v2\/pages\/3424\/revisions\/3481"}],"wp:attachment":[{"href":"https:\/\/elmenta.com\/de\/wp-json\/wp\/v2\/media?parent=3424"}],"curies":[{"name":"wp","href":"https:\/\/api.w.org\/{rel}","templated":true}]}}