{"id":3389,"date":"2018-10-08T13:28:34","date_gmt":"2018-10-08T13:28:34","guid":{"rendered":"https:\/\/elmenta.com\/?page_id=3389"},"modified":"2019-03-25T12:22:38","modified_gmt":"2019-03-25T12:22:38","slug":"qualitaet","status":"publish","type":"page","link":"https:\/\/elmenta.com\/de\/qualitaet\/","title":{"rendered":"Qualit\u00e4t"},"content":{"rendered":"\n<style type=\"text\/css\" data-created_by=\"avia_inline_auto\" id=\"style-css-av-av_heading-95780651326e1f372e0b706f06c2598c\">\n#top .av-special-heading.av-av_heading-95780651326e1f372e0b706f06c2598c{\npadding-bottom:10px;\n}\nbody .av-special-heading.av-av_heading-95780651326e1f372e0b706f06c2598c .av-special-heading-tag .heading-char{\nfont-size:25px;\n}\n.av-special-heading.av-av_heading-95780651326e1f372e0b706f06c2598c .av-subheading{\nfont-size:15px;\n}\n<\/style>\n<div  class='av-special-heading av-av_heading-95780651326e1f372e0b706f06c2598c av-special-heading-h3 blockquote modern-quote  avia-builder-el-0  el_before_av_heading  avia-builder-el-first '><h3 class='av-special-heading-tag '  itemprop=\"headline\"  >Wir erkennen die Wichtigkeit eines guten Rufs und haben aus diesem Grund einen Qualit\u00e4tsprozess etabliert, der nicht nur auf dem Papier existiert, sondern wirklich funktioniert.<\/h3><div class='av-subheading av-subheading_below'><p>Bei unserer Arbeit halten wir uns an die Anforderungen der europ\u00e4ischen Norm <b>EN15038<\/b>.<\/p>\n<\/div><div class=\"special-heading-border\"><div class=\"special-heading-inner-border\"><\/div><\/div><\/div>\n\n<style type=\"text\/css\" data-created_by=\"avia_inline_auto\" id=\"style-css-av-av_heading-fe35af3e76aa4691182e3d7eb97b845f\">\n#top .av-special-heading.av-av_heading-fe35af3e76aa4691182e3d7eb97b845f{\npadding-bottom:10px;\n}\nbody .av-special-heading.av-av_heading-fe35af3e76aa4691182e3d7eb97b845f .av-special-heading-tag .heading-char{\nfont-size:25px;\n}\n.av-special-heading.av-av_heading-fe35af3e76aa4691182e3d7eb97b845f .av-subheading{\nfont-size:15px;\n}\n<\/style>\n<div  class='av-special-heading av-av_heading-fe35af3e76aa4691182e3d7eb97b845f av-special-heading-h3  avia-builder-el-1  el_after_av_heading  el_before_av_iconlist '><h3 class='av-special-heading-tag '  itemprop=\"headline\"  >Die Einzelheiten des Prozesses sind:<\/h3><div class=\"special-heading-border\"><div class=\"special-heading-inner-border\"><\/div><\/div><\/div>\n<div  class='avia-icon-list-container av-ek0izh-123cc18d83dc241b9f165ea162960c09  avia-builder-el-2  el_after_av_heading  el_before_av_heading '><ul class='avia-icon-list avia_animate_when_almost_visible avia-icon-list-left av-iconlist-big av-ek0izh-123cc18d83dc241b9f165ea162960c09 avia-iconlist-animate'>\n<li><div class='iconlist_icon av-8ufz8d-f728fb70770e8690deab7cc9fe23d3a0 avia-font-entypo-fontello'><span class='iconlist-char' aria-hidden='true' data-av_icon='\ue80b' data-av_iconfont='entypo-fontello'><\/span><\/div><article class=\"article-icon-entry \"  itemscope=\"itemscope\" itemtype=\"https:\/\/schema.org\/CreativeWork\" ><div class=\"iconlist_content_wrap\"><header class=\"entry-content-header\" aria-label=\"Icon: Er\u00f6rterung der Kundenbed\u00fcrfnisse \"><h4 class='av_iconlist_title iconlist_title  '  itemprop=\"headline\" >Er\u00f6rterung der Kundenbed\u00fcrfnisse <\/h4><\/header><div class='iconlist_content '  itemprop=\"text\" ><p>und Einigung \u00fcber Zeitplan\/Umfang\/Kosten des Projektes<\/p>\n<\/div><\/div><footer class=\"entry-footer\"><\/footer><\/article><div class=\"iconlist-timeline\"><\/div><\/li>\n<li><div class='iconlist_icon av-7wlwx9-bb36203f90e5af2a5170f94805750f65 avia-font-entypo-fontello'><span class='iconlist-char' aria-hidden='true' data-av_icon='\ue837' data-av_iconfont='entypo-fontello'><\/span><\/div><article class=\"article-icon-entry \"  itemscope=\"itemscope\" itemtype=\"https:\/\/schema.org\/CreativeWork\" ><div class=\"iconlist_content_wrap\"><header class=\"entry-content-header\" aria-label=\"Icon: \u00dcbersetzung\"><h4 class='av_iconlist_title iconlist_title  '  itemprop=\"headline\" >\u00dcbersetzung<\/h4><\/header><div class='iconlist_content '  itemprop=\"text\" ><p>stets von einem Muttersprachler durchgef\u00fchrt<\/p>\n<\/div><\/div><footer class=\"entry-footer\"><\/footer><\/article><div class=\"iconlist-timeline\"><\/div><\/li>\n<li><div class='iconlist_icon av-5izkf1-3b3d0d0dfcef6a981caa474c9ba7a8fb avia-font-entypo-fontello'><span class='iconlist-char' aria-hidden='true' data-av_icon='\ue84b' data-av_iconfont='entypo-fontello'><\/span><\/div><article class=\"article-icon-entry \"  itemscope=\"itemscope\" itemtype=\"https:\/\/schema.org\/CreativeWork\" ><div class=\"iconlist_content_wrap\"><header class=\"entry-content-header\" aria-label=\"Icon: Lektorat\"><h4 class='av_iconlist_title iconlist_title  '  itemprop=\"headline\" >Lektorat<\/h4><\/header><div class='iconlist_content '  itemprop=\"text\" ><p>stets von einem Muttersprachler durchgef\u00fchrt<\/p>\n<\/div><\/div><footer class=\"entry-footer\"><\/footer><\/article><div class=\"iconlist-timeline\"><\/div><\/li>\n<li><div class='iconlist_icon av-4gde4d-7e623bfd02fe66e19cede1c9259a7c18 avia-font-entypo-fontello'><span class='iconlist-char' aria-hidden='true' data-av_icon='\ue891' data-av_iconfont='entypo-fontello'><\/span><\/div><article class=\"article-icon-entry \"  itemscope=\"itemscope\" itemtype=\"https:\/\/schema.org\/CreativeWork\" ><div class=\"iconlist_content_wrap\"><header class=\"entry-content-header\" aria-label=\"Icon: Stichprobenpr\u00fcfung\"><h4 class='av_iconlist_title iconlist_title  '  itemprop=\"headline\" >Stichprobenpr\u00fcfung<\/h4><\/header><div class='iconlist_content '  itemprop=\"text\" ><p>+ Format\u00fcberpr\u00fcfung + \u00dcberpr\u00fcfung der Einhaltung kundenspezifischer Anforderungen<\/p>\n<\/div><\/div><footer class=\"entry-footer\"><\/footer><\/article><div class=\"iconlist-timeline\"><\/div><\/li>\n<li><div class='iconlist_icon av-2unf0t-2b0b22d5753662b349b6a4534ebec40a avia-font-entypo-fontello'><span class='iconlist-char' aria-hidden='true' data-av_icon='\ue82b' data-av_iconfont='entypo-fontello'><\/span><\/div><article class=\"article-icon-entry \"  itemscope=\"itemscope\" itemtype=\"https:\/\/schema.org\/CreativeWork\" ><div class=\"iconlist_content_wrap\"><header class=\"entry-content-header\" aria-label=\"Icon: Nachbereitende DTP-\u00dcberpr\u00fcfung\"><h4 class='av_iconlist_title iconlist_title  '  itemprop=\"headline\" >Nachbereitende DTP-\u00dcberpr\u00fcfung<\/h4><\/header><div class='iconlist_content '  itemprop=\"text\" ><p>Nachbereitende DTP-\u00dcberpr\u00fcfung<\/p>\n<\/div><\/div><footer class=\"entry-footer\"><\/footer><\/article><div class=\"iconlist-timeline\"><\/div><\/li>\n<\/ul><\/div>\n\n<style type=\"text\/css\" data-created_by=\"avia_inline_auto\" id=\"style-css-av-av_heading-c83a3facf9cd8adcbc536fc09d0f7ac3\">\n#top .av-special-heading.av-av_heading-c83a3facf9cd8adcbc536fc09d0f7ac3{\npadding-bottom:10px;\n}\nbody .av-special-heading.av-av_heading-c83a3facf9cd8adcbc536fc09d0f7ac3 .av-special-heading-tag .heading-char{\nfont-size:25px;\n}\n.av-special-heading.av-av_heading-c83a3facf9cd8adcbc536fc09d0f7ac3 .av-subheading{\nfont-size:15px;\n}\n<\/style>\n<div  class='av-special-heading av-av_heading-c83a3facf9cd8adcbc536fc09d0f7ac3 av-special-heading-h4 blockquote modern-quote  avia-builder-el-3  el_after_av_iconlist  el_before_av_promobox '><h4 class='av-special-heading-tag '  itemprop=\"headline\"  >Jedem Kunde wird ein pers\u00f6nlicher Projektkoordinator zugeteilt,<\/h4><div class='av-subheading av-subheading_below'><p>d. h. Ihre Kommunikation erfolgt ausschlie\u00dflich \u00fcber eine Person. Unsere Projektkoordinatoren sind zudem au\u00dferhalb der B\u00fcrozeiten zu erreichen, da wir \u00fcberzeugt sind, dass eine enge Zusammenarbeit mit unseren Kunden in jeder Projektphase einen hohen Beitrag zur Qualit\u00e4t des Endproduktes liefert.<\/p>\n<\/div><div class=\"special-heading-border\"><div class=\"special-heading-inner-border\"><\/div><\/div><\/div>\n<div  class='av_promobox av-20vqrx-d127f55d1aee711ddd80918c1be9c822 avia-button-yes  avia-builder-el-4  el_after_av_heading  avia-builder-el-last '><div class='avia-promocontent'><p>\nWenn Sie mehr \u00fcber unseren Qualit\u00e4tsprozess erfahren m\u00f6chten, kontaktieren Sie uns bitte.<\/p>\n<\/div><div  class='avia-button-wrap av-20vqrx-052dfac68102d9787822fc592b29e4dd-wrap avia-button-right '><a href='https:\/\/elmenta.com\/de\/kontakt\/'  class='avia-button av-20vqrx-052dfac68102d9787822fc592b29e4dd av-link-btn avia-icon_select-yes-left-icon avia-size-large avia-position-right avia-color-theme-color'   aria-label=\"E-mail\"><span class='avia_button_icon avia_button_icon_left' aria-hidden='true' data-av_icon='\ue805' data-av_iconfont='entypo-fontello'><\/span><span class='avia_iconbox_title' >E-mail<\/span><\/a><\/div><\/div>\n","protected":false},"excerpt":{"rendered":"","protected":false},"author":2,"featured_media":0,"parent":0,"menu_order":300,"comment_status":"closed","ping_status":"closed","template":"","meta":{"footnotes":""},"class_list":["post-3389","page","type-page","status-publish","hentry"],"_links":{"self":[{"href":"https:\/\/elmenta.com\/de\/wp-json\/wp\/v2\/pages\/3389"}],"collection":[{"href":"https:\/\/elmenta.com\/de\/wp-json\/wp\/v2\/pages"}],"about":[{"href":"https:\/\/elmenta.com\/de\/wp-json\/wp\/v2\/types\/page"}],"author":[{"embeddable":true,"href":"https:\/\/elmenta.com\/de\/wp-json\/wp\/v2\/users\/2"}],"replies":[{"embeddable":true,"href":"https:\/\/elmenta.com\/de\/wp-json\/wp\/v2\/comments?post=3389"}],"version-history":[{"count":5,"href":"https:\/\/elmenta.com\/de\/wp-json\/wp\/v2\/pages\/3389\/revisions"}],"predecessor-version":[{"id":3537,"href":"https:\/\/elmenta.com\/de\/wp-json\/wp\/v2\/pages\/3389\/revisions\/3537"}],"wp:attachment":[{"href":"https:\/\/elmenta.com\/de\/wp-json\/wp\/v2\/media?parent=3389"}],"curies":[{"name":"wp","href":"https:\/\/api.w.org\/{rel}","templated":true}]}}