{"id":3006,"date":"2018-09-28T16:58:54","date_gmt":"2018-09-28T16:58:54","guid":{"rendered":"https:\/\/elmenta.com\/?page_id=3006"},"modified":"2018-10-08T13:23:01","modified_gmt":"2018-10-08T13:23:01","slug":"desktop-publishing-dtp","status":"publish","type":"page","link":"https:\/\/elmenta.com\/de\/dienstleistungen\/desktop-publishing-dtp\/","title":{"rendered":"Desktop-Publishing (DTP)"},"content":{"rendered":"<section  class='av_textblock_section av-av_textblock-aaf3a53f7e22769a7798f31e42769683 '   itemscope=\"itemscope\" itemtype=\"https:\/\/schema.org\/CreativeWork\" ><div class='avia_textblock'  itemprop=\"text\" ><p>Wenn Sie eine Brosch\u00fcre, ein Handbuch oder eine sonstige Dokumentenart mit Bildern und Layout \u00fcbersetzen lassen, werden Sie h\u00f6chstwahrscheinlich DTP-Dienstleistungen ben\u00f6tigen.<\/p>\n<p>Im Verlauf des \u00dcbersetzungsverfahrens wird das Layout des Quelldokuments oftmals besch\u00e4digt, da die Sprachen in ihrer &#8222;Breite&#8220; variieren.\u00a0 Wir bieten aus diesem Grund eine DTP-Nachbereitung der \u00dcbersetzung an, um die \u00dcbersetzung erneut in Ihr Dokument einzuf\u00fcgen und das Layout der Quellversion anzupassen.<\/p>\n<p>Wir arbeiten mit den meisten bekannten Softwareprogrammen, wie:<\/p>\n<ul>\n<li><i>Quark XPress<\/i><\/li>\n<li><i>Adobe InDesign<\/i><\/li>\n<li><i>Adobe PageMaker<\/i><\/li>\n<li><i>Adobe FrameMaker\u00a0<\/i><\/li>\n<li><i>Corel<\/i><\/li>\n<\/ul>\n<p><i>\u00a0<\/i><\/p>\n<p><a href=\"mailto:sales@elmenta.com\">Kontaktieren Sie uns<\/a> gerne, wenn Sie mehr erfahren m\u00f6chten \u00fcber unser DTP-Leistungsangebot!<\/p>\n<\/div><\/section>\n","protected":false},"excerpt":{"rendered":"","protected":false},"author":1,"featured_media":0,"parent":2976,"menu_order":240,"comment_status":"closed","ping_status":"closed","template":"","meta":{"footnotes":""},"class_list":["post-3006","page","type-page","status-publish","hentry"],"_links":{"self":[{"href":"https:\/\/elmenta.com\/de\/wp-json\/wp\/v2\/pages\/3006"}],"collection":[{"href":"https:\/\/elmenta.com\/de\/wp-json\/wp\/v2\/pages"}],"about":[{"href":"https:\/\/elmenta.com\/de\/wp-json\/wp\/v2\/types\/page"}],"author":[{"embeddable":true,"href":"https:\/\/elmenta.com\/de\/wp-json\/wp\/v2\/users\/1"}],"replies":[{"embeddable":true,"href":"https:\/\/elmenta.com\/de\/wp-json\/wp\/v2\/comments?post=3006"}],"version-history":[{"count":1,"href":"https:\/\/elmenta.com\/de\/wp-json\/wp\/v2\/pages\/3006\/revisions"}],"predecessor-version":[{"id":3007,"href":"https:\/\/elmenta.com\/de\/wp-json\/wp\/v2\/pages\/3006\/revisions\/3007"}],"up":[{"embeddable":true,"href":"https:\/\/elmenta.com\/de\/wp-json\/wp\/v2\/pages\/2976"}],"wp:attachment":[{"href":"https:\/\/elmenta.com\/de\/wp-json\/wp\/v2\/media?parent=3006"}],"curies":[{"name":"wp","href":"https:\/\/api.w.org\/{rel}","templated":true}]}}