{"id":2996,"date":"2018-09-28T16:45:11","date_gmt":"2018-09-28T16:45:11","guid":{"rendered":"https:\/\/elmenta.com\/?page_id=2996"},"modified":"2018-10-08T13:22:52","modified_gmt":"2018-10-08T13:22:52","slug":"lektorat","status":"publish","type":"page","link":"https:\/\/elmenta.com\/de\/dienstleistungen\/lektorat\/","title":{"rendered":"Lektorat"},"content":{"rendered":"<section  class='av_textblock_section av-av_textblock-aaf3a53f7e22769a7798f31e42769683 '   itemscope=\"itemscope\" itemtype=\"https:\/\/schema.org\/CreativeWork\" ><div class='avia_textblock'  itemprop=\"text\" ><p>Lektorat ist ein Verfahren, das darauf abzielt, Produktionsfehler zu erkennen und zu korrigieren. Es ist eine sehr ernste und wichtige Aufgabe, da sie in der Regel den letzten Schritt der Typoproduktion vor der Ver\u00f6ffentlichung darstellt.<\/p>\n<p>Unsere Lektoratsdienste umfassen:<\/p>\n<ul>\n<li>Korrektur von Fehlern in der Rechtschreibung, Grammatik, Zeichensetzung und mechanischen Fehlern;<\/li>\n<li>Gew\u00e4hrleistung der Einheitlichkeit von Terminologie und Stil;<\/li>\n<li>Gew\u00e4hrleistung der Einheitlichkeit von Seitenlayout und Schriftarten;<\/li>\n<li>Anpassung an die sprachlichen Normen einer Sprache.<\/li>\n<\/ul>\n<p>Alle Lektoratsdienste werden von Linguisten ausgef\u00fchrt, die Muttersprachler der Zielsprache sind, sodass es uns m\u00f6glich ist, ein Endprodukt in ausgezeichneter Qualit\u00e4t zu garantieren.<\/p>\n<p><a href=\"mailto:sales@elmenta.com\">Kontaktieren Sie uns<\/a> gerne, wenn Sie mehr erfahren m\u00f6chten \u00fcber unseren Lektoratsservice!<\/p>\n<\/div><\/section>\n","protected":false},"excerpt":{"rendered":"","protected":false},"author":1,"featured_media":0,"parent":2976,"menu_order":230,"comment_status":"closed","ping_status":"closed","template":"","meta":{"footnotes":""},"class_list":["post-2996","page","type-page","status-publish","hentry"],"_links":{"self":[{"href":"https:\/\/elmenta.com\/de\/wp-json\/wp\/v2\/pages\/2996"}],"collection":[{"href":"https:\/\/elmenta.com\/de\/wp-json\/wp\/v2\/pages"}],"about":[{"href":"https:\/\/elmenta.com\/de\/wp-json\/wp\/v2\/types\/page"}],"author":[{"embeddable":true,"href":"https:\/\/elmenta.com\/de\/wp-json\/wp\/v2\/users\/1"}],"replies":[{"embeddable":true,"href":"https:\/\/elmenta.com\/de\/wp-json\/wp\/v2\/comments?post=2996"}],"version-history":[{"count":2,"href":"https:\/\/elmenta.com\/de\/wp-json\/wp\/v2\/pages\/2996\/revisions"}],"predecessor-version":[{"id":3368,"href":"https:\/\/elmenta.com\/de\/wp-json\/wp\/v2\/pages\/2996\/revisions\/3368"}],"up":[{"embeddable":true,"href":"https:\/\/elmenta.com\/de\/wp-json\/wp\/v2\/pages\/2976"}],"wp:attachment":[{"href":"https:\/\/elmenta.com\/de\/wp-json\/wp\/v2\/media?parent=2996"}],"curies":[{"name":"wp","href":"https:\/\/api.w.org\/{rel}","templated":true}]}}