{"id":2989,"date":"2018-09-28T16:38:55","date_gmt":"2018-09-28T16:38:55","guid":{"rendered":"https:\/\/elmenta.com\/?page_id=2989"},"modified":"2018-10-08T13:22:42","modified_gmt":"2018-10-08T13:22:42","slug":"lokalisierung","status":"publish","type":"page","link":"https:\/\/elmenta.com\/de\/dienstleistungen\/lokalisierung\/","title":{"rendered":"Lokalisierung"},"content":{"rendered":"<section  class='av_textblock_section av-av_textblock-aaf3a53f7e22769a7798f31e42769683 '   itemscope=\"itemscope\" itemtype=\"https:\/\/schema.org\/CreativeWork\" ><div class='avia_textblock'  itemprop=\"text\" ><p>Lokalisierung ist das Verfahren, eine Produktbeschreibung in unterschiedliche Sprachen zu \u00fcbersetzen oder eine Sprache f\u00fcr ein bestimmtes Land oder ein bestimmtes Gebiet anzupassen.\u00a0 Es unterscheidet sich von der \u00dcbersetzung insofern, dass es eine umfassende Untersuchung der Zielkultur erfordert, um das Produkt den jeweiligen regionalen Bed\u00fcrfnissen anzupassen. Dies kann f\u00fcr eine bestimmte Sprache bedeuten, dass der Schwerpunkt auf Grammatik- und Rechtschreibschwierigkeiten liegt, dass Grafiken angepasst, regionale W\u00e4hrungen angewendet, ein entsprechendes Format f\u00fcr Datum, Adressen und Telefonnummern gew\u00e4hlt wird, etc.<\/p>\n<p>Der Lokalisierungsprozess findet in der Regel bei \u00dcbersetzungen und kultureller Angleichung von Software, Videos, PC-Spielen und Webseiten Anwendung.<\/p>\n<p>Wir verf\u00fcgen \u00fcber umfassend Erfahrung und bieten unsere Lokalisierungsdienste f\u00fcr Computersoftware, Webseiten, technische Handb\u00fccher, Marketingunterlagen sowie weitere Produkte und Dienstleistungen an.<\/p>\n<p>Bitte\u00a0<a href=\"mailto:sales@elmenta.com\">kontaktieren Sie uns\u00a0<\/a>, wenn Sie mehr erfahren m\u00f6chten \u00fcber unsere Optionen zur Lokalisierung .<\/p>\n<\/div><\/section>\n","protected":false},"excerpt":{"rendered":"","protected":false},"author":1,"featured_media":0,"parent":2976,"menu_order":220,"comment_status":"closed","ping_status":"closed","template":"","meta":{"footnotes":""},"class_list":["post-2989","page","type-page","status-publish","hentry"],"_links":{"self":[{"href":"https:\/\/elmenta.com\/de\/wp-json\/wp\/v2\/pages\/2989"}],"collection":[{"href":"https:\/\/elmenta.com\/de\/wp-json\/wp\/v2\/pages"}],"about":[{"href":"https:\/\/elmenta.com\/de\/wp-json\/wp\/v2\/types\/page"}],"author":[{"embeddable":true,"href":"https:\/\/elmenta.com\/de\/wp-json\/wp\/v2\/users\/1"}],"replies":[{"embeddable":true,"href":"https:\/\/elmenta.com\/de\/wp-json\/wp\/v2\/comments?post=2989"}],"version-history":[{"count":1,"href":"https:\/\/elmenta.com\/de\/wp-json\/wp\/v2\/pages\/2989\/revisions"}],"predecessor-version":[{"id":2990,"href":"https:\/\/elmenta.com\/de\/wp-json\/wp\/v2\/pages\/2989\/revisions\/2990"}],"up":[{"embeddable":true,"href":"https:\/\/elmenta.com\/de\/wp-json\/wp\/v2\/pages\/2976"}],"wp:attachment":[{"href":"https:\/\/elmenta.com\/de\/wp-json\/wp\/v2\/media?parent=2989"}],"curies":[{"name":"wp","href":"https:\/\/api.w.org\/{rel}","templated":true}]}}